{"id":1942,"date":"2016-06-03T13:59:01","date_gmt":"2016-06-03T13:59:01","guid":{"rendered":"https:\/\/marina-inc.com\/fr\/redmax-sprayers\/"},"modified":"2016-09-22T22:18:39","modified_gmt":"2016-09-22T22:18:39","slug":"pulverisateurs-redmax","status":"publish","type":"page","link":"https:\/\/marina-inc.com\/fr\/pulverisateurs-redmax\/","title":{"rendered":"Pulv\u00e9risateurs RedMax"},"content":{"rendered":"<div class=\"wpb-content-wrapper\"><p>[vc_row bg_color=\u00a0\u00bb#f9f9f9&Prime; top_padding=\u00a0\u00bb50&Prime;][vc_column width=\u00a0\u00bb1\/1&Prime;]\n\t\t<div class=\"portfolio-element\">\n\n\t\t\n\t\t\t\t\t<div class=\"container\">\n\t\t\n\t\t\t\t\t<div id=\"2004280951\" class=\"portfolio-items portfolio-default portfolio-overlay-icon clearfix\" data-id=\"2004280951\">  \n\t\t\t\t\t\t\n\t\t\t\t\t\t\t\n\t\t\t\t\t\t\t\n\t\t\t\t\t\t\n\t\t\t\t\t\t\t\t\t\t\t\t\t\t\t\t\n\t\t\t\t\t\t\t\t   \n\n\t\t\t\t\t\t\t\t<div class=\"term-pulverisateurs portfolio-item four columns\">\n\t\t\t\t\t\t\t\t\t<div class=\"portfolio-image\"><a href=\"https:\/\/marina-inc.com\/fr\/equipment\/redmax-rde40s-pulverisateur-a-dos-professionnel\/\" title=\"RedMax RDE40S Pulv\u00e9risateur \u00e0 Dos Professionnel\"><div class=\"portfolio-image-img\"><img decoding=\"async\" src=\"https:\/\/marina-inc.com\/wp-content\/uploads\/2016\/05\/RedMax-RDE40S-Professional-Backpack-Sprayer-600x400.jpg\" alt=\"RedMax RDE40S Pulv\u00e9risateur \u00e0 Dos Professionnel\" \/><\/div><div class=\"portfolio-overlay overlay-icon\"><\/div><i class=\"icon-minti-plus\"><\/i><\/a><\/div>\n\t\t\t\t\t\t\t\t\t<h4><a href=\"https:\/\/marina-inc.com\/fr\/equipment\/redmax-rde40s-pulverisateur-a-dos-professionnel\/\" title=\"RedMax RDE40S Pulv\u00e9risateur \u00e0 Dos Professionnel\">RedMax RDE40S Pulv\u00e9risateur \u00e0 Dos Professionnel<\/a><\/h4>\n\t\t\t\t\t\t\t\t\t<span class=\"portfolio-subtitle\"><\/span>\n\t\t\t\t\t\t\t\t<\/div>\n\n\t\t\t\t\t\t\t\t\t\t\t\t  \n\t\t\t\t\t\t\n\t\t\t\t\t\t\t\n\t\t\t\t\t\t\t\n\t\t\t\t\t\t\n\t\t\t\t\t\t\t\t\t\t\t\t\t\t\t\t\n\t\t\t\t\t\t\t\t   \n\n\t\t\t\t\t\t\t\t<div class=\"term-pulverisateurs portfolio-item four columns\">\n\t\t\t\t\t\t\t\t\t<div class=\"portfolio-image\"><a href=\"https:\/\/marina-inc.com\/fr\/equipment\/redmax-hm20-pulverisateur-manuel\/\" title=\"RedMax HM20 Pulv\u00e9risateur Manuel\"><div class=\"portfolio-image-img\"><img decoding=\"async\" src=\"https:\/\/marina-inc.com\/wp-content\/uploads\/2016\/05\/RedMax-HM20-HANDHELD-600x400.jpg\" alt=\"RedMax HM20 Pulv\u00e9risateur Manuel\" \/><\/div><div class=\"portfolio-overlay overlay-icon\"><\/div><i class=\"icon-minti-plus\"><\/i><\/a><\/div>\n\t\t\t\t\t\t\t\t\t<h4><a href=\"https:\/\/marina-inc.com\/fr\/equipment\/redmax-hm20-pulverisateur-manuel\/\" title=\"RedMax HM20 Pulv\u00e9risateur Manuel\">RedMax HM20 Pulv\u00e9risateur Manuel<\/a><\/h4>\n\t\t\t\t\t\t\t\t\t<span class=\"portfolio-subtitle\"><\/span>\n\t\t\t\t\t\t\t\t<\/div>\n\n\t\t\t\t\t\t\t\t\t\t\t\t  \n\t\t\t\t\t\t\n\t\t\t\t\t\t\t\n\t\t\t\t\t\t\t\n\t\t\t\t\t\t\n\t\t\t\t\t\t\t\t\t\t\t\t\t\t\t\t\n\t\t\t\t\t\t\t\t   \n\n\t\t\t\t\t\t\t\t<div class=\"term-pulverisateurs portfolio-item four columns\">\n\t\t\t\t\t\t\t\t\t<div class=\"portfolio-image\"><a href=\"https:\/\/marina-inc.com\/fr\/equipment\/bm46i-pulverisateur-professionnel\/\" title=\"BM46I Pulv\u00e9risateur Professionnel\"><div class=\"portfolio-image-img\"><img decoding=\"async\" src=\"https:\/\/marina-inc.com\/wp-content\/uploads\/2016\/05\/BM46I-Professional-Backpack-Sprayer-600x400.jpg\" alt=\"BM46I Pulv\u00e9risateur Professionnel\" \/><\/div><div class=\"portfolio-overlay overlay-icon\"><\/div><i class=\"icon-minti-plus\"><\/i><\/a><\/div>\n\t\t\t\t\t\t\t\t\t<h4><a href=\"https:\/\/marina-inc.com\/fr\/equipment\/bm46i-pulverisateur-professionnel\/\" title=\"BM46I Pulv\u00e9risateur Professionnel\">BM46I Pulv\u00e9risateur Professionnel<\/a><\/h4>\n\t\t\t\t\t\t\t\t\t<span class=\"portfolio-subtitle\"><\/span>\n\t\t\t\t\t\t\t\t<\/div>\n\n\t\t\t\t\t\t\t\t\t\t\t\t  \n\t\t\t\t\t\t\t\t\t\t\t<\/div>\n\n\t\t\t\t\t<\/div>\n\t\t\n\t\t<\/div>\n\t\t\t\n\t\t\t\t\n\t\t[\/vc_column][\/vc_row][vc_row top_padding=\u00a0\u00bb50&Prime; bottom_padding=\u00a0\u00bb50&Prime;][vc_column width=\u00a0\u00bb1\/1&Prime;][vc_column_text]<img decoding=\"async\" class=\"alignright size-full wp-image-969\" src=\"https:\/\/marina-inc.com\/wp-content\/uploads\/2016\/06\/redmax-logo.png\" alt=\"RedMax\" width=\"199\" height=\"77\" \/><\/p>\n<h1>RedMax\u00a0Souffleuses<\/h1>\n<p>Consid\u00e9r\u00e9 comme un chef de l&rsquo;industrie dans la performance, la durabilit\u00e9 et la s\u00e9lection, RedMax souffleuses \u00e0 feuilles de portable et sac \u00e0 dos sont efficaces, puissant et facile \u00e0 utiliser.<\/p>\n<p>Souffleuses portatives ont une construction l\u00e9g\u00e8re et sont extr\u00eamement bien \u00e9quilibr\u00e9s pour faciliter la manipulation.<\/p>\n<p>Les diverses parties du sac \u00e0 dos sont \u00e9quip\u00e9es de vitesse variable \u00e9tranglements du r\u00e9gulateur de vitesse et bretelles extralarges et un coussin d&rsquo;air forc\u00e9, amorti arri\u00e8re profil\u00e9 qui maintient les utilisateurs refroidir dans le domaine. Souffleuses RedMax a uniquement des moteurs de qualit\u00e9 commerciale avec de grands filtres \u00e0 air \u00e0 2 \u00e9tages pour une longue dur\u00e9e de vie. La plupart des mod\u00e8les incluent notre technologie de moteur Strato-Charged brevet\u00e9. Toutes les souffleuses sont \u00e9quip\u00e9es d\u2019un large balayage de rotation du coude pour la mobilit\u00e9 de commande complet et la maniabilit\u00e9, m\u00eame par temps froid. Les mod\u00e8les commerciaux sont \u00e9quip\u00e9s de d\u00e9bit d&rsquo;air libre net, ce qui r\u00e9duit le blocage d&rsquo;admission d&rsquo;air fournissant une performance maximale de soufflage.[\/vc_column_text][\/vc_column][\/vc_row]<\/p>\n<\/div>","protected":false},"excerpt":{"rendered":"<p>[vc_row bg_color=\u00a0\u00bb#f9f9f9&Prime; top_padding=\u00a0\u00bb50&Prime;][vc_column width=\u00a0\u00bb1\/1&Prime;][\/vc_column][\/vc_row][vc_row top_padding=\u00a0\u00bb50&Prime; bottom_padding=\u00a0\u00bb50&Prime;][vc_column width=\u00a0\u00bb1\/1&Prime;][vc_column_text] RedMax\u00a0Souffleuses Consid\u00e9r\u00e9 comme un chef de l&rsquo;industrie dans la performance, la durabilit\u00e9 et la s\u00e9lection, RedMax souffleuses \u00e0 feuilles de portable et sac \u00e0 dos sont efficaces, puissant et facile \u00e0 utiliser. Souffleuses portatives ont une construction l\u00e9g\u00e8re et sont extr\u00eamement bien \u00e9quilibr\u00e9s pour faciliter la manipulation. Les diverses parties du sac \u00e0 dos sont \u00e9quip\u00e9es de vitesse variable \u00e9tranglements du r\u00e9gulateur de vitesse et bretelles extralarges et un coussin d&rsquo;air forc\u00e9, amorti arri\u00e8re profil\u00e9 qui maintient les utilisateurs refroidir dans le domaine. Souffleuses RedMax a uniquement des moteurs de qualit\u00e9 commerciale avec de grands filtres \u00e0 air \u00e0 2 \u00e9tages pour une longue dur\u00e9e de vie. La plupart des mod\u00e8les incluent notre technologie de moteur Strato-Charged brevet\u00e9. Toutes les souffleuses sont \u00e9quip\u00e9es d\u2019un large balayage de rotation du coude pour la mobilit\u00e9 de commande complet et la maniabilit\u00e9, m\u00eame par temps froid. Les mod\u00e8les commerciaux sont \u00e9quip\u00e9s de d\u00e9bit d&rsquo;air libre net, ce qui r\u00e9duit le blocage d&rsquo;admission d&rsquo;air fournissant une performance maximale de soufflage.[\/vc_column_text][\/vc_column][\/vc_row]<\/p>\n","protected":false},"author":3,"featured_media":812,"parent":0,"menu_order":0,"comment_status":"closed","ping_status":"closed","template":"","meta":{"footnotes":""},"class_list":["post-1942","page","type-page","status-publish","has-post-thumbnail","hentry"],"yoast_head":"<!-- This site is optimized with the Yoast SEO plugin v27.4 - https:\/\/yoast.com\/product\/yoast-seo-wordpress\/ -->\n<title>Pulv\u00e9risateurs RedMax - Marina Inc.<\/title>\n<meta name=\"description\" content=\"An Ariens Deluxe Sno-Thro snow blower is designed from the ground up to maximize performance and incorporates 14&quot; impellers.\" \/>\n<meta name=\"robots\" content=\"index, follow, max-snippet:-1, max-image-preview:large, max-video-preview:-1\" \/>\n<link rel=\"canonical\" href=\"https:\/\/marina-inc.com\/fr\/pulverisateurs-redmax\/\" \/>\n<meta property=\"og:locale\" content=\"fr_FR\" \/>\n<meta property=\"og:type\" content=\"article\" \/>\n<meta property=\"og:title\" content=\"Pulv\u00e9risateurs RedMax - Marina Inc.\" \/>\n<meta property=\"og:description\" content=\"An Ariens Deluxe Sno-Thro snow blower is designed from the ground up to maximize performance and incorporates 14&quot; impellers.\" \/>\n<meta property=\"og:url\" content=\"https:\/\/marina-inc.com\/fr\/pulverisateurs-redmax\/\" \/>\n<meta property=\"og:site_name\" content=\"Marina Inc.\" \/>\n<meta property=\"article:publisher\" content=\"https:\/\/www.facebook.com\/marinainc.ca\/\" \/>\n<meta property=\"article:modified_time\" content=\"2016-09-22T22:18:39+00:00\" \/>\n<meta property=\"og:image\" content=\"https:\/\/marina-inc.com\/wp-content\/uploads\/2016\/05\/BM46I-Professional-Backpack-Sprayer.jpg\" \/>\n\t<meta property=\"og:image:width\" content=\"800\" \/>\n\t<meta property=\"og:image:height\" content=\"533\" \/>\n\t<meta property=\"og:image:type\" content=\"image\/jpeg\" \/>\n<meta name=\"twitter:card\" content=\"summary_large_image\" \/>\n<meta name=\"twitter:label1\" content=\"Dur\u00e9e de lecture estim\u00e9e\" \/>\n\t<meta name=\"twitter:data1\" content=\"1 minute\" \/>\n<script type=\"application\/ld+json\" class=\"yoast-schema-graph\">{\"@context\":\"https:\\\/\\\/schema.org\",\"@graph\":[{\"@type\":\"WebPage\",\"@id\":\"https:\\\/\\\/marina-inc.com\\\/fr\\\/pulverisateurs-redmax\\\/\",\"url\":\"https:\\\/\\\/marina-inc.com\\\/fr\\\/pulverisateurs-redmax\\\/\",\"name\":\"Pulv\u00e9risateurs RedMax - Marina Inc.\",\"isPartOf\":{\"@id\":\"https:\\\/\\\/marina-inc.com\\\/#website\"},\"primaryImageOfPage\":{\"@id\":\"https:\\\/\\\/marina-inc.com\\\/fr\\\/pulverisateurs-redmax\\\/#primaryimage\"},\"image\":{\"@id\":\"https:\\\/\\\/marina-inc.com\\\/fr\\\/pulverisateurs-redmax\\\/#primaryimage\"},\"thumbnailUrl\":\"https:\\\/\\\/marina-inc.com\\\/wp-content\\\/uploads\\\/2016\\\/05\\\/BM46I-Professional-Backpack-Sprayer.jpg\",\"datePublished\":\"2016-06-03T13:59:01+00:00\",\"dateModified\":\"2016-09-22T22:18:39+00:00\",\"description\":\"An Ariens Deluxe Sno-Thro snow blower is designed from the ground up to maximize performance and incorporates 14\\\" impellers.\",\"breadcrumb\":{\"@id\":\"https:\\\/\\\/marina-inc.com\\\/fr\\\/pulverisateurs-redmax\\\/#breadcrumb\"},\"inLanguage\":\"fr-FR\",\"potentialAction\":[{\"@type\":\"ReadAction\",\"target\":[\"https:\\\/\\\/marina-inc.com\\\/fr\\\/pulverisateurs-redmax\\\/\"]}]},{\"@type\":\"ImageObject\",\"inLanguage\":\"fr-FR\",\"@id\":\"https:\\\/\\\/marina-inc.com\\\/fr\\\/pulverisateurs-redmax\\\/#primaryimage\",\"url\":\"https:\\\/\\\/marina-inc.com\\\/wp-content\\\/uploads\\\/2016\\\/05\\\/BM46I-Professional-Backpack-Sprayer.jpg\",\"contentUrl\":\"https:\\\/\\\/marina-inc.com\\\/wp-content\\\/uploads\\\/2016\\\/05\\\/BM46I-Professional-Backpack-Sprayer.jpg\",\"width\":800,\"height\":533},{\"@type\":\"BreadcrumbList\",\"@id\":\"https:\\\/\\\/marina-inc.com\\\/fr\\\/pulverisateurs-redmax\\\/#breadcrumb\",\"itemListElement\":[{\"@type\":\"ListItem\",\"position\":1,\"name\":\"Home\",\"item\":\"https:\\\/\\\/marina-inc.com\\\/fr\\\/\"},{\"@type\":\"ListItem\",\"position\":2,\"name\":\"Pulv\u00e9risateurs RedMax\"}]},{\"@type\":\"WebSite\",\"@id\":\"https:\\\/\\\/marina-inc.com\\\/#website\",\"url\":\"https:\\\/\\\/marina-inc.com\\\/\",\"name\":\"Marina Inc.\",\"description\":\"Landscape Materials and Equipment\",\"publisher\":{\"@id\":\"https:\\\/\\\/marina-inc.com\\\/#organization\"},\"potentialAction\":[{\"@type\":\"SearchAction\",\"target\":{\"@type\":\"EntryPoint\",\"urlTemplate\":\"https:\\\/\\\/marina-inc.com\\\/?s={search_term_string}\"},\"query-input\":{\"@type\":\"PropertyValueSpecification\",\"valueRequired\":true,\"valueName\":\"search_term_string\"}}],\"inLanguage\":\"fr-FR\"},{\"@type\":\"Organization\",\"@id\":\"https:\\\/\\\/marina-inc.com\\\/#organization\",\"name\":\"Marina Inc.\",\"alternateName\":\"Marina Inc.\",\"url\":\"https:\\\/\\\/marina-inc.com\\\/\",\"logo\":{\"@type\":\"ImageObject\",\"inLanguage\":\"fr-FR\",\"@id\":\"https:\\\/\\\/marina-inc.com\\\/#\\\/schema\\\/logo\\\/image\\\/\",\"url\":\"https:\\\/\\\/marina-inc.com\\\/wp-content\\\/uploads\\\/2016\\\/06\\\/marina-inc-logo.png\",\"contentUrl\":\"https:\\\/\\\/marina-inc.com\\\/wp-content\\\/uploads\\\/2016\\\/06\\\/marina-inc-logo.png\",\"width\":304,\"height\":82,\"caption\":\"Marina Inc.\"},\"image\":{\"@id\":\"https:\\\/\\\/marina-inc.com\\\/#\\\/schema\\\/logo\\\/image\\\/\"},\"sameAs\":[\"https:\\\/\\\/www.facebook.com\\\/marinainc.ca\\\/\"]}]}<\/script>\n<!-- \/ Yoast SEO plugin. -->","yoast_head_json":{"title":"Pulv\u00e9risateurs RedMax - Marina Inc.","description":"An Ariens Deluxe Sno-Thro snow blower is designed from the ground up to maximize performance and incorporates 14\" impellers.","robots":{"index":"index","follow":"follow","max-snippet":"max-snippet:-1","max-image-preview":"max-image-preview:large","max-video-preview":"max-video-preview:-1"},"canonical":"https:\/\/marina-inc.com\/fr\/pulverisateurs-redmax\/","og_locale":"fr_FR","og_type":"article","og_title":"Pulv\u00e9risateurs RedMax - Marina Inc.","og_description":"An Ariens Deluxe Sno-Thro snow blower is designed from the ground up to maximize performance and incorporates 14\" impellers.","og_url":"https:\/\/marina-inc.com\/fr\/pulverisateurs-redmax\/","og_site_name":"Marina Inc.","article_publisher":"https:\/\/www.facebook.com\/marinainc.ca\/","article_modified_time":"2016-09-22T22:18:39+00:00","og_image":[{"width":800,"height":533,"url":"https:\/\/marina-inc.com\/wp-content\/uploads\/2016\/05\/BM46I-Professional-Backpack-Sprayer.jpg","type":"image\/jpeg"}],"twitter_card":"summary_large_image","twitter_misc":{"Dur\u00e9e de lecture estim\u00e9e":"1 minute"},"schema":{"@context":"https:\/\/schema.org","@graph":[{"@type":"WebPage","@id":"https:\/\/marina-inc.com\/fr\/pulverisateurs-redmax\/","url":"https:\/\/marina-inc.com\/fr\/pulverisateurs-redmax\/","name":"Pulv\u00e9risateurs RedMax - Marina Inc.","isPartOf":{"@id":"https:\/\/marina-inc.com\/#website"},"primaryImageOfPage":{"@id":"https:\/\/marina-inc.com\/fr\/pulverisateurs-redmax\/#primaryimage"},"image":{"@id":"https:\/\/marina-inc.com\/fr\/pulverisateurs-redmax\/#primaryimage"},"thumbnailUrl":"https:\/\/marina-inc.com\/wp-content\/uploads\/2016\/05\/BM46I-Professional-Backpack-Sprayer.jpg","datePublished":"2016-06-03T13:59:01+00:00","dateModified":"2016-09-22T22:18:39+00:00","description":"An Ariens Deluxe Sno-Thro snow blower is designed from the ground up to maximize performance and incorporates 14\" impellers.","breadcrumb":{"@id":"https:\/\/marina-inc.com\/fr\/pulverisateurs-redmax\/#breadcrumb"},"inLanguage":"fr-FR","potentialAction":[{"@type":"ReadAction","target":["https:\/\/marina-inc.com\/fr\/pulverisateurs-redmax\/"]}]},{"@type":"ImageObject","inLanguage":"fr-FR","@id":"https:\/\/marina-inc.com\/fr\/pulverisateurs-redmax\/#primaryimage","url":"https:\/\/marina-inc.com\/wp-content\/uploads\/2016\/05\/BM46I-Professional-Backpack-Sprayer.jpg","contentUrl":"https:\/\/marina-inc.com\/wp-content\/uploads\/2016\/05\/BM46I-Professional-Backpack-Sprayer.jpg","width":800,"height":533},{"@type":"BreadcrumbList","@id":"https:\/\/marina-inc.com\/fr\/pulverisateurs-redmax\/#breadcrumb","itemListElement":[{"@type":"ListItem","position":1,"name":"Home","item":"https:\/\/marina-inc.com\/fr\/"},{"@type":"ListItem","position":2,"name":"Pulv\u00e9risateurs RedMax"}]},{"@type":"WebSite","@id":"https:\/\/marina-inc.com\/#website","url":"https:\/\/marina-inc.com\/","name":"Marina Inc.","description":"Landscape Materials and Equipment","publisher":{"@id":"https:\/\/marina-inc.com\/#organization"},"potentialAction":[{"@type":"SearchAction","target":{"@type":"EntryPoint","urlTemplate":"https:\/\/marina-inc.com\/?s={search_term_string}"},"query-input":{"@type":"PropertyValueSpecification","valueRequired":true,"valueName":"search_term_string"}}],"inLanguage":"fr-FR"},{"@type":"Organization","@id":"https:\/\/marina-inc.com\/#organization","name":"Marina Inc.","alternateName":"Marina Inc.","url":"https:\/\/marina-inc.com\/","logo":{"@type":"ImageObject","inLanguage":"fr-FR","@id":"https:\/\/marina-inc.com\/#\/schema\/logo\/image\/","url":"https:\/\/marina-inc.com\/wp-content\/uploads\/2016\/06\/marina-inc-logo.png","contentUrl":"https:\/\/marina-inc.com\/wp-content\/uploads\/2016\/06\/marina-inc-logo.png","width":304,"height":82,"caption":"Marina Inc."},"image":{"@id":"https:\/\/marina-inc.com\/#\/schema\/logo\/image\/"},"sameAs":["https:\/\/www.facebook.com\/marinainc.ca\/"]}]}},"_links":{"self":[{"href":"https:\/\/marina-inc.com\/fr\/wp-json\/wp\/v2\/pages\/1942","targetHints":{"allow":["GET"]}}],"collection":[{"href":"https:\/\/marina-inc.com\/fr\/wp-json\/wp\/v2\/pages"}],"about":[{"href":"https:\/\/marina-inc.com\/fr\/wp-json\/wp\/v2\/types\/page"}],"author":[{"embeddable":true,"href":"https:\/\/marina-inc.com\/fr\/wp-json\/wp\/v2\/users\/3"}],"replies":[{"embeddable":true,"href":"https:\/\/marina-inc.com\/fr\/wp-json\/wp\/v2\/comments?post=1942"}],"version-history":[{"count":0,"href":"https:\/\/marina-inc.com\/fr\/wp-json\/wp\/v2\/pages\/1942\/revisions"}],"wp:featuredmedia":[{"embeddable":true,"href":"https:\/\/marina-inc.com\/fr\/wp-json\/wp\/v2\/media\/812"}],"wp:attachment":[{"href":"https:\/\/marina-inc.com\/fr\/wp-json\/wp\/v2\/media?parent=1942"}],"curies":[{"name":"wp","href":"https:\/\/api.w.org\/{rel}","templated":true}]}}