{"id":1931,"date":"2016-03-24T15:47:09","date_gmt":"2016-03-24T15:47:09","guid":{"rendered":"https:\/\/marina-inc.com\/fr\/gravely-walk-behind-lawn-mowers\/"},"modified":"2021-02-02T17:44:41","modified_gmt":"2021-02-02T22:44:41","slug":"tondeuses-frontales-gravely","status":"publish","type":"page","link":"https:\/\/marina-inc.com\/fr\/tondeuses-frontales-gravely\/","title":{"rendered":"Tondeuses frontales Gravely"},"content":{"rendered":"<div class=\"wpb-content-wrapper\"><p>[vc_row bg_color=\u00a0\u00bb#f9f9f9&Prime; top_padding=\u00a0\u00bb50&Prime;][vc_column width=\u00a0\u00bb1\/1&Prime;]\n\t\t<div class=\"portfolio-element\">\n\n\t\t\n\t\t\t\t\t<div class=\"container\">\n\t\t\n\t\t\t\t\t<div id=\"1423998932\" class=\"portfolio-items portfolio-default portfolio-overlay-icon clearfix\" data-id=\"1423998932\">  \n\t\t\t\t\t\t\n\t\t\t\t\t\t\t\n\t\t\t\t\t\t\t\n\t\t\t\t\t\t\n\t\t\t\t\t\t\t\t\t\t\t\t\t\t\t\t\n\t\t\t\t\t\t\t\t   \n\n\t\t\t\t\t\t\t\t<div class=\"term-walk-behind-fr portfolio-item four columns\">\n\t\t\t\t\t\t\t\t\t<div class=\"portfolio-image\"><a href=\"https:\/\/marina-inc.com\/fr\/equipment\/gravely-pro-xqt-tondeuse-a-gazon\/\" title=\"GRAVELY PRO-XQT Tondeuse \u00e0 Gazon\"><div class=\"portfolio-image-img\"><img decoding=\"async\" src=\"https:\/\/marina-inc.com\/wp-content\/uploads\/2021\/02\/PRO_XQT-600x400.jpg\" alt=\"GRAVELY PRO-XQT Tondeuse \u00e0 Gazon\" \/><\/div><div class=\"portfolio-overlay overlay-icon\"><\/div><i class=\"icon-minti-plus\"><\/i><\/a><\/div>\n\t\t\t\t\t\t\t\t\t<h4><a href=\"https:\/\/marina-inc.com\/fr\/equipment\/gravely-pro-xqt-tondeuse-a-gazon\/\" title=\"GRAVELY PRO-XQT Tondeuse \u00e0 Gazon\">GRAVELY PRO-XQT Tondeuse \u00e0 Gazon<\/a><\/h4>\n\t\t\t\t\t\t\t\t\t<span class=\"portfolio-subtitle\"><\/span>\n\t\t\t\t\t\t\t\t<\/div>\n\n\t\t\t\t\t\t\t\t\t\t\t\t  \n\t\t\t\t\t\t\n\t\t\t\t\t\t\t\n\t\t\t\t\t\t\t\n\t\t\t\t\t\t\n\t\t\t\t\t\t\t\t\t\t\t\t\t\t\t\t\n\t\t\t\t\t\t\t\t   \n\n\t\t\t\t\t\t\t\t<div class=\"term-walk-behind-fr portfolio-item four columns\">\n\t\t\t\t\t\t\t\t\t<div class=\"portfolio-image\"><a href=\"https:\/\/marina-inc.com\/fr\/equipment\/gravely-pro-walk-gear-drive\/\" title=\"Gravely Pro-Walk Gear Drive Tondeuse \u00e0 Gazon\"><div class=\"portfolio-image-img\"><img decoding=\"async\" src=\"https:\/\/marina-inc.com\/wp-content\/uploads\/2016\/06\/Pro_Walk_Gear-600x400.jpg\" alt=\"Gravely Pro-Walk Gear Drive Tondeuse \u00e0 Gazon\" \/><\/div><div class=\"portfolio-overlay overlay-icon\"><\/div><i class=\"icon-minti-plus\"><\/i><\/a><\/div>\n\t\t\t\t\t\t\t\t\t<h4><a href=\"https:\/\/marina-inc.com\/fr\/equipment\/gravely-pro-walk-gear-drive\/\" title=\"Gravely Pro-Walk Gear Drive Tondeuse \u00e0 Gazon\">Gravely Pro-Walk Gear Drive Tondeuse \u00e0 Gazon<\/a><\/h4>\n\t\t\t\t\t\t\t\t\t<span class=\"portfolio-subtitle\"><\/span>\n\t\t\t\t\t\t\t\t<\/div>\n\n\t\t\t\t\t\t\t\t\t\t\t\t  \n\t\t\t\t\t\t\n\t\t\t\t\t\t\t\n\t\t\t\t\t\t\t\n\t\t\t\t\t\t\n\t\t\t\t\t\t\t\t\t\t\t\t\t\t\t\t\n\t\t\t\t\t\t\t\t   \n\n\t\t\t\t\t\t\t\t<div class=\"term-walk-behind-fr portfolio-item four columns\">\n\t\t\t\t\t\t\t\t\t<div class=\"portfolio-image\"><a href=\"https:\/\/marina-inc.com\/fr\/equipment\/gravely-pro-walk-hydro-drive\/\" title=\"Gravely Pro-Walk Hydro Drive\"><div class=\"portfolio-image-img\"><img decoding=\"async\" src=\"https:\/\/marina-inc.com\/wp-content\/uploads\/2016\/06\/Pro_Walk_Hydro-600x400.jpg\" alt=\"Gravely Pro-Walk Hydro Drive\" \/><\/div><div class=\"portfolio-overlay overlay-icon\"><\/div><i class=\"icon-minti-plus\"><\/i><\/a><\/div>\n\t\t\t\t\t\t\t\t\t<h4><a href=\"https:\/\/marina-inc.com\/fr\/equipment\/gravely-pro-walk-hydro-drive\/\" title=\"Gravely Pro-Walk Hydro Drive\">Gravely Pro-Walk Hydro Drive<\/a><\/h4>\n\t\t\t\t\t\t\t\t\t<span class=\"portfolio-subtitle\"><\/span>\n\t\t\t\t\t\t\t\t<\/div>\n\n\t\t\t\t\t\t\t\t\t\t\t\t  \n\t\t\t\t\t\t\t\t\t\t\t<\/div>\n\n\t\t\t\t\t<\/div>\n\t\t\n\t\t<\/div>\n\t\t\t\n\t\t\t\t\n\t\t[\/vc_column][\/vc_row][vc_row top_padding=\u00a0\u00bb50&Prime; bottom_padding=\u00a0\u00bb50&Prime;][vc_column width=\u00a0\u00bb1\/1&Prime;][vc_column_text]<\/p>\n<h1>Pourquoi Gravely? Long\u00e9vit\u00e9. Fiabilit\u00e9. Valeur.<\/h1>\n<p><a href=\"https:\/\/www.gravely.com\/\" rel=\"attachment wp-att-278\"><img decoding=\"async\" class=\"alignright size-full wp-image-278\" src=\"https:\/\/marina-inc.com\/wp-content\/uploads\/2016\/03\/gravely-logo.png\" alt=\"Gravely\" width=\"241\" height=\"57\" \/><\/a>Alors, pourquoi autant de gens pour les g\u00e9n\u00e9rations se tenait par la marque <a href=\"https:\/\/www.gravely.com\/\" target=\"_blank\" rel=\"noopener\">Gravely<\/a>? C\u2019est simple, l\u2019\u00e9quipement se l\u00e8ve \u00e0 l\u2019\u0153uvre. Cette fiabilit\u00e9 constante et valeur honn\u00eate a rendu Gravely, la marque de choix pour les professionnels de l\u2019am\u00e9nagement paysager commerciaux. Commercial-service \u00e0 travers, Gra signifie commerce \u00e0 jardins, le gazon et l\u2019entretien des pelouses.<\/p>\n<p>Avec riche h\u00e9ritage de qualit\u00e9 et de puissance, \u00e9quipement de pelouse Gravely \u00e0 travailler le paysage am\u00e9ricain depuis 1916. Quand une marque est fiable pour ce long, vous pouvez parier qu&rsquo;il r\u00e9sistera \u00e0 vos travaux.<\/p>\n<p>Travailler un Gravely et vous ferez l&rsquo;exp\u00e9rience de la passion et de fiert\u00e9, l&rsquo;attention aux d\u00e9tails, la confiance qui est entr\u00e9e en mettant tout cela ensemble. Nous nous sommes engag\u00e9s \u00e0 construire des \u00e9quipements d&rsquo;am\u00e9nagement paysager professionnel pour r\u00e9pondre \u00e0 vos attentes de hautes performances.[\/vc_column_text][\/vc_column][\/vc_row]<\/p>\n<\/div>","protected":false},"excerpt":{"rendered":"<p>[vc_row bg_color=\u00a0\u00bb#f9f9f9&Prime; top_padding=\u00a0\u00bb50&Prime;][vc_column width=\u00a0\u00bb1\/1&Prime;][\/vc_column][\/vc_row][vc_row top_padding=\u00a0\u00bb50&Prime; bottom_padding=\u00a0\u00bb50&Prime;][vc_column width=\u00a0\u00bb1\/1&Prime;][vc_column_text] Pourquoi Gravely? Long\u00e9vit\u00e9. Fiabilit\u00e9. Valeur. Alors, pourquoi autant de gens pour les g\u00e9n\u00e9rations se tenait par la marque Gravely? C\u2019est simple, l\u2019\u00e9quipement se l\u00e8ve \u00e0 l\u2019\u0153uvre. Cette fiabilit\u00e9 constante et valeur honn\u00eate a rendu Gravely, la marque de choix pour les professionnels de l\u2019am\u00e9nagement paysager commerciaux. Commercial-service \u00e0 travers, Gra signifie commerce \u00e0 jardins, le gazon et l\u2019entretien des pelouses. Avec riche h\u00e9ritage de qualit\u00e9 et de puissance, \u00e9quipement de pelouse Gravely \u00e0 travailler le paysage am\u00e9ricain depuis 1916. Quand une marque est fiable pour ce long, vous pouvez parier qu&rsquo;il r\u00e9sistera \u00e0 vos travaux. Travailler un Gravely et vous ferez l&rsquo;exp\u00e9rience de la passion et de fiert\u00e9, l&rsquo;attention aux d\u00e9tails, la confiance qui est entr\u00e9e en mettant tout cela ensemble. Nous nous sommes engag\u00e9s \u00e0 construire des \u00e9quipements d&rsquo;am\u00e9nagement paysager professionnel pour r\u00e9pondre \u00e0 vos attentes de hautes performances.[\/vc_column_text][\/vc_column][\/vc_row]<\/p>\n","protected":false},"author":3,"featured_media":1631,"parent":0,"menu_order":0,"comment_status":"closed","ping_status":"closed","template":"","meta":{"footnotes":""},"class_list":["post-1931","page","type-page","status-publish","has-post-thumbnail","hentry"],"yoast_head":"<!-- This site is optimized with the Yoast SEO plugin v27.3 - https:\/\/yoast.com\/product\/yoast-seo-wordpress\/ -->\n<title>Tondeuses frontales Gravely - Marina Inc.<\/title>\n<meta name=\"description\" content=\"Walk your way to a beautiful lawn. Exceptional maneuverability and adaptability. Lockable and floating deck options adapts to changing terrain.\" \/>\n<meta name=\"robots\" content=\"index, follow, max-snippet:-1, max-image-preview:large, max-video-preview:-1\" \/>\n<link rel=\"canonical\" href=\"https:\/\/marina-inc.com\/fr\/tondeuses-frontales-gravely\/\" \/>\n<meta property=\"og:locale\" content=\"fr_FR\" \/>\n<meta property=\"og:type\" content=\"article\" \/>\n<meta property=\"og:title\" content=\"Tondeuses frontales Gravely - Marina Inc.\" \/>\n<meta property=\"og:description\" content=\"Walk your way to a beautiful lawn. Exceptional maneuverability and adaptability. Lockable and floating deck options adapts to changing terrain.\" \/>\n<meta property=\"og:url\" content=\"https:\/\/marina-inc.com\/fr\/tondeuses-frontales-gravely\/\" \/>\n<meta property=\"og:site_name\" content=\"Marina Inc.\" \/>\n<meta property=\"article:publisher\" content=\"https:\/\/www.facebook.com\/marinainc.ca\/\" \/>\n<meta property=\"article:modified_time\" content=\"2021-02-02T22:44:41+00:00\" \/>\n<meta property=\"og:image\" content=\"https:\/\/marina-inc.com\/wp-content\/uploads\/2016\/06\/nav-product-pro-walk.jpg\" \/>\n\t<meta property=\"og:image:width\" content=\"293\" \/>\n\t<meta property=\"og:image:height\" content=\"239\" \/>\n\t<meta property=\"og:image:type\" content=\"image\/jpeg\" \/>\n<meta name=\"twitter:card\" content=\"summary_large_image\" \/>\n<meta name=\"twitter:label1\" content=\"Dur\u00e9e de lecture estim\u00e9e\" \/>\n\t<meta name=\"twitter:data1\" content=\"1 minute\" \/>\n<script type=\"application\/ld+json\" class=\"yoast-schema-graph\">{\"@context\":\"https:\\\/\\\/schema.org\",\"@graph\":[{\"@type\":\"WebPage\",\"@id\":\"https:\\\/\\\/marina-inc.com\\\/fr\\\/tondeuses-frontales-gravely\\\/\",\"url\":\"https:\\\/\\\/marina-inc.com\\\/fr\\\/tondeuses-frontales-gravely\\\/\",\"name\":\"Tondeuses frontales Gravely - Marina Inc.\",\"isPartOf\":{\"@id\":\"https:\\\/\\\/marina-inc.com\\\/#website\"},\"primaryImageOfPage\":{\"@id\":\"https:\\\/\\\/marina-inc.com\\\/fr\\\/tondeuses-frontales-gravely\\\/#primaryimage\"},\"image\":{\"@id\":\"https:\\\/\\\/marina-inc.com\\\/fr\\\/tondeuses-frontales-gravely\\\/#primaryimage\"},\"thumbnailUrl\":\"https:\\\/\\\/marina-inc.com\\\/wp-content\\\/uploads\\\/2016\\\/06\\\/nav-product-pro-walk.jpg\",\"datePublished\":\"2016-03-24T15:47:09+00:00\",\"dateModified\":\"2021-02-02T22:44:41+00:00\",\"description\":\"Walk your way to a beautiful lawn. Exceptional maneuverability and adaptability. Lockable and floating deck options adapts to changing terrain.\",\"breadcrumb\":{\"@id\":\"https:\\\/\\\/marina-inc.com\\\/fr\\\/tondeuses-frontales-gravely\\\/#breadcrumb\"},\"inLanguage\":\"fr-FR\",\"potentialAction\":[{\"@type\":\"ReadAction\",\"target\":[\"https:\\\/\\\/marina-inc.com\\\/fr\\\/tondeuses-frontales-gravely\\\/\"]}]},{\"@type\":\"ImageObject\",\"inLanguage\":\"fr-FR\",\"@id\":\"https:\\\/\\\/marina-inc.com\\\/fr\\\/tondeuses-frontales-gravely\\\/#primaryimage\",\"url\":\"https:\\\/\\\/marina-inc.com\\\/wp-content\\\/uploads\\\/2016\\\/06\\\/nav-product-pro-walk.jpg\",\"contentUrl\":\"https:\\\/\\\/marina-inc.com\\\/wp-content\\\/uploads\\\/2016\\\/06\\\/nav-product-pro-walk.jpg\",\"width\":293,\"height\":239},{\"@type\":\"BreadcrumbList\",\"@id\":\"https:\\\/\\\/marina-inc.com\\\/fr\\\/tondeuses-frontales-gravely\\\/#breadcrumb\",\"itemListElement\":[{\"@type\":\"ListItem\",\"position\":1,\"name\":\"Home\",\"item\":\"https:\\\/\\\/marina-inc.com\\\/fr\\\/\"},{\"@type\":\"ListItem\",\"position\":2,\"name\":\"Tondeuses frontales Gravely\"}]},{\"@type\":\"WebSite\",\"@id\":\"https:\\\/\\\/marina-inc.com\\\/#website\",\"url\":\"https:\\\/\\\/marina-inc.com\\\/\",\"name\":\"Marina Inc.\",\"description\":\"Landscape Materials and Equipment\",\"publisher\":{\"@id\":\"https:\\\/\\\/marina-inc.com\\\/#organization\"},\"potentialAction\":[{\"@type\":\"SearchAction\",\"target\":{\"@type\":\"EntryPoint\",\"urlTemplate\":\"https:\\\/\\\/marina-inc.com\\\/?s={search_term_string}\"},\"query-input\":{\"@type\":\"PropertyValueSpecification\",\"valueRequired\":true,\"valueName\":\"search_term_string\"}}],\"inLanguage\":\"fr-FR\"},{\"@type\":\"Organization\",\"@id\":\"https:\\\/\\\/marina-inc.com\\\/#organization\",\"name\":\"Marina Inc.\",\"alternateName\":\"Marina Inc.\",\"url\":\"https:\\\/\\\/marina-inc.com\\\/\",\"logo\":{\"@type\":\"ImageObject\",\"inLanguage\":\"fr-FR\",\"@id\":\"https:\\\/\\\/marina-inc.com\\\/#\\\/schema\\\/logo\\\/image\\\/\",\"url\":\"https:\\\/\\\/marina-inc.com\\\/wp-content\\\/uploads\\\/2016\\\/06\\\/marina-inc-logo.png\",\"contentUrl\":\"https:\\\/\\\/marina-inc.com\\\/wp-content\\\/uploads\\\/2016\\\/06\\\/marina-inc-logo.png\",\"width\":304,\"height\":82,\"caption\":\"Marina Inc.\"},\"image\":{\"@id\":\"https:\\\/\\\/marina-inc.com\\\/#\\\/schema\\\/logo\\\/image\\\/\"},\"sameAs\":[\"https:\\\/\\\/www.facebook.com\\\/marinainc.ca\\\/\"]}]}<\/script>\n<!-- \/ Yoast SEO plugin. -->","yoast_head_json":{"title":"Tondeuses frontales Gravely - Marina Inc.","description":"Walk your way to a beautiful lawn. Exceptional maneuverability and adaptability. Lockable and floating deck options adapts to changing terrain.","robots":{"index":"index","follow":"follow","max-snippet":"max-snippet:-1","max-image-preview":"max-image-preview:large","max-video-preview":"max-video-preview:-1"},"canonical":"https:\/\/marina-inc.com\/fr\/tondeuses-frontales-gravely\/","og_locale":"fr_FR","og_type":"article","og_title":"Tondeuses frontales Gravely - Marina Inc.","og_description":"Walk your way to a beautiful lawn. Exceptional maneuverability and adaptability. Lockable and floating deck options adapts to changing terrain.","og_url":"https:\/\/marina-inc.com\/fr\/tondeuses-frontales-gravely\/","og_site_name":"Marina Inc.","article_publisher":"https:\/\/www.facebook.com\/marinainc.ca\/","article_modified_time":"2021-02-02T22:44:41+00:00","og_image":[{"width":293,"height":239,"url":"https:\/\/marina-inc.com\/wp-content\/uploads\/2016\/06\/nav-product-pro-walk.jpg","type":"image\/jpeg"}],"twitter_card":"summary_large_image","twitter_misc":{"Dur\u00e9e de lecture estim\u00e9e":"1 minute"},"schema":{"@context":"https:\/\/schema.org","@graph":[{"@type":"WebPage","@id":"https:\/\/marina-inc.com\/fr\/tondeuses-frontales-gravely\/","url":"https:\/\/marina-inc.com\/fr\/tondeuses-frontales-gravely\/","name":"Tondeuses frontales Gravely - Marina Inc.","isPartOf":{"@id":"https:\/\/marina-inc.com\/#website"},"primaryImageOfPage":{"@id":"https:\/\/marina-inc.com\/fr\/tondeuses-frontales-gravely\/#primaryimage"},"image":{"@id":"https:\/\/marina-inc.com\/fr\/tondeuses-frontales-gravely\/#primaryimage"},"thumbnailUrl":"https:\/\/marina-inc.com\/wp-content\/uploads\/2016\/06\/nav-product-pro-walk.jpg","datePublished":"2016-03-24T15:47:09+00:00","dateModified":"2021-02-02T22:44:41+00:00","description":"Walk your way to a beautiful lawn. Exceptional maneuverability and adaptability. Lockable and floating deck options adapts to changing terrain.","breadcrumb":{"@id":"https:\/\/marina-inc.com\/fr\/tondeuses-frontales-gravely\/#breadcrumb"},"inLanguage":"fr-FR","potentialAction":[{"@type":"ReadAction","target":["https:\/\/marina-inc.com\/fr\/tondeuses-frontales-gravely\/"]}]},{"@type":"ImageObject","inLanguage":"fr-FR","@id":"https:\/\/marina-inc.com\/fr\/tondeuses-frontales-gravely\/#primaryimage","url":"https:\/\/marina-inc.com\/wp-content\/uploads\/2016\/06\/nav-product-pro-walk.jpg","contentUrl":"https:\/\/marina-inc.com\/wp-content\/uploads\/2016\/06\/nav-product-pro-walk.jpg","width":293,"height":239},{"@type":"BreadcrumbList","@id":"https:\/\/marina-inc.com\/fr\/tondeuses-frontales-gravely\/#breadcrumb","itemListElement":[{"@type":"ListItem","position":1,"name":"Home","item":"https:\/\/marina-inc.com\/fr\/"},{"@type":"ListItem","position":2,"name":"Tondeuses frontales Gravely"}]},{"@type":"WebSite","@id":"https:\/\/marina-inc.com\/#website","url":"https:\/\/marina-inc.com\/","name":"Marina Inc.","description":"Landscape Materials and Equipment","publisher":{"@id":"https:\/\/marina-inc.com\/#organization"},"potentialAction":[{"@type":"SearchAction","target":{"@type":"EntryPoint","urlTemplate":"https:\/\/marina-inc.com\/?s={search_term_string}"},"query-input":{"@type":"PropertyValueSpecification","valueRequired":true,"valueName":"search_term_string"}}],"inLanguage":"fr-FR"},{"@type":"Organization","@id":"https:\/\/marina-inc.com\/#organization","name":"Marina Inc.","alternateName":"Marina Inc.","url":"https:\/\/marina-inc.com\/","logo":{"@type":"ImageObject","inLanguage":"fr-FR","@id":"https:\/\/marina-inc.com\/#\/schema\/logo\/image\/","url":"https:\/\/marina-inc.com\/wp-content\/uploads\/2016\/06\/marina-inc-logo.png","contentUrl":"https:\/\/marina-inc.com\/wp-content\/uploads\/2016\/06\/marina-inc-logo.png","width":304,"height":82,"caption":"Marina Inc."},"image":{"@id":"https:\/\/marina-inc.com\/#\/schema\/logo\/image\/"},"sameAs":["https:\/\/www.facebook.com\/marinainc.ca\/"]}]}},"_links":{"self":[{"href":"https:\/\/marina-inc.com\/fr\/wp-json\/wp\/v2\/pages\/1931","targetHints":{"allow":["GET"]}}],"collection":[{"href":"https:\/\/marina-inc.com\/fr\/wp-json\/wp\/v2\/pages"}],"about":[{"href":"https:\/\/marina-inc.com\/fr\/wp-json\/wp\/v2\/types\/page"}],"author":[{"embeddable":true,"href":"https:\/\/marina-inc.com\/fr\/wp-json\/wp\/v2\/users\/3"}],"replies":[{"embeddable":true,"href":"https:\/\/marina-inc.com\/fr\/wp-json\/wp\/v2\/comments?post=1931"}],"version-history":[{"count":0,"href":"https:\/\/marina-inc.com\/fr\/wp-json\/wp\/v2\/pages\/1931\/revisions"}],"wp:featuredmedia":[{"embeddable":true,"href":"https:\/\/marina-inc.com\/fr\/wp-json\/wp\/v2\/media\/1631"}],"wp:attachment":[{"href":"https:\/\/marina-inc.com\/fr\/wp-json\/wp\/v2\/media?parent=1931"}],"curies":[{"name":"wp","href":"https:\/\/api.w.org\/{rel}","templated":true}]}}