{"id":1894,"date":"2016-03-11T12:49:32","date_gmt":"2016-03-11T12:49:32","guid":{"rendered":"https:\/\/marina-inc.com\/fr\/outdoor-materials-equipment\/"},"modified":"2022-01-28T10:44:36","modified_gmt":"2022-01-28T15:44:36","slug":"materiaux-et-equipements-damenagement-paysager","status":"publish","type":"page","link":"https:\/\/marina-inc.com\/fr\/","title":{"rendered":"Mat\u00e9riaux et \u00e9quipements d&rsquo;am\u00e9nagement paysager"},"content":{"rendered":"<div class=\"wpb-content-wrapper\"><p>[vc_row type=\u00a0\u00bbfull_width_section\u00a0\u00bb][vc_column width=\u00a0\u00bb1\/1&Prime;][rev_slider_vc alias=\u00a0\u00bbhomeslide\u00a0\u00bb][\/vc_column][\/vc_row][vc_row type=\u00a0\u00bbfull_width_section\u00a0\u00bb text_align=\u00a0\u00bbcenter\u00a0\u00bb top_padding=\u00a0\u00bb50&Prime; bottom_padding=\u00a0\u00bb50&Prime;][vc_column width=\u00a0\u00bb1\/1&Prime;][vc_column_text]<\/p>\n<div align=\"center\"><a href=\"https:\/\/www.stihldealers.ca\/Search.aspx\/Lachine\/Quebec\/qc\/H8S_2L3\/Marina_Materiaux_Et_Equipements\/?Lang=fr\" target=\"_blank\" rel=\"noopener noreferrer\"><img decoding=\"async\" class=\"alignnone size-full wp-image-1897\" src=\"https:\/\/marina-inc.com\/wp-content\/uploads\/2016\/03\/bouton-revendeur-stihl.jpg\" alt=\"revendeur stihl\" width=\"803\" height=\"63\" srcset=\"https:\/\/marina-inc.com\/wp-content\/uploads\/2016\/03\/bouton-revendeur-stihl.jpg 803w, https:\/\/marina-inc.com\/wp-content\/uploads\/2016\/03\/bouton-revendeur-stihl-300x24.jpg 300w, https:\/\/marina-inc.com\/wp-content\/uploads\/2016\/03\/bouton-revendeur-stihl-768x60.jpg 768w\" sizes=\"(max-width: 803px) 100vw, 803px\" \/><\/a><\/div>\n<p>[\/vc_column_text][\/vc_column][\/vc_row][vc_row bottom_padding=\u00a0\u00bb50&Prime; row_id=\u00a0\u00bbhome-icons\u00a0\u00bb][vc_column width=\u00a0\u00bb1\/1&Prime;][vc_column_text]<\/p>\n<table border=\"0\" width=\"100%\" cellspacing=\"0\" cellpadding=\"10\">\n<tbody>\n<tr>\n<td>\n<div class=\"homeicons\" align=\"center\">\n<p><a href=\"https:\/\/marina-inc.com\/fr\/tondeuses-a-gazon\/\" rel=\"attachment wp-att-30\"><img decoding=\"async\" class=\"alignnone size-full wp-image-31\" src=\"https:\/\/marina-inc.com\/wp-content\/uploads\/2016\/03\/power-equipment.jpg\" alt=\"lawn mowers\" width=\"94\" height=\"94\" srcset=\"https:\/\/marina-inc.com\/wp-content\/uploads\/2016\/03\/power-equipment.jpg 94w, https:\/\/marina-inc.com\/wp-content\/uploads\/2016\/03\/power-equipment-80x80.jpg 80w\" sizes=\"(max-width: 94px) 100vw, 94px\" \/><\/a><\/p>\n<h4>TONDEUSES<\/h4>\n<\/div>\n<\/td>\n<td>\n<div class=\"homeicons\" align=\"center\">\n<p><a href=\"https:\/\/marina-inc.com\/fr\/equipement-de-deneigement\/\"><img decoding=\"async\" class=\"alignnone size-full wp-image-33\" src=\"https:\/\/marina-inc.com\/wp-content\/uploads\/2016\/03\/snow-removal.jpg\" alt=\"snow removal\" width=\"94\" height=\"94\" srcset=\"https:\/\/marina-inc.com\/wp-content\/uploads\/2016\/03\/snow-removal.jpg 94w, https:\/\/marina-inc.com\/wp-content\/uploads\/2016\/03\/snow-removal-80x80.jpg 80w\" sizes=\"(max-width: 94px) 100vw, 94px\" \/><\/a><\/p>\n<h4>D\u00c9NEIGEMENT<\/h4>\n<\/div>\n<\/td>\n<td>\n<div class=\"homeicons\" align=\"center\">\n<p><a href=\"https:\/\/marina-inc.com\/fr\/equipements-motorises\/\"><img decoding=\"async\" class=\"alignnone size-full wp-image-43\" src=\"https:\/\/marina-inc.com\/wp-content\/uploads\/2016\/03\/landscaping.jpg\" alt=\"power equipment\" width=\"94\" height=\"94\" srcset=\"https:\/\/marina-inc.com\/wp-content\/uploads\/2016\/03\/landscaping.jpg 94w, https:\/\/marina-inc.com\/wp-content\/uploads\/2016\/03\/landscaping-80x80.jpg 80w\" sizes=\"(max-width: 94px) 100vw, 94px\" \/><\/a><\/p>\n<h4>\u00c9QUIPEMENTS<br \/>\nMOTORIS\u00c9S<\/h4>\n<\/div>\n<\/td>\n<td>\n<div class=\"homeicons\" align=\"center\">\n<p><a href=\"https:\/\/marina-inc.com\/fr\/produits-en-vrac\/\" rel=\"attachment wp-att-44\"><img decoding=\"async\" class=\"alignnone size-full wp-image-45\" src=\"https:\/\/marina-inc.com\/wp-content\/uploads\/2016\/03\/materials.jpg\" alt=\"materials\" width=\"94\" height=\"94\" srcset=\"https:\/\/marina-inc.com\/wp-content\/uploads\/2016\/03\/materials.jpg 94w, https:\/\/marina-inc.com\/wp-content\/uploads\/2016\/03\/materials-80x80.jpg 80w\" sizes=\"(max-width: 94px) 100vw, 94px\" \/><\/a><\/p>\n<h4>MAT\u00c9RIAUX DE<br \/>\nPAYSAGEMENT<\/h4>\n<\/div>\n<\/td>\n<td>\n<div class=\"homeicons\" align=\"center\">\n<p><a href=\"https:\/\/marina-inc.com\/fr\/produits-en-beton-et-en-maconnerie\/\" rel=\"attachment wp-att-36\"><img decoding=\"async\" class=\"alignnone size-full wp-image-37\" src=\"https:\/\/marina-inc.com\/wp-content\/uploads\/2016\/03\/concrete-masonry.jpg\" alt=\"concrete masonry\" width=\"94\" height=\"94\" \/><\/a><\/p>\n<h4>B\u00c9TON &amp;<br \/>\nMA\u00c7ONNERIE<\/h4>\n<\/div>\n<\/td>\n<td>\n<div class=\"homeicons\" align=\"center\">\n<p><a href=\"https:\/\/marina-inc.com\/fr\/propane\/\"><img decoding=\"async\" class=\"alignnone size-full wp-image-39\" src=\"https:\/\/marina-inc.com\/wp-content\/uploads\/2016\/03\/propane.jpg\" alt=\"propane\" width=\"94\" height=\"94\" srcset=\"https:\/\/marina-inc.com\/wp-content\/uploads\/2016\/03\/propane.jpg 94w, https:\/\/marina-inc.com\/wp-content\/uploads\/2016\/03\/propane-80x80.jpg 80w\" sizes=\"(max-width: 94px) 100vw, 94px\" \/><\/a><\/p>\n<h4>PROPANE<\/h4>\n<\/div>\n<\/td>\n<td>\n<div class=\"homeicons\" align=\"center\">\n<p><a href=\"https:\/\/marina-inc.com\/fr\/bois-de-chauffage\/\"><img decoding=\"async\" class=\"alignnone size-full wp-image-41\" src=\"https:\/\/marina-inc.com\/wp-content\/uploads\/2016\/03\/firewood.jpg\" alt=\"firewood\" width=\"94\" height=\"94\" srcset=\"https:\/\/marina-inc.com\/wp-content\/uploads\/2016\/03\/firewood.jpg 94w, https:\/\/marina-inc.com\/wp-content\/uploads\/2016\/03\/firewood-80x80.jpg 80w\" sizes=\"(max-width: 94px) 100vw, 94px\" \/><\/a><\/p>\n<h4>BOIS DE<br \/>\nCHAUFFAGE<\/h4>\n<\/div>\n<\/td>\n<\/tr>\n<\/tbody>\n<\/table>\n<p>[\/vc_column_text][\/vc_column][\/vc_row][vc_row type=\u00a0\u00bbfull_width_section\u00a0\u00bb bg_image=\u00a0\u00bb55&Prime; row_id=\u00a0\u00bblandscaping\u00a0\u00bb][vc_column width=\u00a0\u00bb1\/1&Prime;][rev_slider_vc alias=\u00a0\u00bblandscaping-fr\u00a0\u00bb][\/vc_column][\/vc_row][vc_row top_padding=\u00a0\u00bb50&Prime;][vc_column width=\u00a0\u00bb1\/1&Prime;][vc_column_text]<\/p>\n<div align=\"center\">\n<h2>Partenaires<\/h2>\n<\/div>\n<p>[\/vc_column_text][\/vc_column][\/vc_row][vc_row top_padding=\u00a0\u00bb30&Prime; bottom_padding=\u00a0\u00bb50&Prime;][vc_column width=\u00a0\u00bb1\/6&Prime;]<div class=\"single_image wpb_content_element align-center    \" data-animation=\"none\" data-delay=\"0\"><a href=\"https:\/\/www.gravely.com\/en-us\" target=\"_blank\"><img decoding=\"async\" width=\"178\" height=\"112\" src=\"https:\/\/marina-inc.com\/wp-content\/uploads\/2016\/03\/gravely-1.jpg\" class=\"attachment-full\" alt=\"\" title=\"gravely\" \/><\/a><\/div>[\/vc_column][vc_column width=\u00a0\u00bb1\/6&Prime;]<div class=\"single_image wpb_content_element align-center    \" data-animation=\"none\" data-delay=\"0\"><a href=\"https:\/\/www.ariens.com\/en-us\" target=\"_blank\"><img decoding=\"async\" width=\"178\" height=\"112\" src=\"https:\/\/marina-inc.com\/wp-content\/uploads\/2016\/03\/ariens-1.jpg\" class=\"attachment-full\" alt=\"\" title=\"ariens\" \/><\/a><\/div>[\/vc_column][vc_column width=\u00a0\u00bb1\/6&Prime;]<div class=\"single_image wpb_content_element align-center    \" data-animation=\"none\" data-delay=\"0\"><a href=\"https:\/\/www.redmax.com\/\" target=\"_blank\"><img decoding=\"async\" width=\"178\" height=\"112\" src=\"https:\/\/marina-inc.com\/wp-content\/uploads\/2016\/03\/redmax-1.jpg\" class=\"attachment-full\" alt=\"\" title=\"redmax\" \/><\/a><\/div>[\/vc_column][vc_column width=\u00a0\u00bb1\/6&Prime;]<div class=\"single_image wpb_content_element align-center    \" data-animation=\"none\" data-delay=\"0\"><a href=\"https:\/\/www.stihldealers.ca\/Search.aspx\/Lachine\/Quebec\/qc\/H8S_2L3\/Marina_Materiaux_Et_Equipements\/?Lang=fr\" target=\"_blank\"><img decoding=\"async\" width=\"178\" height=\"112\" src=\"https:\/\/marina-inc.com\/wp-content\/uploads\/2016\/03\/stihl-1.jpg\" class=\"attachment-full\" alt=\"\" title=\"stihl\" \/><\/a><\/div>[\/vc_column][vc_column width=\u00a0\u00bb1\/6&Prime;]<div class=\"single_image wpb_content_element align-center    \" data-animation=\"none\" data-delay=\"0\"><a href=\"http:\/\/www.bolduc.ca\/\" target=\"_blank\"><img decoding=\"async\" width=\"178\" height=\"112\" src=\"https:\/\/marina-inc.com\/wp-content\/uploads\/2016\/03\/bolduc-2.jpg\" class=\"attachment-full\" alt=\"\" title=\"bolduc\" \/><\/a><\/div>[\/vc_column][vc_column width=\u00a0\u00bb1\/6&Prime;]<div class=\"single_image wpb_content_element align-center    \" data-animation=\"none\" data-delay=\"0\"><a href=\"http:\/\/www.fafard.ca\/\" target=\"_blank\"><img decoding=\"async\" width=\"178\" height=\"112\" src=\"https:\/\/marina-inc.com\/wp-content\/uploads\/2016\/03\/fafard-1.jpg\" class=\"attachment-full\" alt=\"\" title=\"fafard\" \/><\/a><\/div>[\/vc_column][\/vc_row][vc_row bottom_padding=\u00a0\u00bb50&Prime;][vc_column width=\u00a0\u00bb1\/6&Prime;]<div class=\"single_image wpb_content_element align-center    \" data-animation=\"none\" data-delay=\"0\"><a href=\"http:\/\/www.gloco.ca\/\" target=\"_blank\"><img decoding=\"async\" width=\"178\" height=\"112\" src=\"https:\/\/marina-inc.com\/wp-content\/uploads\/2016\/03\/gloco.jpg\" class=\"attachment-full\" alt=\"\" title=\"gloco\" \/><\/a><\/div>[\/vc_column][vc_column width=\u00a0\u00bb1\/6&Prime;]<div class=\"single_image wpb_content_element align-center    \" data-animation=\"none\" data-delay=\"0\"><a href=\"https:\/\/www.napoleongrills.com\/\" target=\"_blank\"><img decoding=\"async\" width=\"178\" height=\"112\" src=\"https:\/\/marina-inc.com\/wp-content\/uploads\/2016\/03\/napoleon.jpg\" class=\"attachment-full\" alt=\"\" title=\"napoleon\" \/><\/a><\/div>[\/vc_column][vc_column width=\u00a0\u00bb1\/6&Prime;]<div class=\"single_image wpb_content_element align-center    \" data-animation=\"none\" data-delay=\"0\"><a href=\"https:\/\/cimentquebec.com\/?lang=en\" target=\"_blank\"><img decoding=\"async\" width=\"178\" height=\"112\" src=\"https:\/\/marina-inc.com\/wp-content\/uploads\/2016\/03\/ciment-quebec.jpg\" class=\"attachment-full\" alt=\"\" title=\"ciment-quebec\" \/><\/a><\/div>[\/vc_column][vc_column width=\u00a0\u00bb1\/6&Prime;]<div class=\"single_image wpb_content_element align-center    \" data-animation=\"none\" data-delay=\"0\"><a href=\"https:\/\/www.sakrete.com\/\" target=\"_blank\"><img decoding=\"async\" width=\"178\" height=\"112\" src=\"https:\/\/marina-inc.com\/wp-content\/uploads\/2016\/03\/sakrete.jpg\" class=\"attachment-full\" alt=\"\" title=\"sakrete\" \/><\/a><\/div>[\/vc_column][vc_column width=\u00a0\u00bb1\/6&Prime;][\/vc_column][vc_column width=\u00a0\u00bb1\/6&Prime;][\/vc_column][\/vc_row]<\/p>\n<\/div>","protected":false},"excerpt":{"rendered":"<p>[vc_row type=\u00a0\u00bbfull_width_section\u00a0\u00bb][vc_column width=\u00a0\u00bb1\/1&Prime;][rev_slider_vc alias=\u00a0\u00bbhomeslide\u00a0\u00bb][\/vc_column][\/vc_row][vc_row type=\u00a0\u00bbfull_width_section\u00a0\u00bb text_align=\u00a0\u00bbcenter\u00a0\u00bb top_padding=\u00a0\u00bb50&Prime; bottom_padding=\u00a0\u00bb50&Prime;][vc_column width=\u00a0\u00bb1\/1&Prime;][vc_column_text] [\/vc_column_text][\/vc_column][\/vc_row][vc_row bottom_padding=\u00a0\u00bb50&Prime; row_id=\u00a0\u00bbhome-icons\u00a0\u00bb][vc_column width=\u00a0\u00bb1\/1&Prime;][vc_column_text] TONDEUSES D\u00c9NEIGEMENT \u00c9QUIPEMENTS MOTORIS\u00c9S MAT\u00c9RIAUX DE PAYSAGEMENT B\u00c9TON &amp; MA\u00c7ONNERIE PROPANE BOIS DE CHAUFFAGE [\/vc_column_text][\/vc_column][\/vc_row][vc_row type=\u00a0\u00bbfull_width_section\u00a0\u00bb bg_image=\u00a0\u00bb55&Prime; row_id=\u00a0\u00bblandscaping\u00a0\u00bb][vc_column width=\u00a0\u00bb1\/1&Prime;][rev_slider_vc alias=\u00a0\u00bblandscaping-fr\u00a0\u00bb][\/vc_column][\/vc_row][vc_row top_padding=\u00a0\u00bb50&Prime;][vc_column width=\u00a0\u00bb1\/1&Prime;][vc_column_text] Partenaires [\/vc_column_text][\/vc_column][\/vc_row][vc_row top_padding=\u00a0\u00bb30&Prime; bottom_padding=\u00a0\u00bb50&Prime;][vc_column width=\u00a0\u00bb1\/6&Prime;][\/vc_column][vc_column width=\u00a0\u00bb1\/6&Prime;][\/vc_column][vc_column width=\u00a0\u00bb1\/6&Prime;][\/vc_column][vc_column width=\u00a0\u00bb1\/6&Prime;][\/vc_column][vc_column width=\u00a0\u00bb1\/6&Prime;][\/vc_column][vc_column width=\u00a0\u00bb1\/6&Prime;][\/vc_column][\/vc_row][vc_row bottom_padding=\u00a0\u00bb50&Prime;][vc_column width=\u00a0\u00bb1\/6&Prime;][\/vc_column][vc_column width=\u00a0\u00bb1\/6&Prime;][\/vc_column][vc_column width=\u00a0\u00bb1\/6&Prime;][\/vc_column][vc_column width=\u00a0\u00bb1\/6&Prime;][\/vc_column][vc_column width=\u00a0\u00bb1\/6&Prime;][\/vc_column][vc_column width=\u00a0\u00bb1\/6&Prime;][\/vc_column][\/vc_row]<\/p>\n","protected":false},"author":3,"featured_media":2039,"parent":0,"menu_order":0,"comment_status":"closed","ping_status":"closed","template":"","meta":{"footnotes":""},"class_list":["post-1894","page","type-page","status-publish","has-post-thumbnail","hentry"],"yoast_head":"<!-- This site is optimized with the Yoast SEO plugin v27.3 - https:\/\/yoast.com\/product\/yoast-seo-wordpress\/ -->\n<title>Mat\u00e9riaux et \u00e9quipements d&#039;am\u00e9nagement paysager - Marina Inc.<\/title>\n<meta name=\"description\" content=\"Venez visiter notre salle de montre situ\u00e9e \u00e0 Lachine afin d&#039;en apprendre plus sur nos \u00e9quipements Gravely\u00ae, Ariens\u00ae et Redmax\u00ae.\" \/>\n<meta name=\"robots\" content=\"index, follow, max-snippet:-1, max-image-preview:large, max-video-preview:-1\" \/>\n<link rel=\"canonical\" href=\"https:\/\/marina-inc.com\/fr\/\" \/>\n<meta property=\"og:locale\" content=\"fr_FR\" \/>\n<meta property=\"og:type\" content=\"article\" \/>\n<meta property=\"og:title\" content=\"Mat\u00e9riaux et \u00e9quipements d&#039;am\u00e9nagement paysager - Marina Inc.\" \/>\n<meta property=\"og:description\" content=\"Venez visiter notre salle de montre situ\u00e9e \u00e0 Lachine afin d&#039;en apprendre plus sur nos \u00e9quipements Gravely\u00ae, Ariens\u00ae et Redmax\u00ae.\" \/>\n<meta property=\"og:url\" content=\"https:\/\/marina-inc.com\/fr\/\" \/>\n<meta property=\"og:site_name\" content=\"Marina Inc.\" \/>\n<meta property=\"article:publisher\" content=\"https:\/\/www.facebook.com\/marinainc.ca\/\" \/>\n<meta property=\"article:modified_time\" content=\"2022-01-28T15:44:36+00:00\" \/>\n<meta property=\"og:image\" content=\"https:\/\/marina-inc.com\/wp-content\/uploads\/2016\/03\/marina-inc.jpg\" \/>\n\t<meta property=\"og:image:width\" content=\"1200\" \/>\n\t<meta property=\"og:image:height\" content=\"675\" \/>\n\t<meta property=\"og:image:type\" content=\"image\/jpeg\" \/>\n<meta name=\"twitter:card\" content=\"summary_large_image\" \/>\n<meta name=\"twitter:label1\" content=\"Dur\u00e9e de lecture estim\u00e9e\" \/>\n\t<meta name=\"twitter:data1\" content=\"3 minutes\" \/>\n<script type=\"application\/ld+json\" class=\"yoast-schema-graph\">{\"@context\":\"https:\\\/\\\/schema.org\",\"@graph\":[{\"@type\":\"WebPage\",\"@id\":\"https:\\\/\\\/marina-inc.com\\\/fr\\\/\",\"url\":\"https:\\\/\\\/marina-inc.com\\\/fr\\\/\",\"name\":\"Mat\u00e9riaux et \u00e9quipements d'am\u00e9nagement paysager - Marina Inc.\",\"isPartOf\":{\"@id\":\"https:\\\/\\\/marina-inc.com\\\/#website\"},\"primaryImageOfPage\":{\"@id\":\"https:\\\/\\\/marina-inc.com\\\/fr\\\/#primaryimage\"},\"image\":{\"@id\":\"https:\\\/\\\/marina-inc.com\\\/fr\\\/#primaryimage\"},\"thumbnailUrl\":\"https:\\\/\\\/marina-inc.com\\\/wp-content\\\/uploads\\\/2016\\\/03\\\/marina-inc.jpg\",\"datePublished\":\"2016-03-11T12:49:32+00:00\",\"dateModified\":\"2022-01-28T15:44:36+00:00\",\"description\":\"Venez visiter notre salle de montre situ\u00e9e \u00e0 Lachine afin d'en apprendre plus sur nos \u00e9quipements Gravely\u00ae, Ariens\u00ae et Redmax\u00ae.\",\"breadcrumb\":{\"@id\":\"https:\\\/\\\/marina-inc.com\\\/fr\\\/#breadcrumb\"},\"inLanguage\":\"fr-FR\",\"potentialAction\":[{\"@type\":\"ReadAction\",\"target\":[\"https:\\\/\\\/marina-inc.com\\\/fr\\\/\"]}]},{\"@type\":\"ImageObject\",\"inLanguage\":\"fr-FR\",\"@id\":\"https:\\\/\\\/marina-inc.com\\\/fr\\\/#primaryimage\",\"url\":\"https:\\\/\\\/marina-inc.com\\\/wp-content\\\/uploads\\\/2016\\\/03\\\/marina-inc.jpg\",\"contentUrl\":\"https:\\\/\\\/marina-inc.com\\\/wp-content\\\/uploads\\\/2016\\\/03\\\/marina-inc.jpg\",\"width\":1200,\"height\":675,\"caption\":\"Marina Inc.\"},{\"@type\":\"BreadcrumbList\",\"@id\":\"https:\\\/\\\/marina-inc.com\\\/fr\\\/#breadcrumb\",\"itemListElement\":[{\"@type\":\"ListItem\",\"position\":1,\"name\":\"Home\",\"item\":\"https:\\\/\\\/marina-inc.com\\\/fr\\\/\"},{\"@type\":\"ListItem\",\"position\":2,\"name\":\"Mat\u00e9riaux et \u00e9quipements d&#8217;am\u00e9nagement paysager\"}]},{\"@type\":\"WebSite\",\"@id\":\"https:\\\/\\\/marina-inc.com\\\/#website\",\"url\":\"https:\\\/\\\/marina-inc.com\\\/\",\"name\":\"Marina Inc.\",\"description\":\"Landscape Materials and Equipment\",\"publisher\":{\"@id\":\"https:\\\/\\\/marina-inc.com\\\/#organization\"},\"potentialAction\":[{\"@type\":\"SearchAction\",\"target\":{\"@type\":\"EntryPoint\",\"urlTemplate\":\"https:\\\/\\\/marina-inc.com\\\/?s={search_term_string}\"},\"query-input\":{\"@type\":\"PropertyValueSpecification\",\"valueRequired\":true,\"valueName\":\"search_term_string\"}}],\"inLanguage\":\"fr-FR\"},{\"@type\":\"Organization\",\"@id\":\"https:\\\/\\\/marina-inc.com\\\/#organization\",\"name\":\"Marina Inc.\",\"alternateName\":\"Marina Inc.\",\"url\":\"https:\\\/\\\/marina-inc.com\\\/\",\"logo\":{\"@type\":\"ImageObject\",\"inLanguage\":\"fr-FR\",\"@id\":\"https:\\\/\\\/marina-inc.com\\\/#\\\/schema\\\/logo\\\/image\\\/\",\"url\":\"https:\\\/\\\/marina-inc.com\\\/wp-content\\\/uploads\\\/2016\\\/06\\\/marina-inc-logo.png\",\"contentUrl\":\"https:\\\/\\\/marina-inc.com\\\/wp-content\\\/uploads\\\/2016\\\/06\\\/marina-inc-logo.png\",\"width\":304,\"height\":82,\"caption\":\"Marina Inc.\"},\"image\":{\"@id\":\"https:\\\/\\\/marina-inc.com\\\/#\\\/schema\\\/logo\\\/image\\\/\"},\"sameAs\":[\"https:\\\/\\\/www.facebook.com\\\/marinainc.ca\\\/\"]}]}<\/script>\n<!-- \/ Yoast SEO plugin. -->","yoast_head_json":{"title":"Mat\u00e9riaux et \u00e9quipements d'am\u00e9nagement paysager - Marina Inc.","description":"Venez visiter notre salle de montre situ\u00e9e \u00e0 Lachine afin d'en apprendre plus sur nos \u00e9quipements Gravely\u00ae, Ariens\u00ae et Redmax\u00ae.","robots":{"index":"index","follow":"follow","max-snippet":"max-snippet:-1","max-image-preview":"max-image-preview:large","max-video-preview":"max-video-preview:-1"},"canonical":"https:\/\/marina-inc.com\/fr\/","og_locale":"fr_FR","og_type":"article","og_title":"Mat\u00e9riaux et \u00e9quipements d'am\u00e9nagement paysager - Marina Inc.","og_description":"Venez visiter notre salle de montre situ\u00e9e \u00e0 Lachine afin d'en apprendre plus sur nos \u00e9quipements Gravely\u00ae, Ariens\u00ae et Redmax\u00ae.","og_url":"https:\/\/marina-inc.com\/fr\/","og_site_name":"Marina Inc.","article_publisher":"https:\/\/www.facebook.com\/marinainc.ca\/","article_modified_time":"2022-01-28T15:44:36+00:00","og_image":[{"width":1200,"height":675,"url":"https:\/\/marina-inc.com\/wp-content\/uploads\/2016\/03\/marina-inc.jpg","type":"image\/jpeg"}],"twitter_card":"summary_large_image","twitter_misc":{"Dur\u00e9e de lecture estim\u00e9e":"3 minutes"},"schema":{"@context":"https:\/\/schema.org","@graph":[{"@type":"WebPage","@id":"https:\/\/marina-inc.com\/fr\/","url":"https:\/\/marina-inc.com\/fr\/","name":"Mat\u00e9riaux et \u00e9quipements d'am\u00e9nagement paysager - Marina Inc.","isPartOf":{"@id":"https:\/\/marina-inc.com\/#website"},"primaryImageOfPage":{"@id":"https:\/\/marina-inc.com\/fr\/#primaryimage"},"image":{"@id":"https:\/\/marina-inc.com\/fr\/#primaryimage"},"thumbnailUrl":"https:\/\/marina-inc.com\/wp-content\/uploads\/2016\/03\/marina-inc.jpg","datePublished":"2016-03-11T12:49:32+00:00","dateModified":"2022-01-28T15:44:36+00:00","description":"Venez visiter notre salle de montre situ\u00e9e \u00e0 Lachine afin d'en apprendre plus sur nos \u00e9quipements Gravely\u00ae, Ariens\u00ae et Redmax\u00ae.","breadcrumb":{"@id":"https:\/\/marina-inc.com\/fr\/#breadcrumb"},"inLanguage":"fr-FR","potentialAction":[{"@type":"ReadAction","target":["https:\/\/marina-inc.com\/fr\/"]}]},{"@type":"ImageObject","inLanguage":"fr-FR","@id":"https:\/\/marina-inc.com\/fr\/#primaryimage","url":"https:\/\/marina-inc.com\/wp-content\/uploads\/2016\/03\/marina-inc.jpg","contentUrl":"https:\/\/marina-inc.com\/wp-content\/uploads\/2016\/03\/marina-inc.jpg","width":1200,"height":675,"caption":"Marina Inc."},{"@type":"BreadcrumbList","@id":"https:\/\/marina-inc.com\/fr\/#breadcrumb","itemListElement":[{"@type":"ListItem","position":1,"name":"Home","item":"https:\/\/marina-inc.com\/fr\/"},{"@type":"ListItem","position":2,"name":"Mat\u00e9riaux et \u00e9quipements d&#8217;am\u00e9nagement paysager"}]},{"@type":"WebSite","@id":"https:\/\/marina-inc.com\/#website","url":"https:\/\/marina-inc.com\/","name":"Marina Inc.","description":"Landscape Materials and Equipment","publisher":{"@id":"https:\/\/marina-inc.com\/#organization"},"potentialAction":[{"@type":"SearchAction","target":{"@type":"EntryPoint","urlTemplate":"https:\/\/marina-inc.com\/?s={search_term_string}"},"query-input":{"@type":"PropertyValueSpecification","valueRequired":true,"valueName":"search_term_string"}}],"inLanguage":"fr-FR"},{"@type":"Organization","@id":"https:\/\/marina-inc.com\/#organization","name":"Marina Inc.","alternateName":"Marina Inc.","url":"https:\/\/marina-inc.com\/","logo":{"@type":"ImageObject","inLanguage":"fr-FR","@id":"https:\/\/marina-inc.com\/#\/schema\/logo\/image\/","url":"https:\/\/marina-inc.com\/wp-content\/uploads\/2016\/06\/marina-inc-logo.png","contentUrl":"https:\/\/marina-inc.com\/wp-content\/uploads\/2016\/06\/marina-inc-logo.png","width":304,"height":82,"caption":"Marina Inc."},"image":{"@id":"https:\/\/marina-inc.com\/#\/schema\/logo\/image\/"},"sameAs":["https:\/\/www.facebook.com\/marinainc.ca\/"]}]}},"_links":{"self":[{"href":"https:\/\/marina-inc.com\/fr\/wp-json\/wp\/v2\/pages\/1894","targetHints":{"allow":["GET"]}}],"collection":[{"href":"https:\/\/marina-inc.com\/fr\/wp-json\/wp\/v2\/pages"}],"about":[{"href":"https:\/\/marina-inc.com\/fr\/wp-json\/wp\/v2\/types\/page"}],"author":[{"embeddable":true,"href":"https:\/\/marina-inc.com\/fr\/wp-json\/wp\/v2\/users\/3"}],"replies":[{"embeddable":true,"href":"https:\/\/marina-inc.com\/fr\/wp-json\/wp\/v2\/comments?post=1894"}],"version-history":[{"count":0,"href":"https:\/\/marina-inc.com\/fr\/wp-json\/wp\/v2\/pages\/1894\/revisions"}],"wp:featuredmedia":[{"embeddable":true,"href":"https:\/\/marina-inc.com\/fr\/wp-json\/wp\/v2\/media\/2039"}],"wp:attachment":[{"href":"https:\/\/marina-inc.com\/fr\/wp-json\/wp\/v2\/media?parent=1894"}],"curies":[{"name":"wp","href":"https:\/\/api.w.org\/{rel}","templated":true}]}}