{"id":1485,"date":"2016-06-03T14:03:09","date_gmt":"2016-06-03T14:03:09","guid":{"rendered":"https:\/\/marina-inc.com\/fr\/redmax-blowers\/"},"modified":"2016-09-22T22:23:43","modified_gmt":"2016-09-22T22:23:43","slug":"souffleuses-redmax","status":"publish","type":"page","link":"https:\/\/marina-inc.com\/fr\/souffleuses-redmax\/","title":{"rendered":"Souffleuses RedMax"},"content":{"rendered":"<div class=\"wpb-content-wrapper\"><p>[vc_row bg_color=\u00a0\u00bb#f9f9f9&Prime; top_padding=\u00a0\u00bb50&Prime;][vc_column width=\u00a0\u00bb1\/1&Prime;]\n\t\t<div class=\"portfolio-element\">\n\n\t\t\n\t\t\t\t\t<div class=\"container\">\n\t\t\n\t\t\t\t\t<div id=\"1029868548\" class=\"portfolio-items portfolio-default portfolio-overlay-icon clearfix\" data-id=\"1029868548\">  \n\t\t\t\t\t\t\n\t\t\t\t\t\t\t\n\t\t\t\t\t\t\t\n\t\t\t\t\t\t\n\t\t\t\t\t\t\t\t\t\t\t\t\t\t\t\t\n\t\t\t\t\t\t\t\t   \n\n\t\t\t\t\t\t\t\t<div class=\"term-souffleuses portfolio-item four columns\">\n\t\t\t\t\t\t\t\t\t<div class=\"portfolio-image\"><a href=\"https:\/\/marina-inc.com\/fr\/equipment\/redmax-hbz2610-souffleur-a-main\/\" title=\"RedMax HBZ2610 Souffleur \u00e0 Main\"><div class=\"portfolio-image-img\"><img decoding=\"async\" src=\"https:\/\/marina-inc.com\/wp-content\/uploads\/2016\/05\/RedMax-HBZ2610-Handheld-Blower-600x400.jpg\" alt=\"RedMax HBZ2610 Souffleur \u00e0 Main\" \/><\/div><div class=\"portfolio-overlay overlay-icon\"><\/div><i class=\"icon-minti-plus\"><\/i><\/a><\/div>\n\t\t\t\t\t\t\t\t\t<h4><a href=\"https:\/\/marina-inc.com\/fr\/equipment\/redmax-hbz2610-souffleur-a-main\/\" title=\"RedMax HBZ2610 Souffleur \u00e0 Main\">RedMax HBZ2610 Souffleur \u00e0 Main<\/a><\/h4>\n\t\t\t\t\t\t\t\t\t<span class=\"portfolio-subtitle\"><\/span>\n\t\t\t\t\t\t\t\t<\/div>\n\n\t\t\t\t\t\t\t\t\t\t\t\t  \n\t\t\t\t\t\t\n\t\t\t\t\t\t\t\n\t\t\t\t\t\t\t\n\t\t\t\t\t\t\n\t\t\t\t\t\t\t\t\t\t\t\t\t\t\t\t\n\t\t\t\t\t\t\t\t   \n\n\t\t\t\t\t\t\t\t<div class=\"term-souffleuses portfolio-item four columns\">\n\t\t\t\t\t\t\t\t\t<div class=\"portfolio-image\"><a href=\"https:\/\/marina-inc.com\/fr\/equipment\/redmax-hb281-souffleur-a-main\/\" title=\"RedMax HB281 Souffleur \u00e0 Main\"><div class=\"portfolio-image-img\"><img decoding=\"async\" src=\"https:\/\/marina-inc.com\/wp-content\/uploads\/2016\/05\/RedMax-HB281-Handheld-Blower-600x400.jpg\" alt=\"RedMax HB281 Souffleur \u00e0 Main\" \/><\/div><div class=\"portfolio-overlay overlay-icon\"><\/div><i class=\"icon-minti-plus\"><\/i><\/a><\/div>\n\t\t\t\t\t\t\t\t\t<h4><a href=\"https:\/\/marina-inc.com\/fr\/equipment\/redmax-hb281-souffleur-a-main\/\" title=\"RedMax HB281 Souffleur \u00e0 Main\">RedMax HB281 Souffleur \u00e0 Main<\/a><\/h4>\n\t\t\t\t\t\t\t\t\t<span class=\"portfolio-subtitle\"><\/span>\n\t\t\t\t\t\t\t\t<\/div>\n\n\t\t\t\t\t\t\t\t\t\t\t\t  \n\t\t\t\t\t\t\n\t\t\t\t\t\t\t\n\t\t\t\t\t\t\t\n\t\t\t\t\t\t\n\t\t\t\t\t\t\t\t\t\t\t\t\t\t\t\t\n\t\t\t\t\t\t\t\t   \n\n\t\t\t\t\t\t\t\t<div class=\"term-souffleuses portfolio-item four columns\">\n\t\t\t\t\t\t\t\t\t<div class=\"portfolio-image\"><a href=\"https:\/\/marina-inc.com\/fr\/equipment\/redmax-hb280-vk-souffleur-a-main\/\" title=\"RedMax HB280-VK Souffleur \u00e0 Main\"><div class=\"portfolio-image-img\"><img decoding=\"async\" src=\"https:\/\/marina-inc.com\/wp-content\/uploads\/2016\/05\/RedMax-HB280-VK-Handheld-Blower-600x400.jpg\" alt=\"RedMax HB280-VK Souffleur \u00e0 Main\" \/><\/div><div class=\"portfolio-overlay overlay-icon\"><\/div><i class=\"icon-minti-plus\"><\/i><\/a><\/div>\n\t\t\t\t\t\t\t\t\t<h4><a href=\"https:\/\/marina-inc.com\/fr\/equipment\/redmax-hb280-vk-souffleur-a-main\/\" title=\"RedMax HB280-VK Souffleur \u00e0 Main\">RedMax HB280-VK Souffleur \u00e0 Main<\/a><\/h4>\n\t\t\t\t\t\t\t\t\t<span class=\"portfolio-subtitle\"><\/span>\n\t\t\t\t\t\t\t\t<\/div>\n\n\t\t\t\t\t\t\t\t\t\t\t\t  \n\t\t\t\t\t\t\n\t\t\t\t\t\t\t\n\t\t\t\t\t\t\t\n\t\t\t\t\t\t\n\t\t\t\t\t\t\t\t\t\t\t\t\t\t\t\t\n\t\t\t\t\t\t\t\t   \n\n\t\t\t\t\t\t\t\t<div class=\"term-souffleuses portfolio-item four columns\">\n\t\t\t\t\t\t\t\t\t<div class=\"portfolio-image\"><a href=\"https:\/\/marina-inc.com\/fr\/equipment\/redmax-ebz8500rh-souffleur-a-dos\/\" title=\"RedMax EBZ8500RH Souffleur \u00e0 Dos\"><div class=\"portfolio-image-img\"><img decoding=\"async\" src=\"https:\/\/marina-inc.com\/wp-content\/uploads\/2016\/05\/RedMax-EBZ8500RH-BACKPACK-Blower-600x400.jpg\" alt=\"RedMax EBZ8500RH Souffleur \u00e0 Dos\" \/><\/div><div class=\"portfolio-overlay overlay-icon\"><\/div><i class=\"icon-minti-plus\"><\/i><\/a><\/div>\n\t\t\t\t\t\t\t\t\t<h4><a href=\"https:\/\/marina-inc.com\/fr\/equipment\/redmax-ebz8500rh-souffleur-a-dos\/\" title=\"RedMax EBZ8500RH Souffleur \u00e0 Dos\">RedMax EBZ8500RH Souffleur \u00e0 Dos<\/a><\/h4>\n\t\t\t\t\t\t\t\t\t<span class=\"portfolio-subtitle\"><\/span>\n\t\t\t\t\t\t\t\t<\/div>\n\n\t\t\t\t\t\t\t\t\t\t\t\t  \n\t\t\t\t\t\t\n\t\t\t\t\t\t\t\n\t\t\t\t\t\t\t\n\t\t\t\t\t\t\n\t\t\t\t\t\t\t\t\t\t\t\t\t\t\t\t\n\t\t\t\t\t\t\t\t   \n\n\t\t\t\t\t\t\t\t<div class=\"term-souffleuses portfolio-item four columns\">\n\t\t\t\t\t\t\t\t\t<div class=\"portfolio-image\"><a href=\"https:\/\/marina-inc.com\/fr\/equipment\/redmax-ebz6500rh-souffleur-a-dos\/\" title=\"RedMax EBZ6500RH Souffleur \u00e0 Dos\"><div class=\"portfolio-image-img\"><img decoding=\"async\" src=\"https:\/\/marina-inc.com\/wp-content\/uploads\/2016\/05\/RedMax-EBZ6500RH-Backpack-Blower-600x400.jpg\" alt=\"RedMax EBZ6500RH Souffleur \u00e0 Dos\" \/><\/div><div class=\"portfolio-overlay overlay-icon\"><\/div><i class=\"icon-minti-plus\"><\/i><\/a><\/div>\n\t\t\t\t\t\t\t\t\t<h4><a href=\"https:\/\/marina-inc.com\/fr\/equipment\/redmax-ebz6500rh-souffleur-a-dos\/\" title=\"RedMax EBZ6500RH Souffleur \u00e0 Dos\">RedMax EBZ6500RH Souffleur \u00e0 Dos<\/a><\/h4>\n\t\t\t\t\t\t\t\t\t<span class=\"portfolio-subtitle\"><\/span>\n\t\t\t\t\t\t\t\t<\/div>\n\n\t\t\t\t\t\t\t\t\t\t\t\t  \n\t\t\t\t\t\t\n\t\t\t\t\t\t\t\n\t\t\t\t\t\t\t\n\t\t\t\t\t\t\n\t\t\t\t\t\t\t\t\t\t\t\t\t\t\t\t\n\t\t\t\t\t\t\t\t   \n\n\t\t\t\t\t\t\t\t<div class=\"term-souffleuses portfolio-item four columns\">\n\t\t\t\t\t\t\t\t\t<div class=\"portfolio-image\"><a href=\"https:\/\/marina-inc.com\/fr\/equipment\/redmax-ebz8500-souffleur-a-dos\/\" title=\"RedMax EBZ8500 Souffleur \u00e0 Dos\"><div class=\"portfolio-image-img\"><img decoding=\"async\" src=\"https:\/\/marina-inc.com\/wp-content\/uploads\/2016\/05\/RedMax-EBZ8500-Backpack-Blower-600x400.jpg\" alt=\"RedMax EBZ8500 Souffleur \u00e0 Dos\" \/><\/div><div class=\"portfolio-overlay overlay-icon\"><\/div><i class=\"icon-minti-plus\"><\/i><\/a><\/div>\n\t\t\t\t\t\t\t\t\t<h4><a href=\"https:\/\/marina-inc.com\/fr\/equipment\/redmax-ebz8500-souffleur-a-dos\/\" title=\"RedMax EBZ8500 Souffleur \u00e0 Dos\">RedMax EBZ8500 Souffleur \u00e0 Dos<\/a><\/h4>\n\t\t\t\t\t\t\t\t\t<span class=\"portfolio-subtitle\"><\/span>\n\t\t\t\t\t\t\t\t<\/div>\n\n\t\t\t\t\t\t\t\t\t\t\t\t  \n\t\t\t\t\t\t\n\t\t\t\t\t\t\t\n\t\t\t\t\t\t\t\n\t\t\t\t\t\t\n\t\t\t\t\t\t\t\t\t\t\t\t\t\t\t\t\n\t\t\t\t\t\t\t\t   \n\n\t\t\t\t\t\t\t\t<div class=\"term-souffleuses portfolio-item four columns\">\n\t\t\t\t\t\t\t\t\t<div class=\"portfolio-image\"><a href=\"https:\/\/marina-inc.com\/fr\/equipment\/redmax-ebz6500-souffleur-a-dos\/\" title=\"RedMax EBZ6500 Souffleur \u00e0 Dos\"><div class=\"portfolio-image-img\"><img decoding=\"async\" src=\"https:\/\/marina-inc.com\/wp-content\/uploads\/2016\/05\/RedMax-EBZ6500-Backpack-Blower-600x400.jpg\" alt=\"RedMax EBZ6500 Souffleur \u00e0 Dos\" \/><\/div><div class=\"portfolio-overlay overlay-icon\"><\/div><i class=\"icon-minti-plus\"><\/i><\/a><\/div>\n\t\t\t\t\t\t\t\t\t<h4><a href=\"https:\/\/marina-inc.com\/fr\/equipment\/redmax-ebz6500-souffleur-a-dos\/\" title=\"RedMax EBZ6500 Souffleur \u00e0 Dos\">RedMax EBZ6500 Souffleur \u00e0 Dos<\/a><\/h4>\n\t\t\t\t\t\t\t\t\t<span class=\"portfolio-subtitle\"><\/span>\n\t\t\t\t\t\t\t\t<\/div>\n\n\t\t\t\t\t\t\t\t\t\t\t\t  \n\t\t\t\t\t\t\n\t\t\t\t\t\t\t\n\t\t\t\t\t\t\t\n\t\t\t\t\t\t\n\t\t\t\t\t\t\t\t\t\t\t\t\t\t\t\t\n\t\t\t\t\t\t\t\t   \n\n\t\t\t\t\t\t\t\t<div class=\"term-souffleuses portfolio-item four columns\">\n\t\t\t\t\t\t\t\t\t<div class=\"portfolio-image\"><a href=\"https:\/\/marina-inc.com\/fr\/equipment\/redmax-ebz7500rh-souffleur-a-dos\/\" title=\"RedMax EBZ7500RH Souffleur \u00e0 Dos\"><div class=\"portfolio-image-img\"><img decoding=\"async\" src=\"https:\/\/marina-inc.com\/wp-content\/uploads\/2016\/05\/RedMax-EBZ7500RH-Backpack-Blower-600x400.jpg\" alt=\"RedMax EBZ7500RH Souffleur \u00e0 Dos\" \/><\/div><div class=\"portfolio-overlay overlay-icon\"><\/div><i class=\"icon-minti-plus\"><\/i><\/a><\/div>\n\t\t\t\t\t\t\t\t\t<h4><a href=\"https:\/\/marina-inc.com\/fr\/equipment\/redmax-ebz7500rh-souffleur-a-dos\/\" title=\"RedMax EBZ7500RH Souffleur \u00e0 Dos\">RedMax EBZ7500RH Souffleur \u00e0 Dos<\/a><\/h4>\n\t\t\t\t\t\t\t\t\t<span class=\"portfolio-subtitle\"><\/span>\n\t\t\t\t\t\t\t\t<\/div>\n\n\t\t\t\t\t\t\t\t\t\t\t\t  \n\t\t\t\t\t\t\n\t\t\t\t\t\t\t\n\t\t\t\t\t\t\t\n\t\t\t\t\t\t\n\t\t\t\t\t\t\t\t\t\t\t\t\t\t\t\t\n\t\t\t\t\t\t\t\t   \n\n\t\t\t\t\t\t\t\t<div class=\"term-souffleuses portfolio-item four columns\">\n\t\t\t\t\t\t\t\t\t<div class=\"portfolio-image\"><a href=\"https:\/\/marina-inc.com\/fr\/equipment\/redmax-ebz7500-souffleur-a-dos\/\" title=\"RedMax EBZ7500 Souffleur \u00e0 Dos\"><div class=\"portfolio-image-img\"><img decoding=\"async\" src=\"https:\/\/marina-inc.com\/wp-content\/uploads\/2016\/05\/EBZ7500-Backpack-Blower-600x400.jpg\" alt=\"RedMax EBZ7500 Souffleur \u00e0 Dos\" \/><\/div><div class=\"portfolio-overlay overlay-icon\"><\/div><i class=\"icon-minti-plus\"><\/i><\/a><\/div>\n\t\t\t\t\t\t\t\t\t<h4><a href=\"https:\/\/marina-inc.com\/fr\/equipment\/redmax-ebz7500-souffleur-a-dos\/\" title=\"RedMax EBZ7500 Souffleur \u00e0 Dos\">RedMax EBZ7500 Souffleur \u00e0 Dos<\/a><\/h4>\n\t\t\t\t\t\t\t\t\t<span class=\"portfolio-subtitle\"><\/span>\n\t\t\t\t\t\t\t\t<\/div>\n\n\t\t\t\t\t\t\t\t\t\t\t\t  \n\t\t\t\t\t\t\n\t\t\t\t\t\t\t\n\t\t\t\t\t\t\t\n\t\t\t\t\t\t\n\t\t\t\t\t\t\t\t\t\t\t\t\t\t\t\t\n\t\t\t\t\t\t\t\t   \n\n\t\t\t\t\t\t\t\t<div class=\"term-souffleuses portfolio-item four columns\">\n\t\t\t\t\t\t\t\t\t<div class=\"portfolio-image\"><a href=\"https:\/\/marina-inc.com\/fr\/equipment\/redmax-ebz5150-rh-souffleur-a-dos\/\" title=\"RedMax EBZ5150-RH Souffleur \u00e0 Dos\"><div class=\"portfolio-image-img\"><img decoding=\"async\" src=\"https:\/\/marina-inc.com\/wp-content\/uploads\/2016\/05\/EBZ5150-RH-Backpack-Blower-600x400.jpg\" alt=\"RedMax EBZ5150-RH Souffleur \u00e0 Dos\" \/><\/div><div class=\"portfolio-overlay overlay-icon\"><\/div><i class=\"icon-minti-plus\"><\/i><\/a><\/div>\n\t\t\t\t\t\t\t\t\t<h4><a href=\"https:\/\/marina-inc.com\/fr\/equipment\/redmax-ebz5150-rh-souffleur-a-dos\/\" title=\"RedMax EBZ5150-RH Souffleur \u00e0 Dos\">RedMax EBZ5150-RH Souffleur \u00e0 Dos<\/a><\/h4>\n\t\t\t\t\t\t\t\t\t<span class=\"portfolio-subtitle\"><\/span>\n\t\t\t\t\t\t\t\t<\/div>\n\n\t\t\t\t\t\t\t\t\t\t\t\t  \n\t\t\t\t\t\t\n\t\t\t\t\t\t\t\n\t\t\t\t\t\t\t\n\t\t\t\t\t\t\n\t\t\t\t\t\t\t\t\t\t\t\t\t\t\t\t\n\t\t\t\t\t\t\t\t   \n\n\t\t\t\t\t\t\t\t<div class=\"term-souffleuses portfolio-item four columns\">\n\t\t\t\t\t\t\t\t\t<div class=\"portfolio-image\"><a href=\"https:\/\/marina-inc.com\/fr\/equipment\/redmax-ebz5150-souffleur-a-dos\/\" title=\"RedMax EBZ5150 Souffleur \u00e0 Dos\"><div class=\"portfolio-image-img\"><img decoding=\"async\" src=\"https:\/\/marina-inc.com\/wp-content\/uploads\/2016\/05\/EBZ5150-RH-Backpack-Blower-1-600x400.jpg\" alt=\"RedMax EBZ5150 Souffleur \u00e0 Dos\" \/><\/div><div class=\"portfolio-overlay overlay-icon\"><\/div><i class=\"icon-minti-plus\"><\/i><\/a><\/div>\n\t\t\t\t\t\t\t\t\t<h4><a href=\"https:\/\/marina-inc.com\/fr\/equipment\/redmax-ebz5150-souffleur-a-dos\/\" title=\"RedMax EBZ5150 Souffleur \u00e0 Dos\">RedMax EBZ5150 Souffleur \u00e0 Dos<\/a><\/h4>\n\t\t\t\t\t\t\t\t\t<span class=\"portfolio-subtitle\"><\/span>\n\t\t\t\t\t\t\t\t<\/div>\n\n\t\t\t\t\t\t\t\t\t\t\t\t  \n\t\t\t\t\t\t\t\t\t\t\t<\/div>\n\n\t\t\t\t\t<\/div>\n\t\t\n\t\t<\/div>\n\t\t\t\n\t\t\t\t\n\t\t[\/vc_column][\/vc_row][vc_row top_padding=\u00a0\u00bb50&Prime; bottom_padding=\u00a0\u00bb50&Prime;][vc_column width=\u00a0\u00bb1\/1&Prime;][vc_column_text]<img decoding=\"async\" class=\"alignright size-full wp-image-969\" src=\"https:\/\/marina-inc.com\/wp-content\/uploads\/2016\/06\/redmax-logo.png\" alt=\"RedMax\" width=\"199\" height=\"77\" \/><\/p>\n<h1>RedMax\u00a0Souffleuses<\/h1>\n<p>Consid\u00e9r\u00e9 comme un chef de l&rsquo;industrie dans la performance, la durabilit\u00e9 et la s\u00e9lection, RedMax souffleuses \u00e0 feuilles de portable et sac \u00e0 dos sont efficaces, puissant et facile \u00e0 utiliser.<\/p>\n<p>Souffleuses portatives ont une construction l\u00e9g\u00e8re et sont extr\u00eamement bien \u00e9quilibr\u00e9s pour faciliter la manipulation.<\/p>\n<p>Les diverses parties du sac \u00e0 dos sont \u00e9quip\u00e9es de vitesse variable \u00e9tranglements du r\u00e9gulateur de vitesse et bretelles extralarges et un coussin d&rsquo;air forc\u00e9, amorti arri\u00e8re profil\u00e9 qui maintient les utilisateurs refroidir dans le domaine. Souffleuses RedMax a uniquement des moteurs de qualit\u00e9 commerciale avec de grands filtres \u00e0 air \u00e0 2 \u00e9tages pour une longue dur\u00e9e de vie. La plupart des mod\u00e8les incluent notre technologie de moteur Strato-Charged brevet\u00e9. Toutes les souffleuses sont \u00e9quip\u00e9es d\u2019un large balayage de rotation du coude pour la mobilit\u00e9 de commande complet et la maniabilit\u00e9, m\u00eame par temps froid. Les mod\u00e8les commerciaux sont \u00e9quip\u00e9s de d\u00e9bit d&rsquo;air libre net, ce qui r\u00e9duit le blocage d&rsquo;admission d&rsquo;air fournissant une performance maximale de soufflage.[\/vc_column_text][\/vc_column][\/vc_row]<\/p>\n<\/div>","protected":false},"excerpt":{"rendered":"<p>[vc_row bg_color=\u00a0\u00bb#f9f9f9&Prime; top_padding=\u00a0\u00bb50&Prime;][vc_column width=\u00a0\u00bb1\/1&Prime;][\/vc_column][\/vc_row][vc_row top_padding=\u00a0\u00bb50&Prime; bottom_padding=\u00a0\u00bb50&Prime;][vc_column width=\u00a0\u00bb1\/1&Prime;][vc_column_text] RedMax\u00a0Souffleuses Consid\u00e9r\u00e9 comme un chef de l&rsquo;industrie dans la performance, la durabilit\u00e9 et la s\u00e9lection, RedMax souffleuses \u00e0 feuilles de portable et sac \u00e0 dos sont efficaces, puissant et facile \u00e0 utiliser. Souffleuses portatives ont une construction l\u00e9g\u00e8re et sont extr\u00eamement bien \u00e9quilibr\u00e9s pour faciliter la manipulation. Les diverses parties du sac \u00e0 dos sont \u00e9quip\u00e9es de vitesse variable \u00e9tranglements du r\u00e9gulateur de vitesse et bretelles extralarges et un coussin d&rsquo;air forc\u00e9, amorti arri\u00e8re profil\u00e9 qui maintient les utilisateurs refroidir dans le domaine. Souffleuses RedMax a uniquement des moteurs de qualit\u00e9 commerciale avec de grands filtres \u00e0 air \u00e0 2 \u00e9tages pour une longue dur\u00e9e de vie. La plupart des mod\u00e8les incluent notre technologie de moteur Strato-Charged brevet\u00e9. Toutes les souffleuses sont \u00e9quip\u00e9es d\u2019un large balayage de rotation du coude pour la mobilit\u00e9 de commande complet et la maniabilit\u00e9, m\u00eame par temps froid. Les mod\u00e8les commerciaux sont \u00e9quip\u00e9s de d\u00e9bit d&rsquo;air libre net, ce qui r\u00e9duit le blocage d&rsquo;admission d&rsquo;air fournissant une performance maximale de soufflage.[\/vc_column_text][\/vc_column][\/vc_row]<\/p>\n","protected":false},"author":3,"featured_media":919,"parent":0,"menu_order":0,"comment_status":"closed","ping_status":"closed","template":"","meta":{"footnotes":""},"class_list":["post-1485","page","type-page","status-publish","has-post-thumbnail","hentry"],"yoast_head":"<!-- This site is optimized with the Yoast SEO plugin v27.4 - https:\/\/yoast.com\/product\/yoast-seo-wordpress\/ -->\n<title>Souffleuses RedMax - Marina Inc.<\/title>\n<meta name=\"description\" content=\"Consid\u00e9r\u00e9 comme un chef de l&#039;industrie dans la performance, RedMax Souffleuses \u00e0 feuilles portatives et sac \u00e0 dos est efficace, puissant et facile \u00e0 utiliser.\" \/>\n<meta name=\"robots\" content=\"index, follow, max-snippet:-1, max-image-preview:large, max-video-preview:-1\" \/>\n<link rel=\"canonical\" href=\"https:\/\/marina-inc.com\/fr\/souffleuses-redmax\/\" \/>\n<meta property=\"og:locale\" content=\"fr_FR\" \/>\n<meta property=\"og:type\" content=\"article\" \/>\n<meta property=\"og:title\" content=\"Souffleuses RedMax - Marina Inc.\" \/>\n<meta property=\"og:description\" content=\"Consid\u00e9r\u00e9 comme un chef de l&#039;industrie dans la performance, RedMax Souffleuses \u00e0 feuilles portatives et sac \u00e0 dos est efficace, puissant et facile \u00e0 utiliser.\" \/>\n<meta property=\"og:url\" content=\"https:\/\/marina-inc.com\/fr\/souffleuses-redmax\/\" \/>\n<meta property=\"og:site_name\" content=\"Marina Inc.\" \/>\n<meta property=\"article:publisher\" content=\"https:\/\/www.facebook.com\/marinainc.ca\/\" \/>\n<meta property=\"article:modified_time\" content=\"2016-09-22T22:23:43+00:00\" \/>\n<meta property=\"og:image\" content=\"https:\/\/marina-inc.com\/wp-content\/uploads\/2016\/05\/RedMax-EBZ6500-Backpack-Blower.jpg\" \/>\n\t<meta property=\"og:image:width\" content=\"800\" \/>\n\t<meta property=\"og:image:height\" content=\"533\" \/>\n\t<meta property=\"og:image:type\" content=\"image\/jpeg\" \/>\n<meta name=\"twitter:card\" content=\"summary_large_image\" \/>\n<meta name=\"twitter:label1\" content=\"Dur\u00e9e de lecture estim\u00e9e\" \/>\n\t<meta name=\"twitter:data1\" content=\"1 minute\" \/>\n<script type=\"application\/ld+json\" class=\"yoast-schema-graph\">{\"@context\":\"https:\\\/\\\/schema.org\",\"@graph\":[{\"@type\":\"WebPage\",\"@id\":\"https:\\\/\\\/marina-inc.com\\\/fr\\\/souffleuses-redmax\\\/\",\"url\":\"https:\\\/\\\/marina-inc.com\\\/fr\\\/souffleuses-redmax\\\/\",\"name\":\"Souffleuses RedMax - Marina Inc.\",\"isPartOf\":{\"@id\":\"https:\\\/\\\/marina-inc.com\\\/#website\"},\"primaryImageOfPage\":{\"@id\":\"https:\\\/\\\/marina-inc.com\\\/fr\\\/souffleuses-redmax\\\/#primaryimage\"},\"image\":{\"@id\":\"https:\\\/\\\/marina-inc.com\\\/fr\\\/souffleuses-redmax\\\/#primaryimage\"},\"thumbnailUrl\":\"https:\\\/\\\/marina-inc.com\\\/wp-content\\\/uploads\\\/2016\\\/05\\\/RedMax-EBZ6500-Backpack-Blower.jpg\",\"datePublished\":\"2016-06-03T14:03:09+00:00\",\"dateModified\":\"2016-09-22T22:23:43+00:00\",\"description\":\"Consid\u00e9r\u00e9 comme un chef de l'industrie dans la performance, RedMax Souffleuses \u00e0 feuilles portatives et sac \u00e0 dos est efficace, puissant et facile \u00e0 utiliser.\",\"breadcrumb\":{\"@id\":\"https:\\\/\\\/marina-inc.com\\\/fr\\\/souffleuses-redmax\\\/#breadcrumb\"},\"inLanguage\":\"fr-FR\",\"potentialAction\":[{\"@type\":\"ReadAction\",\"target\":[\"https:\\\/\\\/marina-inc.com\\\/fr\\\/souffleuses-redmax\\\/\"]}]},{\"@type\":\"ImageObject\",\"inLanguage\":\"fr-FR\",\"@id\":\"https:\\\/\\\/marina-inc.com\\\/fr\\\/souffleuses-redmax\\\/#primaryimage\",\"url\":\"https:\\\/\\\/marina-inc.com\\\/wp-content\\\/uploads\\\/2016\\\/05\\\/RedMax-EBZ6500-Backpack-Blower.jpg\",\"contentUrl\":\"https:\\\/\\\/marina-inc.com\\\/wp-content\\\/uploads\\\/2016\\\/05\\\/RedMax-EBZ6500-Backpack-Blower.jpg\",\"width\":800,\"height\":533},{\"@type\":\"BreadcrumbList\",\"@id\":\"https:\\\/\\\/marina-inc.com\\\/fr\\\/souffleuses-redmax\\\/#breadcrumb\",\"itemListElement\":[{\"@type\":\"ListItem\",\"position\":1,\"name\":\"Home\",\"item\":\"https:\\\/\\\/marina-inc.com\\\/fr\\\/\"},{\"@type\":\"ListItem\",\"position\":2,\"name\":\"Souffleuses RedMax\"}]},{\"@type\":\"WebSite\",\"@id\":\"https:\\\/\\\/marina-inc.com\\\/#website\",\"url\":\"https:\\\/\\\/marina-inc.com\\\/\",\"name\":\"Marina Inc.\",\"description\":\"Landscape Materials and Equipment\",\"publisher\":{\"@id\":\"https:\\\/\\\/marina-inc.com\\\/#organization\"},\"potentialAction\":[{\"@type\":\"SearchAction\",\"target\":{\"@type\":\"EntryPoint\",\"urlTemplate\":\"https:\\\/\\\/marina-inc.com\\\/?s={search_term_string}\"},\"query-input\":{\"@type\":\"PropertyValueSpecification\",\"valueRequired\":true,\"valueName\":\"search_term_string\"}}],\"inLanguage\":\"fr-FR\"},{\"@type\":\"Organization\",\"@id\":\"https:\\\/\\\/marina-inc.com\\\/#organization\",\"name\":\"Marina Inc.\",\"alternateName\":\"Marina Inc.\",\"url\":\"https:\\\/\\\/marina-inc.com\\\/\",\"logo\":{\"@type\":\"ImageObject\",\"inLanguage\":\"fr-FR\",\"@id\":\"https:\\\/\\\/marina-inc.com\\\/#\\\/schema\\\/logo\\\/image\\\/\",\"url\":\"https:\\\/\\\/marina-inc.com\\\/wp-content\\\/uploads\\\/2016\\\/06\\\/marina-inc-logo.png\",\"contentUrl\":\"https:\\\/\\\/marina-inc.com\\\/wp-content\\\/uploads\\\/2016\\\/06\\\/marina-inc-logo.png\",\"width\":304,\"height\":82,\"caption\":\"Marina Inc.\"},\"image\":{\"@id\":\"https:\\\/\\\/marina-inc.com\\\/#\\\/schema\\\/logo\\\/image\\\/\"},\"sameAs\":[\"https:\\\/\\\/www.facebook.com\\\/marinainc.ca\\\/\"]}]}<\/script>\n<!-- \/ Yoast SEO plugin. -->","yoast_head_json":{"title":"Souffleuses RedMax - Marina Inc.","description":"Consid\u00e9r\u00e9 comme un chef de l'industrie dans la performance, RedMax Souffleuses \u00e0 feuilles portatives et sac \u00e0 dos est efficace, puissant et facile \u00e0 utiliser.","robots":{"index":"index","follow":"follow","max-snippet":"max-snippet:-1","max-image-preview":"max-image-preview:large","max-video-preview":"max-video-preview:-1"},"canonical":"https:\/\/marina-inc.com\/fr\/souffleuses-redmax\/","og_locale":"fr_FR","og_type":"article","og_title":"Souffleuses RedMax - Marina Inc.","og_description":"Consid\u00e9r\u00e9 comme un chef de l'industrie dans la performance, RedMax Souffleuses \u00e0 feuilles portatives et sac \u00e0 dos est efficace, puissant et facile \u00e0 utiliser.","og_url":"https:\/\/marina-inc.com\/fr\/souffleuses-redmax\/","og_site_name":"Marina Inc.","article_publisher":"https:\/\/www.facebook.com\/marinainc.ca\/","article_modified_time":"2016-09-22T22:23:43+00:00","og_image":[{"width":800,"height":533,"url":"https:\/\/marina-inc.com\/wp-content\/uploads\/2016\/05\/RedMax-EBZ6500-Backpack-Blower.jpg","type":"image\/jpeg"}],"twitter_card":"summary_large_image","twitter_misc":{"Dur\u00e9e de lecture estim\u00e9e":"1 minute"},"schema":{"@context":"https:\/\/schema.org","@graph":[{"@type":"WebPage","@id":"https:\/\/marina-inc.com\/fr\/souffleuses-redmax\/","url":"https:\/\/marina-inc.com\/fr\/souffleuses-redmax\/","name":"Souffleuses RedMax - Marina Inc.","isPartOf":{"@id":"https:\/\/marina-inc.com\/#website"},"primaryImageOfPage":{"@id":"https:\/\/marina-inc.com\/fr\/souffleuses-redmax\/#primaryimage"},"image":{"@id":"https:\/\/marina-inc.com\/fr\/souffleuses-redmax\/#primaryimage"},"thumbnailUrl":"https:\/\/marina-inc.com\/wp-content\/uploads\/2016\/05\/RedMax-EBZ6500-Backpack-Blower.jpg","datePublished":"2016-06-03T14:03:09+00:00","dateModified":"2016-09-22T22:23:43+00:00","description":"Consid\u00e9r\u00e9 comme un chef de l'industrie dans la performance, RedMax Souffleuses \u00e0 feuilles portatives et sac \u00e0 dos est efficace, puissant et facile \u00e0 utiliser.","breadcrumb":{"@id":"https:\/\/marina-inc.com\/fr\/souffleuses-redmax\/#breadcrumb"},"inLanguage":"fr-FR","potentialAction":[{"@type":"ReadAction","target":["https:\/\/marina-inc.com\/fr\/souffleuses-redmax\/"]}]},{"@type":"ImageObject","inLanguage":"fr-FR","@id":"https:\/\/marina-inc.com\/fr\/souffleuses-redmax\/#primaryimage","url":"https:\/\/marina-inc.com\/wp-content\/uploads\/2016\/05\/RedMax-EBZ6500-Backpack-Blower.jpg","contentUrl":"https:\/\/marina-inc.com\/wp-content\/uploads\/2016\/05\/RedMax-EBZ6500-Backpack-Blower.jpg","width":800,"height":533},{"@type":"BreadcrumbList","@id":"https:\/\/marina-inc.com\/fr\/souffleuses-redmax\/#breadcrumb","itemListElement":[{"@type":"ListItem","position":1,"name":"Home","item":"https:\/\/marina-inc.com\/fr\/"},{"@type":"ListItem","position":2,"name":"Souffleuses RedMax"}]},{"@type":"WebSite","@id":"https:\/\/marina-inc.com\/#website","url":"https:\/\/marina-inc.com\/","name":"Marina Inc.","description":"Landscape Materials and Equipment","publisher":{"@id":"https:\/\/marina-inc.com\/#organization"},"potentialAction":[{"@type":"SearchAction","target":{"@type":"EntryPoint","urlTemplate":"https:\/\/marina-inc.com\/?s={search_term_string}"},"query-input":{"@type":"PropertyValueSpecification","valueRequired":true,"valueName":"search_term_string"}}],"inLanguage":"fr-FR"},{"@type":"Organization","@id":"https:\/\/marina-inc.com\/#organization","name":"Marina Inc.","alternateName":"Marina Inc.","url":"https:\/\/marina-inc.com\/","logo":{"@type":"ImageObject","inLanguage":"fr-FR","@id":"https:\/\/marina-inc.com\/#\/schema\/logo\/image\/","url":"https:\/\/marina-inc.com\/wp-content\/uploads\/2016\/06\/marina-inc-logo.png","contentUrl":"https:\/\/marina-inc.com\/wp-content\/uploads\/2016\/06\/marina-inc-logo.png","width":304,"height":82,"caption":"Marina Inc."},"image":{"@id":"https:\/\/marina-inc.com\/#\/schema\/logo\/image\/"},"sameAs":["https:\/\/www.facebook.com\/marinainc.ca\/"]}]}},"_links":{"self":[{"href":"https:\/\/marina-inc.com\/fr\/wp-json\/wp\/v2\/pages\/1485","targetHints":{"allow":["GET"]}}],"collection":[{"href":"https:\/\/marina-inc.com\/fr\/wp-json\/wp\/v2\/pages"}],"about":[{"href":"https:\/\/marina-inc.com\/fr\/wp-json\/wp\/v2\/types\/page"}],"author":[{"embeddable":true,"href":"https:\/\/marina-inc.com\/fr\/wp-json\/wp\/v2\/users\/3"}],"replies":[{"embeddable":true,"href":"https:\/\/marina-inc.com\/fr\/wp-json\/wp\/v2\/comments?post=1485"}],"version-history":[{"count":0,"href":"https:\/\/marina-inc.com\/fr\/wp-json\/wp\/v2\/pages\/1485\/revisions"}],"wp:featuredmedia":[{"embeddable":true,"href":"https:\/\/marina-inc.com\/fr\/wp-json\/wp\/v2\/media\/919"}],"wp:attachment":[{"href":"https:\/\/marina-inc.com\/fr\/wp-json\/wp\/v2\/media?parent=1485"}],"curies":[{"name":"wp","href":"https:\/\/api.w.org\/{rel}","templated":true}]}}