{"id":1483,"date":"2016-06-03T14:12:08","date_gmt":"2016-06-03T14:12:08","guid":{"rendered":"https:\/\/marina-inc.com\/fr\/redmax-brushcutters\/"},"modified":"2016-09-23T15:39:03","modified_gmt":"2016-09-23T15:39:03","slug":"debroussailleuses-redmax","status":"publish","type":"page","link":"https:\/\/marina-inc.com\/fr\/debroussailleuses-redmax\/","title":{"rendered":"D\u00e9broussailleuses RedMax"},"content":{"rendered":"<div class=\"wpb-content-wrapper\"><p>[vc_row bg_color=\u00a0\u00bb#f9f9f9&Prime; top_padding=\u00a0\u00bb50&Prime;][vc_column width=\u00a0\u00bb1\/1&Prime;]\n\t\t<div class=\"portfolio-element\">\n\n\t\t\n\t\t\t\t\t<div class=\"container\">\n\t\t\n\t\t\t\t\t<div id=\"1439078764\" class=\"portfolio-items portfolio-default portfolio-overlay-icon clearfix\" data-id=\"1439078764\">  \n\t\t\t\t\t\t\n\t\t\t\t\t\t\t\n\t\t\t\t\t\t\t\n\t\t\t\t\t\t\n\t\t\t\t\t\t\t\t\t\t\t\t\t\t\t\t\n\t\t\t\t\t\t\t\t   \n\n\t\t\t\t\t\t\t\t<div class=\"term-debroussailleuse portfolio-item four columns\">\n\t\t\t\t\t\t\t\t\t<div class=\"portfolio-image\"><a href=\"https:\/\/marina-inc.com\/fr\/equipment\/redmax-bcz400sw-debroussailleuse\/\" title=\"REDMAX BCZ400SW D\u00e9broussailleuse\"><div class=\"portfolio-image-img\"><img decoding=\"async\" src=\"https:\/\/marina-inc.com\/wp-content\/uploads\/2016\/05\/REDMAX-BCZ400SW-600x400.jpg\" alt=\"REDMAX BCZ400SW D\u00e9broussailleuse\" \/><\/div><div class=\"portfolio-overlay overlay-icon\"><\/div><i class=\"icon-minti-plus\"><\/i><\/a><\/div>\n\t\t\t\t\t\t\t\t\t<h4><a href=\"https:\/\/marina-inc.com\/fr\/equipment\/redmax-bcz400sw-debroussailleuse\/\" title=\"REDMAX BCZ400SW D\u00e9broussailleuse\">REDMAX BCZ400SW D\u00e9broussailleuse<\/a><\/h4>\n\t\t\t\t\t\t\t\t\t<span class=\"portfolio-subtitle\"><\/span>\n\t\t\t\t\t\t\t\t<\/div>\n\n\t\t\t\t\t\t\t\t\t\t\t\t  \n\t\t\t\t\t\t\n\t\t\t\t\t\t\t\n\t\t\t\t\t\t\t\n\t\t\t\t\t\t\n\t\t\t\t\t\t\t\t\t\t\t\t\t\t\t\t\n\t\t\t\t\t\t\t\t   \n\n\t\t\t\t\t\t\t\t<div class=\"term-debroussailleuse portfolio-item four columns\">\n\t\t\t\t\t\t\t\t\t<div class=\"portfolio-image\"><a href=\"https:\/\/marina-inc.com\/fr\/equipment\/redmax-bcz3050sw-debroussailleuse\/\" title=\"REDMAX BCZ3050SW D\u00e9broussailleuse\"><div class=\"portfolio-image-img\"><img decoding=\"async\" src=\"https:\/\/marina-inc.com\/wp-content\/uploads\/2016\/05\/REDMAX-BCZ3050SW-brushcutter-600x400.jpg\" alt=\"REDMAX BCZ3050SW D\u00e9broussailleuse\" \/><\/div><div class=\"portfolio-overlay overlay-icon\"><\/div><i class=\"icon-minti-plus\"><\/i><\/a><\/div>\n\t\t\t\t\t\t\t\t\t<h4><a href=\"https:\/\/marina-inc.com\/fr\/equipment\/redmax-bcz3050sw-debroussailleuse\/\" title=\"REDMAX BCZ3050SW D\u00e9broussailleuse\">REDMAX BCZ3050SW D\u00e9broussailleuse<\/a><\/h4>\n\t\t\t\t\t\t\t\t\t<span class=\"portfolio-subtitle\"><\/span>\n\t\t\t\t\t\t\t\t<\/div>\n\n\t\t\t\t\t\t\t\t\t\t\t\t  \n\t\t\t\t\t\t\n\t\t\t\t\t\t\t\n\t\t\t\t\t\t\t\n\t\t\t\t\t\t\n\t\t\t\t\t\t\t\t\t\t\t\t\t\t\t\t\n\t\t\t\t\t\t\t\t   \n\n\t\t\t\t\t\t\t\t<div class=\"term-debroussailleuse portfolio-item four columns\">\n\t\t\t\t\t\t\t\t\t<div class=\"portfolio-image\"><a href=\"https:\/\/marina-inc.com\/fr\/equipment\/redmax-bcz350s-debroussailleuse\/\" title=\"REDMAX BCZ350S D\u00e9broussailleuse\"><div class=\"portfolio-image-img\"><img decoding=\"async\" src=\"https:\/\/marina-inc.com\/wp-content\/uploads\/2016\/05\/REDMAX-BCZ350S-brushcutter-600x400.jpg\" alt=\"REDMAX BCZ350S D\u00e9broussailleuse\" \/><\/div><div class=\"portfolio-overlay overlay-icon\"><\/div><i class=\"icon-minti-plus\"><\/i><\/a><\/div>\n\t\t\t\t\t\t\t\t\t<h4><a href=\"https:\/\/marina-inc.com\/fr\/equipment\/redmax-bcz350s-debroussailleuse\/\" title=\"REDMAX BCZ350S D\u00e9broussailleuse\">REDMAX BCZ350S D\u00e9broussailleuse<\/a><\/h4>\n\t\t\t\t\t\t\t\t\t<span class=\"portfolio-subtitle\"><\/span>\n\t\t\t\t\t\t\t\t<\/div>\n\n\t\t\t\t\t\t\t\t\t\t\t\t  \n\t\t\t\t\t\t\t\t\t\t\t<\/div>\n\n\t\t\t\t\t<\/div>\n\t\t\n\t\t<\/div>\n\t\t\t\n\t\t\t\t\n\t\t[\/vc_column][\/vc_row][vc_row top_padding=\u00a0\u00bb50&Prime; bottom_padding=\u00a0\u00bb50&Prime;][vc_column width=\u00a0\u00bb1\/1&Prime;][vc_column_text]<img decoding=\"async\" class=\"alignright size-full wp-image-969\" src=\"https:\/\/marina-inc.com\/wp-content\/uploads\/2016\/06\/redmax-logo.png\" alt=\"RedMax\" width=\"199\" height=\"77\" \/><\/p>\n<h1>RedMax D\u00e9broussailleuses<\/h1>\n<p>Construit pour r\u00e9sister \u00e0 des emplois de compensation la plus difficile de gramin\u00e9es et d&rsquo;arbustes \u00e0 sous-bois dense difficile, D\u00e9broussailleuses RedMax sont des \u00e9quipements de service le plus \u00e9lev\u00e9 de calibre professionnel commercial offert. \u00c9quip\u00e9es de lourds syst\u00e8mes de r\u00e9duction de vibration int\u00e9gr\u00e9e et poign\u00e9es ergonomiques et poign\u00e9es, ses parties sup\u00e9rieures sont faciles \u00e0 utiliser avec un accent sur la maximisation de confort de l&rsquo;utilisateur dans le domaine. La plupart des mod\u00e8les sont couverts par une garantie compl\u00e8te, deux ans commerciaux.<\/p>\n<p>Certains mod\u00e8les de d\u00e9broussailleuses disposent \u00e9galement notre technologie de moteur Strato-Charged brevet\u00e9, produisant moins d&rsquo;\u00e9missions et jusqu&rsquo;\u00e0 20% plus grande efficacit\u00e9 de carburant.<\/p>\n<p>RedMax propose une gamme de lames de d\u00e9broussailleuse pour r\u00e9pondre \u00e0 tous vos besoins d&rsquo;am\u00e9nagement paysager. Pour en savoir plus, voir la grille D\u00e9broussailleuse Lame Accessoire en vedette dans la section intitul\u00e9e \u00ab\u00a0Trimmer et D\u00e9broussailleuse Accessoires\u00a0\u00bb.<\/p>\n<p>D\u00e9broussailleuses RedMax offrent une acc\u00e9l\u00e9ration rapide et un couple \u00e9lev\u00e9, et sont combin\u00e9s avec des rapports de transmission de cas de vitesses optimis\u00e9s pour la performance de coupe sup\u00e9rieure.[\/vc_column_text][\/vc_column][\/vc_row]<\/p>\n<\/div>","protected":false},"excerpt":{"rendered":"<p>[vc_row bg_color=\u00a0\u00bb#f9f9f9&Prime; top_padding=\u00a0\u00bb50&Prime;][vc_column width=\u00a0\u00bb1\/1&Prime;][\/vc_column][\/vc_row][vc_row top_padding=\u00a0\u00bb50&Prime; bottom_padding=\u00a0\u00bb50&Prime;][vc_column width=\u00a0\u00bb1\/1&Prime;][vc_column_text] RedMax D\u00e9broussailleuses Construit pour r\u00e9sister \u00e0 des emplois de compensation la plus difficile de gramin\u00e9es et d&rsquo;arbustes \u00e0 sous-bois dense difficile, D\u00e9broussailleuses RedMax sont des \u00e9quipements de service le plus \u00e9lev\u00e9 de calibre professionnel commercial offert. \u00c9quip\u00e9es de lourds syst\u00e8mes de r\u00e9duction de vibration int\u00e9gr\u00e9e et poign\u00e9es ergonomiques et poign\u00e9es, ses parties sup\u00e9rieures sont faciles \u00e0 utiliser avec un accent sur la maximisation de confort de l&rsquo;utilisateur dans le domaine. La plupart des mod\u00e8les sont couverts par une garantie compl\u00e8te, deux ans commerciaux. Certains mod\u00e8les de d\u00e9broussailleuses disposent \u00e9galement notre technologie de moteur Strato-Charged brevet\u00e9, produisant moins d&rsquo;\u00e9missions et jusqu&rsquo;\u00e0 20% plus grande efficacit\u00e9 de carburant. RedMax propose une gamme de lames de d\u00e9broussailleuse pour r\u00e9pondre \u00e0 tous vos besoins d&rsquo;am\u00e9nagement paysager. Pour en savoir plus, voir la grille D\u00e9broussailleuse Lame Accessoire en vedette dans la section intitul\u00e9e \u00ab\u00a0Trimmer et D\u00e9broussailleuse Accessoires\u00a0\u00bb. D\u00e9broussailleuses RedMax offrent une acc\u00e9l\u00e9ration rapide et un couple \u00e9lev\u00e9, et sont combin\u00e9s avec des rapports de transmission de cas de vitesses optimis\u00e9s pour la performance de coupe sup\u00e9rieure.[\/vc_column_text][\/vc_column][\/vc_row]<\/p>\n","protected":false},"author":3,"featured_media":860,"parent":0,"menu_order":0,"comment_status":"closed","ping_status":"closed","template":"","meta":{"footnotes":""},"class_list":["post-1483","page","type-page","status-publish","has-post-thumbnail","hentry"],"yoast_head":"<!-- This site is optimized with the Yoast SEO plugin v27.4 - https:\/\/yoast.com\/product\/yoast-seo-wordpress\/ -->\n<title>D\u00e9broussailleuses RedMax - Marina Inc.<\/title>\n<meta name=\"description\" content=\"D\u00e9broussailleuses RedMax sont les \u00e9quipements de service le plus \u00e9lev\u00e9 de calibre professionnel commercial accessible.\" \/>\n<meta name=\"robots\" content=\"index, follow, max-snippet:-1, max-image-preview:large, max-video-preview:-1\" \/>\n<link rel=\"canonical\" href=\"https:\/\/marina-inc.com\/fr\/debroussailleuses-redmax\/\" \/>\n<meta property=\"og:locale\" content=\"fr_FR\" \/>\n<meta property=\"og:type\" content=\"article\" \/>\n<meta property=\"og:title\" content=\"D\u00e9broussailleuses RedMax - Marina Inc.\" \/>\n<meta property=\"og:description\" content=\"D\u00e9broussailleuses RedMax sont les \u00e9quipements de service le plus \u00e9lev\u00e9 de calibre professionnel commercial accessible.\" \/>\n<meta property=\"og:url\" content=\"https:\/\/marina-inc.com\/fr\/debroussailleuses-redmax\/\" \/>\n<meta property=\"og:site_name\" content=\"Marina Inc.\" \/>\n<meta property=\"article:publisher\" content=\"https:\/\/www.facebook.com\/marinainc.ca\/\" \/>\n<meta property=\"article:modified_time\" content=\"2016-09-23T15:39:03+00:00\" \/>\n<meta property=\"og:image\" content=\"https:\/\/marina-inc.com\/wp-content\/uploads\/2016\/05\/REDMAX-BCZ400SW.jpg\" \/>\n\t<meta property=\"og:image:width\" content=\"800\" \/>\n\t<meta property=\"og:image:height\" content=\"533\" \/>\n\t<meta property=\"og:image:type\" content=\"image\/jpeg\" \/>\n<meta name=\"twitter:card\" content=\"summary_large_image\" \/>\n<meta name=\"twitter:label1\" content=\"Dur\u00e9e de lecture estim\u00e9e\" \/>\n\t<meta name=\"twitter:data1\" content=\"1 minute\" \/>\n<script type=\"application\/ld+json\" class=\"yoast-schema-graph\">{\"@context\":\"https:\\\/\\\/schema.org\",\"@graph\":[{\"@type\":\"WebPage\",\"@id\":\"https:\\\/\\\/marina-inc.com\\\/fr\\\/debroussailleuses-redmax\\\/\",\"url\":\"https:\\\/\\\/marina-inc.com\\\/fr\\\/debroussailleuses-redmax\\\/\",\"name\":\"D\u00e9broussailleuses RedMax - Marina Inc.\",\"isPartOf\":{\"@id\":\"https:\\\/\\\/marina-inc.com\\\/#website\"},\"primaryImageOfPage\":{\"@id\":\"https:\\\/\\\/marina-inc.com\\\/fr\\\/debroussailleuses-redmax\\\/#primaryimage\"},\"image\":{\"@id\":\"https:\\\/\\\/marina-inc.com\\\/fr\\\/debroussailleuses-redmax\\\/#primaryimage\"},\"thumbnailUrl\":\"https:\\\/\\\/marina-inc.com\\\/wp-content\\\/uploads\\\/2016\\\/05\\\/REDMAX-BCZ400SW.jpg\",\"datePublished\":\"2016-06-03T14:12:08+00:00\",\"dateModified\":\"2016-09-23T15:39:03+00:00\",\"description\":\"D\u00e9broussailleuses RedMax sont les \u00e9quipements de service le plus \u00e9lev\u00e9 de calibre professionnel commercial accessible.\",\"breadcrumb\":{\"@id\":\"https:\\\/\\\/marina-inc.com\\\/fr\\\/debroussailleuses-redmax\\\/#breadcrumb\"},\"inLanguage\":\"fr-FR\",\"potentialAction\":[{\"@type\":\"ReadAction\",\"target\":[\"https:\\\/\\\/marina-inc.com\\\/fr\\\/debroussailleuses-redmax\\\/\"]}]},{\"@type\":\"ImageObject\",\"inLanguage\":\"fr-FR\",\"@id\":\"https:\\\/\\\/marina-inc.com\\\/fr\\\/debroussailleuses-redmax\\\/#primaryimage\",\"url\":\"https:\\\/\\\/marina-inc.com\\\/wp-content\\\/uploads\\\/2016\\\/05\\\/REDMAX-BCZ400SW.jpg\",\"contentUrl\":\"https:\\\/\\\/marina-inc.com\\\/wp-content\\\/uploads\\\/2016\\\/05\\\/REDMAX-BCZ400SW.jpg\",\"width\":800,\"height\":533},{\"@type\":\"BreadcrumbList\",\"@id\":\"https:\\\/\\\/marina-inc.com\\\/fr\\\/debroussailleuses-redmax\\\/#breadcrumb\",\"itemListElement\":[{\"@type\":\"ListItem\",\"position\":1,\"name\":\"Home\",\"item\":\"https:\\\/\\\/marina-inc.com\\\/fr\\\/\"},{\"@type\":\"ListItem\",\"position\":2,\"name\":\"D\u00e9broussailleuses RedMax\"}]},{\"@type\":\"WebSite\",\"@id\":\"https:\\\/\\\/marina-inc.com\\\/#website\",\"url\":\"https:\\\/\\\/marina-inc.com\\\/\",\"name\":\"Marina Inc.\",\"description\":\"Landscape Materials and Equipment\",\"publisher\":{\"@id\":\"https:\\\/\\\/marina-inc.com\\\/#organization\"},\"potentialAction\":[{\"@type\":\"SearchAction\",\"target\":{\"@type\":\"EntryPoint\",\"urlTemplate\":\"https:\\\/\\\/marina-inc.com\\\/?s={search_term_string}\"},\"query-input\":{\"@type\":\"PropertyValueSpecification\",\"valueRequired\":true,\"valueName\":\"search_term_string\"}}],\"inLanguage\":\"fr-FR\"},{\"@type\":\"Organization\",\"@id\":\"https:\\\/\\\/marina-inc.com\\\/#organization\",\"name\":\"Marina Inc.\",\"alternateName\":\"Marina Inc.\",\"url\":\"https:\\\/\\\/marina-inc.com\\\/\",\"logo\":{\"@type\":\"ImageObject\",\"inLanguage\":\"fr-FR\",\"@id\":\"https:\\\/\\\/marina-inc.com\\\/#\\\/schema\\\/logo\\\/image\\\/\",\"url\":\"https:\\\/\\\/marina-inc.com\\\/wp-content\\\/uploads\\\/2016\\\/06\\\/marina-inc-logo.png\",\"contentUrl\":\"https:\\\/\\\/marina-inc.com\\\/wp-content\\\/uploads\\\/2016\\\/06\\\/marina-inc-logo.png\",\"width\":304,\"height\":82,\"caption\":\"Marina Inc.\"},\"image\":{\"@id\":\"https:\\\/\\\/marina-inc.com\\\/#\\\/schema\\\/logo\\\/image\\\/\"},\"sameAs\":[\"https:\\\/\\\/www.facebook.com\\\/marinainc.ca\\\/\"]}]}<\/script>\n<!-- \/ Yoast SEO plugin. -->","yoast_head_json":{"title":"D\u00e9broussailleuses RedMax - Marina Inc.","description":"D\u00e9broussailleuses RedMax sont les \u00e9quipements de service le plus \u00e9lev\u00e9 de calibre professionnel commercial accessible.","robots":{"index":"index","follow":"follow","max-snippet":"max-snippet:-1","max-image-preview":"max-image-preview:large","max-video-preview":"max-video-preview:-1"},"canonical":"https:\/\/marina-inc.com\/fr\/debroussailleuses-redmax\/","og_locale":"fr_FR","og_type":"article","og_title":"D\u00e9broussailleuses RedMax - Marina Inc.","og_description":"D\u00e9broussailleuses RedMax sont les \u00e9quipements de service le plus \u00e9lev\u00e9 de calibre professionnel commercial accessible.","og_url":"https:\/\/marina-inc.com\/fr\/debroussailleuses-redmax\/","og_site_name":"Marina Inc.","article_publisher":"https:\/\/www.facebook.com\/marinainc.ca\/","article_modified_time":"2016-09-23T15:39:03+00:00","og_image":[{"width":800,"height":533,"url":"https:\/\/marina-inc.com\/wp-content\/uploads\/2016\/05\/REDMAX-BCZ400SW.jpg","type":"image\/jpeg"}],"twitter_card":"summary_large_image","twitter_misc":{"Dur\u00e9e de lecture estim\u00e9e":"1 minute"},"schema":{"@context":"https:\/\/schema.org","@graph":[{"@type":"WebPage","@id":"https:\/\/marina-inc.com\/fr\/debroussailleuses-redmax\/","url":"https:\/\/marina-inc.com\/fr\/debroussailleuses-redmax\/","name":"D\u00e9broussailleuses RedMax - Marina Inc.","isPartOf":{"@id":"https:\/\/marina-inc.com\/#website"},"primaryImageOfPage":{"@id":"https:\/\/marina-inc.com\/fr\/debroussailleuses-redmax\/#primaryimage"},"image":{"@id":"https:\/\/marina-inc.com\/fr\/debroussailleuses-redmax\/#primaryimage"},"thumbnailUrl":"https:\/\/marina-inc.com\/wp-content\/uploads\/2016\/05\/REDMAX-BCZ400SW.jpg","datePublished":"2016-06-03T14:12:08+00:00","dateModified":"2016-09-23T15:39:03+00:00","description":"D\u00e9broussailleuses RedMax sont les \u00e9quipements de service le plus \u00e9lev\u00e9 de calibre professionnel commercial accessible.","breadcrumb":{"@id":"https:\/\/marina-inc.com\/fr\/debroussailleuses-redmax\/#breadcrumb"},"inLanguage":"fr-FR","potentialAction":[{"@type":"ReadAction","target":["https:\/\/marina-inc.com\/fr\/debroussailleuses-redmax\/"]}]},{"@type":"ImageObject","inLanguage":"fr-FR","@id":"https:\/\/marina-inc.com\/fr\/debroussailleuses-redmax\/#primaryimage","url":"https:\/\/marina-inc.com\/wp-content\/uploads\/2016\/05\/REDMAX-BCZ400SW.jpg","contentUrl":"https:\/\/marina-inc.com\/wp-content\/uploads\/2016\/05\/REDMAX-BCZ400SW.jpg","width":800,"height":533},{"@type":"BreadcrumbList","@id":"https:\/\/marina-inc.com\/fr\/debroussailleuses-redmax\/#breadcrumb","itemListElement":[{"@type":"ListItem","position":1,"name":"Home","item":"https:\/\/marina-inc.com\/fr\/"},{"@type":"ListItem","position":2,"name":"D\u00e9broussailleuses RedMax"}]},{"@type":"WebSite","@id":"https:\/\/marina-inc.com\/#website","url":"https:\/\/marina-inc.com\/","name":"Marina Inc.","description":"Landscape Materials and Equipment","publisher":{"@id":"https:\/\/marina-inc.com\/#organization"},"potentialAction":[{"@type":"SearchAction","target":{"@type":"EntryPoint","urlTemplate":"https:\/\/marina-inc.com\/?s={search_term_string}"},"query-input":{"@type":"PropertyValueSpecification","valueRequired":true,"valueName":"search_term_string"}}],"inLanguage":"fr-FR"},{"@type":"Organization","@id":"https:\/\/marina-inc.com\/#organization","name":"Marina Inc.","alternateName":"Marina Inc.","url":"https:\/\/marina-inc.com\/","logo":{"@type":"ImageObject","inLanguage":"fr-FR","@id":"https:\/\/marina-inc.com\/#\/schema\/logo\/image\/","url":"https:\/\/marina-inc.com\/wp-content\/uploads\/2016\/06\/marina-inc-logo.png","contentUrl":"https:\/\/marina-inc.com\/wp-content\/uploads\/2016\/06\/marina-inc-logo.png","width":304,"height":82,"caption":"Marina Inc."},"image":{"@id":"https:\/\/marina-inc.com\/#\/schema\/logo\/image\/"},"sameAs":["https:\/\/www.facebook.com\/marinainc.ca\/"]}]}},"_links":{"self":[{"href":"https:\/\/marina-inc.com\/fr\/wp-json\/wp\/v2\/pages\/1483","targetHints":{"allow":["GET"]}}],"collection":[{"href":"https:\/\/marina-inc.com\/fr\/wp-json\/wp\/v2\/pages"}],"about":[{"href":"https:\/\/marina-inc.com\/fr\/wp-json\/wp\/v2\/types\/page"}],"author":[{"embeddable":true,"href":"https:\/\/marina-inc.com\/fr\/wp-json\/wp\/v2\/users\/3"}],"replies":[{"embeddable":true,"href":"https:\/\/marina-inc.com\/fr\/wp-json\/wp\/v2\/comments?post=1483"}],"version-history":[{"count":0,"href":"https:\/\/marina-inc.com\/fr\/wp-json\/wp\/v2\/pages\/1483\/revisions"}],"wp:featuredmedia":[{"embeddable":true,"href":"https:\/\/marina-inc.com\/fr\/wp-json\/wp\/v2\/media\/860"}],"wp:attachment":[{"href":"https:\/\/marina-inc.com\/fr\/wp-json\/wp\/v2\/media?parent=1483"}],"curies":[{"name":"wp","href":"https:\/\/api.w.org\/{rel}","templated":true}]}}