{"id":1482,"date":"2016-06-03T14:24:10","date_gmt":"2016-06-03T14:24:10","guid":{"rendered":"https:\/\/marina-inc.com\/fr\/redmax-pole-saws\/"},"modified":"2016-09-23T15:39:55","modified_gmt":"2016-09-23T15:39:55","slug":"scies-polaires-redmax","status":"publish","type":"page","link":"https:\/\/marina-inc.com\/fr\/scies-polaires-redmax\/","title":{"rendered":"Scies Polaires RedMax"},"content":{"rendered":"<div class=\"wpb-content-wrapper\"><p>[vc_row bg_color=\u00a0\u00bb#f9f9f9&Prime; top_padding=\u00a0\u00bb50&Prime;][vc_column width=\u00a0\u00bb1\/1&Prime;]\n\t\t<div class=\"portfolio-element\">\n\n\t\t\n\t\t\t\t\t<div class=\"container\">\n\t\t\n\t\t\t\t\t<div id=\"74599543\" class=\"portfolio-items portfolio-default portfolio-overlay-icon clearfix\" data-id=\"74599543\">  \n\t\t\t\t\t\t\n\t\t\t\t\t\t\t\n\t\t\t\t\t\t\t\n\t\t\t\t\t\t\n\t\t\t\t\t\t\t\t\t\t\t\t\t\t\t\t\n\t\t\t\t\t\t\t\t   \n\n\t\t\t\t\t\t\t\t<div class=\"term-scie-a-long-manche portfolio-item four columns\">\n\t\t\t\t\t\t\t\t\t<div class=\"portfolio-image\"><a href=\"https:\/\/marina-inc.com\/fr\/equipment\/redmax-psz2465s-scie-a-long-manche\/\" title=\"Redmax PSZ2465S Scie \u00e0 Long Manche\"><div class=\"portfolio-image-img\"><img decoding=\"async\" src=\"https:\/\/marina-inc.com\/wp-content\/uploads\/2016\/05\/Redmax-PSZ2465S-600x400.jpg\" alt=\"Redmax PSZ2465S Scie \u00e0 Long Manche\" \/><\/div><div class=\"portfolio-overlay overlay-icon\"><\/div><i class=\"icon-minti-plus\"><\/i><\/a><\/div>\n\t\t\t\t\t\t\t\t\t<h4><a href=\"https:\/\/marina-inc.com\/fr\/equipment\/redmax-psz2465s-scie-a-long-manche\/\" title=\"Redmax PSZ2465S Scie \u00e0 Long Manche\">Redmax PSZ2465S Scie \u00e0 Long Manche<\/a><\/h4>\n\t\t\t\t\t\t\t\t\t<span class=\"portfolio-subtitle\"><\/span>\n\t\t\t\t\t\t\t\t<\/div>\n\n\t\t\t\t\t\t\t\t\t\t\t\t  \n\t\t\t\t\t\t\t\t\t\t\t<\/div>\n\n\t\t\t\t\t<\/div>\n\t\t\n\t\t<\/div>\n\t\t\t\n\t\t\t\t\n\t\t[\/vc_column][\/vc_row][vc_row top_padding=\u00a0\u00bb50&Prime; bottom_padding=\u00a0\u00bb50&Prime;][vc_column width=\u00a0\u00bb1\/1&Prime;][vc_column_text]<img decoding=\"async\" class=\"alignright size-full wp-image-969\" src=\"https:\/\/marina-inc.com\/wp-content\/uploads\/2016\/06\/redmax-logo.png\" alt=\"RedMax\" width=\"199\" height=\"77\" \/><\/p>\n<h1>RedMax Scies Polaires<\/h1>\n<p>Nos scies Strato-Charged produisent plus de puissance, moins d&rsquo;\u00e9missions et jusqu&rsquo;\u00e0 20% plus d&rsquo;efficacit\u00e9 de carburant que d&rsquo;autres tron\u00e7onneuses.<\/p>\n<p>Connu pour la conception sup\u00e9rieure, des performances optimales et une vari\u00e9t\u00e9 d&rsquo;excellentes caract\u00e9ristiques, toutes les tron\u00e7onneuses RedMax sont confortables, puissantes et de longue dur\u00e9e. La plupart de ses parties de haute qualit\u00e9 sont couvertes par une garantie commerciale compl\u00e8te d&rsquo;un an.<\/p>\n<p>Les d\u00e9shuileurs de cha\u00eene avec embrayage entrain\u00e9 sont ajustables, automatiques, fournissent l\u2019huile que lorsque la cha\u00eene est en mouvement. La pompe \u00e0 huile automatique r\u00e9gule le volume d&rsquo;huile pour correspondre \u00e0 la vitesse du moteur de sorte que la barre et la cha\u00eene sont lubrifi\u00e9es \u00e0 tout moment.<\/p>\n<p>Un p\u00f4le de scie l\u00e9ger est aussi accessible, avec une barre de longueur professionnelle avec la technologie du moteur Strato-Charged brevet\u00e9. Il peut \u00e9galement \u00eatre converti en une longue ou courte- lame taille-haie.[\/vc_column_text][\/vc_column][\/vc_row]<\/p>\n<\/div>","protected":false},"excerpt":{"rendered":"<p>[vc_row bg_color=\u00a0\u00bb#f9f9f9&Prime; top_padding=\u00a0\u00bb50&Prime;][vc_column width=\u00a0\u00bb1\/1&Prime;][\/vc_column][\/vc_row][vc_row top_padding=\u00a0\u00bb50&Prime; bottom_padding=\u00a0\u00bb50&Prime;][vc_column width=\u00a0\u00bb1\/1&Prime;][vc_column_text] RedMax Scies Polaires Nos scies Strato-Charged produisent plus de puissance, moins d&rsquo;\u00e9missions et jusqu&rsquo;\u00e0 20% plus d&rsquo;efficacit\u00e9 de carburant que d&rsquo;autres tron\u00e7onneuses. Connu pour la conception sup\u00e9rieure, des performances optimales et une vari\u00e9t\u00e9 d&rsquo;excellentes caract\u00e9ristiques, toutes les tron\u00e7onneuses RedMax sont confortables, puissantes et de longue dur\u00e9e. La plupart de ses parties de haute qualit\u00e9 sont couvertes par une garantie commerciale compl\u00e8te d&rsquo;un an. Les d\u00e9shuileurs de cha\u00eene avec embrayage entrain\u00e9 sont ajustables, automatiques, fournissent l\u2019huile que lorsque la cha\u00eene est en mouvement. La pompe \u00e0 huile automatique r\u00e9gule le volume d&rsquo;huile pour correspondre \u00e0 la vitesse du moteur de sorte que la barre et la cha\u00eene sont lubrifi\u00e9es \u00e0 tout moment. Un p\u00f4le de scie l\u00e9ger est aussi accessible, avec une barre de longueur professionnelle avec la technologie du moteur Strato-Charged brevet\u00e9. Il peut \u00e9galement \u00eatre converti en une longue ou courte- lame taille-haie.[\/vc_column_text][\/vc_column][\/vc_row]<\/p>\n","protected":false},"author":3,"featured_media":856,"parent":0,"menu_order":0,"comment_status":"closed","ping_status":"closed","template":"","meta":{"footnotes":""},"class_list":["post-1482","page","type-page","status-publish","has-post-thumbnail","hentry"],"yoast_head":"<!-- This site is optimized with the Yoast SEO plugin v27.3 - https:\/\/yoast.com\/product\/yoast-seo-wordpress\/ -->\n<title>Scies Polaires RedMax - Marina Inc.<\/title>\n<meta name=\"description\" content=\"Nos scies Strato-Charged produisent plus de puissance, moins d&#039;\u00e9missions et jusqu&#039;\u00e0 20% plus d&#039;efficacit\u00e9 de carburant que d&#039;autres tron\u00e7onneuses.\" \/>\n<meta name=\"robots\" content=\"index, follow, max-snippet:-1, max-image-preview:large, max-video-preview:-1\" \/>\n<link rel=\"canonical\" href=\"https:\/\/marina-inc.com\/fr\/scies-polaires-redmax\/\" \/>\n<meta property=\"og:locale\" content=\"fr_FR\" \/>\n<meta property=\"og:type\" content=\"article\" \/>\n<meta property=\"og:title\" content=\"Scies Polaires RedMax - Marina Inc.\" \/>\n<meta property=\"og:description\" content=\"Nos scies Strato-Charged produisent plus de puissance, moins d&#039;\u00e9missions et jusqu&#039;\u00e0 20% plus d&#039;efficacit\u00e9 de carburant que d&#039;autres tron\u00e7onneuses.\" \/>\n<meta property=\"og:url\" content=\"https:\/\/marina-inc.com\/fr\/scies-polaires-redmax\/\" \/>\n<meta property=\"og:site_name\" content=\"Marina Inc.\" \/>\n<meta property=\"article:publisher\" content=\"https:\/\/www.facebook.com\/marinainc.ca\/\" \/>\n<meta property=\"article:modified_time\" content=\"2016-09-23T15:39:55+00:00\" \/>\n<meta property=\"og:image\" content=\"https:\/\/marina-inc.com\/wp-content\/uploads\/2016\/05\/Redmax-PSZ2465S.jpg\" \/>\n\t<meta property=\"og:image:width\" content=\"800\" \/>\n\t<meta property=\"og:image:height\" content=\"533\" \/>\n\t<meta property=\"og:image:type\" content=\"image\/jpeg\" \/>\n<meta name=\"twitter:card\" content=\"summary_large_image\" \/>\n<meta name=\"twitter:label1\" content=\"Dur\u00e9e de lecture estim\u00e9e\" \/>\n\t<meta name=\"twitter:data1\" content=\"1 minute\" \/>\n<script type=\"application\/ld+json\" class=\"yoast-schema-graph\">{\"@context\":\"https:\\\/\\\/schema.org\",\"@graph\":[{\"@type\":\"WebPage\",\"@id\":\"https:\\\/\\\/marina-inc.com\\\/fr\\\/scies-polaires-redmax\\\/\",\"url\":\"https:\\\/\\\/marina-inc.com\\\/fr\\\/scies-polaires-redmax\\\/\",\"name\":\"Scies Polaires RedMax - Marina Inc.\",\"isPartOf\":{\"@id\":\"https:\\\/\\\/marina-inc.com\\\/#website\"},\"primaryImageOfPage\":{\"@id\":\"https:\\\/\\\/marina-inc.com\\\/fr\\\/scies-polaires-redmax\\\/#primaryimage\"},\"image\":{\"@id\":\"https:\\\/\\\/marina-inc.com\\\/fr\\\/scies-polaires-redmax\\\/#primaryimage\"},\"thumbnailUrl\":\"https:\\\/\\\/marina-inc.com\\\/wp-content\\\/uploads\\\/2016\\\/05\\\/Redmax-PSZ2465S.jpg\",\"datePublished\":\"2016-06-03T14:24:10+00:00\",\"dateModified\":\"2016-09-23T15:39:55+00:00\",\"description\":\"Nos scies Strato-Charged produisent plus de puissance, moins d'\u00e9missions et jusqu'\u00e0 20% plus d'efficacit\u00e9 de carburant que d'autres tron\u00e7onneuses.\",\"breadcrumb\":{\"@id\":\"https:\\\/\\\/marina-inc.com\\\/fr\\\/scies-polaires-redmax\\\/#breadcrumb\"},\"inLanguage\":\"fr-FR\",\"potentialAction\":[{\"@type\":\"ReadAction\",\"target\":[\"https:\\\/\\\/marina-inc.com\\\/fr\\\/scies-polaires-redmax\\\/\"]}]},{\"@type\":\"ImageObject\",\"inLanguage\":\"fr-FR\",\"@id\":\"https:\\\/\\\/marina-inc.com\\\/fr\\\/scies-polaires-redmax\\\/#primaryimage\",\"url\":\"https:\\\/\\\/marina-inc.com\\\/wp-content\\\/uploads\\\/2016\\\/05\\\/Redmax-PSZ2465S.jpg\",\"contentUrl\":\"https:\\\/\\\/marina-inc.com\\\/wp-content\\\/uploads\\\/2016\\\/05\\\/Redmax-PSZ2465S.jpg\",\"width\":800,\"height\":533},{\"@type\":\"BreadcrumbList\",\"@id\":\"https:\\\/\\\/marina-inc.com\\\/fr\\\/scies-polaires-redmax\\\/#breadcrumb\",\"itemListElement\":[{\"@type\":\"ListItem\",\"position\":1,\"name\":\"Home\",\"item\":\"https:\\\/\\\/marina-inc.com\\\/fr\\\/\"},{\"@type\":\"ListItem\",\"position\":2,\"name\":\"Scies Polaires RedMax\"}]},{\"@type\":\"WebSite\",\"@id\":\"https:\\\/\\\/marina-inc.com\\\/#website\",\"url\":\"https:\\\/\\\/marina-inc.com\\\/\",\"name\":\"Marina Inc.\",\"description\":\"Landscape Materials and Equipment\",\"publisher\":{\"@id\":\"https:\\\/\\\/marina-inc.com\\\/#organization\"},\"potentialAction\":[{\"@type\":\"SearchAction\",\"target\":{\"@type\":\"EntryPoint\",\"urlTemplate\":\"https:\\\/\\\/marina-inc.com\\\/?s={search_term_string}\"},\"query-input\":{\"@type\":\"PropertyValueSpecification\",\"valueRequired\":true,\"valueName\":\"search_term_string\"}}],\"inLanguage\":\"fr-FR\"},{\"@type\":\"Organization\",\"@id\":\"https:\\\/\\\/marina-inc.com\\\/#organization\",\"name\":\"Marina Inc.\",\"alternateName\":\"Marina Inc.\",\"url\":\"https:\\\/\\\/marina-inc.com\\\/\",\"logo\":{\"@type\":\"ImageObject\",\"inLanguage\":\"fr-FR\",\"@id\":\"https:\\\/\\\/marina-inc.com\\\/#\\\/schema\\\/logo\\\/image\\\/\",\"url\":\"https:\\\/\\\/marina-inc.com\\\/wp-content\\\/uploads\\\/2016\\\/06\\\/marina-inc-logo.png\",\"contentUrl\":\"https:\\\/\\\/marina-inc.com\\\/wp-content\\\/uploads\\\/2016\\\/06\\\/marina-inc-logo.png\",\"width\":304,\"height\":82,\"caption\":\"Marina Inc.\"},\"image\":{\"@id\":\"https:\\\/\\\/marina-inc.com\\\/#\\\/schema\\\/logo\\\/image\\\/\"},\"sameAs\":[\"https:\\\/\\\/www.facebook.com\\\/marinainc.ca\\\/\"]}]}<\/script>\n<!-- \/ Yoast SEO plugin. -->","yoast_head_json":{"title":"Scies Polaires RedMax - Marina Inc.","description":"Nos scies Strato-Charged produisent plus de puissance, moins d'\u00e9missions et jusqu'\u00e0 20% plus d'efficacit\u00e9 de carburant que d'autres tron\u00e7onneuses.","robots":{"index":"index","follow":"follow","max-snippet":"max-snippet:-1","max-image-preview":"max-image-preview:large","max-video-preview":"max-video-preview:-1"},"canonical":"https:\/\/marina-inc.com\/fr\/scies-polaires-redmax\/","og_locale":"fr_FR","og_type":"article","og_title":"Scies Polaires RedMax - Marina Inc.","og_description":"Nos scies Strato-Charged produisent plus de puissance, moins d'\u00e9missions et jusqu'\u00e0 20% plus d'efficacit\u00e9 de carburant que d'autres tron\u00e7onneuses.","og_url":"https:\/\/marina-inc.com\/fr\/scies-polaires-redmax\/","og_site_name":"Marina Inc.","article_publisher":"https:\/\/www.facebook.com\/marinainc.ca\/","article_modified_time":"2016-09-23T15:39:55+00:00","og_image":[{"width":800,"height":533,"url":"https:\/\/marina-inc.com\/wp-content\/uploads\/2016\/05\/Redmax-PSZ2465S.jpg","type":"image\/jpeg"}],"twitter_card":"summary_large_image","twitter_misc":{"Dur\u00e9e de lecture estim\u00e9e":"1 minute"},"schema":{"@context":"https:\/\/schema.org","@graph":[{"@type":"WebPage","@id":"https:\/\/marina-inc.com\/fr\/scies-polaires-redmax\/","url":"https:\/\/marina-inc.com\/fr\/scies-polaires-redmax\/","name":"Scies Polaires RedMax - Marina Inc.","isPartOf":{"@id":"https:\/\/marina-inc.com\/#website"},"primaryImageOfPage":{"@id":"https:\/\/marina-inc.com\/fr\/scies-polaires-redmax\/#primaryimage"},"image":{"@id":"https:\/\/marina-inc.com\/fr\/scies-polaires-redmax\/#primaryimage"},"thumbnailUrl":"https:\/\/marina-inc.com\/wp-content\/uploads\/2016\/05\/Redmax-PSZ2465S.jpg","datePublished":"2016-06-03T14:24:10+00:00","dateModified":"2016-09-23T15:39:55+00:00","description":"Nos scies Strato-Charged produisent plus de puissance, moins d'\u00e9missions et jusqu'\u00e0 20% plus d'efficacit\u00e9 de carburant que d'autres tron\u00e7onneuses.","breadcrumb":{"@id":"https:\/\/marina-inc.com\/fr\/scies-polaires-redmax\/#breadcrumb"},"inLanguage":"fr-FR","potentialAction":[{"@type":"ReadAction","target":["https:\/\/marina-inc.com\/fr\/scies-polaires-redmax\/"]}]},{"@type":"ImageObject","inLanguage":"fr-FR","@id":"https:\/\/marina-inc.com\/fr\/scies-polaires-redmax\/#primaryimage","url":"https:\/\/marina-inc.com\/wp-content\/uploads\/2016\/05\/Redmax-PSZ2465S.jpg","contentUrl":"https:\/\/marina-inc.com\/wp-content\/uploads\/2016\/05\/Redmax-PSZ2465S.jpg","width":800,"height":533},{"@type":"BreadcrumbList","@id":"https:\/\/marina-inc.com\/fr\/scies-polaires-redmax\/#breadcrumb","itemListElement":[{"@type":"ListItem","position":1,"name":"Home","item":"https:\/\/marina-inc.com\/fr\/"},{"@type":"ListItem","position":2,"name":"Scies Polaires RedMax"}]},{"@type":"WebSite","@id":"https:\/\/marina-inc.com\/#website","url":"https:\/\/marina-inc.com\/","name":"Marina Inc.","description":"Landscape Materials and Equipment","publisher":{"@id":"https:\/\/marina-inc.com\/#organization"},"potentialAction":[{"@type":"SearchAction","target":{"@type":"EntryPoint","urlTemplate":"https:\/\/marina-inc.com\/?s={search_term_string}"},"query-input":{"@type":"PropertyValueSpecification","valueRequired":true,"valueName":"search_term_string"}}],"inLanguage":"fr-FR"},{"@type":"Organization","@id":"https:\/\/marina-inc.com\/#organization","name":"Marina Inc.","alternateName":"Marina Inc.","url":"https:\/\/marina-inc.com\/","logo":{"@type":"ImageObject","inLanguage":"fr-FR","@id":"https:\/\/marina-inc.com\/#\/schema\/logo\/image\/","url":"https:\/\/marina-inc.com\/wp-content\/uploads\/2016\/06\/marina-inc-logo.png","contentUrl":"https:\/\/marina-inc.com\/wp-content\/uploads\/2016\/06\/marina-inc-logo.png","width":304,"height":82,"caption":"Marina Inc."},"image":{"@id":"https:\/\/marina-inc.com\/#\/schema\/logo\/image\/"},"sameAs":["https:\/\/www.facebook.com\/marinainc.ca\/"]}]}},"_links":{"self":[{"href":"https:\/\/marina-inc.com\/fr\/wp-json\/wp\/v2\/pages\/1482","targetHints":{"allow":["GET"]}}],"collection":[{"href":"https:\/\/marina-inc.com\/fr\/wp-json\/wp\/v2\/pages"}],"about":[{"href":"https:\/\/marina-inc.com\/fr\/wp-json\/wp\/v2\/types\/page"}],"author":[{"embeddable":true,"href":"https:\/\/marina-inc.com\/fr\/wp-json\/wp\/v2\/users\/3"}],"replies":[{"embeddable":true,"href":"https:\/\/marina-inc.com\/fr\/wp-json\/wp\/v2\/comments?post=1482"}],"version-history":[{"count":0,"href":"https:\/\/marina-inc.com\/fr\/wp-json\/wp\/v2\/pages\/1482\/revisions"}],"wp:featuredmedia":[{"embeddable":true,"href":"https:\/\/marina-inc.com\/fr\/wp-json\/wp\/v2\/media\/856"}],"wp:attachment":[{"href":"https:\/\/marina-inc.com\/fr\/wp-json\/wp\/v2\/media?parent=1482"}],"curies":[{"name":"wp","href":"https:\/\/api.w.org\/{rel}","templated":true}]}}