{"id":1481,"date":"2016-06-03T14:27:20","date_gmt":"2016-06-03T14:27:20","guid":{"rendered":"https:\/\/marina-inc.com\/fr\/maxtreme\/"},"modified":"2016-08-04T19:38:41","modified_gmt":"2016-08-04T19:38:41","slug":"maxtreme","status":"publish","type":"page","link":"https:\/\/marina-inc.com\/fr\/maxtreme\/","title":{"rendered":"Maxtreme"},"content":{"rendered":"<div class=\"wpb-content-wrapper\"><p>[vc_row bg_color=\u00a0\u00bb#f9f9f9&Prime; top_padding=\u00a0\u00bb50&Prime;][vc_column width=\u00a0\u00bb1\/1&Prime;]\n\t\t<div class=\"portfolio-element\">\n\n\t\t\n\t\t\t\t\t<div class=\"container\">\n\t\t\n\t\t\t\t\t<div id=\"1374732599\" class=\"portfolio-items portfolio-default portfolio-overlay-icon clearfix\" data-id=\"1374732599\">  \n\t\t\t\t\t\t\n\t\t\t\t\t\t\t\n\t\t\t\t\t\t\t\n\t\t\t\t\t\t\n\t\t\t\t\t\t\t\t\t\t\t\t\t\t\t\t\n\t\t\t\t\t\t\t\t   \n\n\t\t\t\t\t\t\t\t<div class=\"term-maxtreme-fr portfolio-item four columns\">\n\t\t\t\t\t\t\t\t\t<div class=\"portfolio-image\"><a href=\"https:\/\/marina-inc.com\/fr\/equipment\/redmax-piece-jointe-a-ebouteuse\/\" title=\"RedMax Pi\u00e8ce Jointe \u00e0 \u00c9bouteuse\"><div class=\"portfolio-image-img\"><img decoding=\"async\" src=\"https:\/\/marina-inc.com\/wp-content\/uploads\/2016\/05\/RedMax-Trimmer-Attachment-600x400.jpg\" alt=\"RedMax Pi\u00e8ce Jointe \u00e0 \u00c9bouteuse\" \/><\/div><div class=\"portfolio-overlay overlay-icon\"><\/div><i class=\"icon-minti-plus\"><\/i><\/a><\/div>\n\t\t\t\t\t\t\t\t\t<h4><a href=\"https:\/\/marina-inc.com\/fr\/equipment\/redmax-piece-jointe-a-ebouteuse\/\" title=\"RedMax Pi\u00e8ce Jointe \u00e0 \u00c9bouteuse\">RedMax Pi\u00e8ce Jointe \u00e0 \u00c9bouteuse<\/a><\/h4>\n\t\t\t\t\t\t\t\t\t<span class=\"portfolio-subtitle\"><\/span>\n\t\t\t\t\t\t\t\t<\/div>\n\n\t\t\t\t\t\t\t\t\t\t\t\t  \n\t\t\t\t\t\t\n\t\t\t\t\t\t\t\n\t\t\t\t\t\t\t\n\t\t\t\t\t\t\n\t\t\t\t\t\t\t\t\t\t\t\t\t\t\t\t\n\t\t\t\t\t\t\t\t   \n\n\t\t\t\t\t\t\t\t<div class=\"term-maxtreme-fr portfolio-item four columns\">\n\t\t\t\t\t\t\t\t\t<div class=\"portfolio-image\"><a href=\"https:\/\/marina-inc.com\/fr\/equipment\/redmax-piece-jointe-a-balayeuse\/\" title=\"RedMax Pi\u00e8ce Jointe \u00e0 Balayeuse\"><div class=\"portfolio-image-img\"><img decoding=\"async\" src=\"https:\/\/marina-inc.com\/wp-content\/uploads\/2016\/05\/RedMax-Sweeper-Attachment-600x400.jpg\" alt=\"RedMax Pi\u00e8ce Jointe \u00e0 Balayeuse\" \/><\/div><div class=\"portfolio-overlay overlay-icon\"><\/div><i class=\"icon-minti-plus\"><\/i><\/a><\/div>\n\t\t\t\t\t\t\t\t\t<h4><a href=\"https:\/\/marina-inc.com\/fr\/equipment\/redmax-piece-jointe-a-balayeuse\/\" title=\"RedMax Pi\u00e8ce Jointe \u00e0 Balayeuse\">RedMax Pi\u00e8ce Jointe \u00e0 Balayeuse<\/a><\/h4>\n\t\t\t\t\t\t\t\t\t<span class=\"portfolio-subtitle\"><\/span>\n\t\t\t\t\t\t\t\t<\/div>\n\n\t\t\t\t\t\t\t\t\t\t\t\t  \n\t\t\t\t\t\t\n\t\t\t\t\t\t\t\n\t\t\t\t\t\t\t\n\t\t\t\t\t\t\n\t\t\t\t\t\t\t\t\t\t\t\t\t\t\t\t\n\t\t\t\t\t\t\t\t   \n\n\t\t\t\t\t\t\t\t<div class=\"term-maxtreme-fr portfolio-item four columns\">\n\t\t\t\t\t\t\t\t\t<div class=\"portfolio-image\"><a href=\"https:\/\/marina-inc.com\/fr\/equipment\/redmax-piece-jointe-a-pole-a-scie\/\" title=\"RedMax Pi\u00e8ce Jointe \u00e0 Pole \u00e0 Scie\"><div class=\"portfolio-image-img\"><img decoding=\"async\" src=\"https:\/\/marina-inc.com\/wp-content\/uploads\/2016\/05\/RedMax-Polesaw-Attachment-600x400.jpg\" alt=\"RedMax Pi\u00e8ce Jointe \u00e0 Pole \u00e0 Scie\" \/><\/div><div class=\"portfolio-overlay overlay-icon\"><\/div><i class=\"icon-minti-plus\"><\/i><\/a><\/div>\n\t\t\t\t\t\t\t\t\t<h4><a href=\"https:\/\/marina-inc.com\/fr\/equipment\/redmax-piece-jointe-a-pole-a-scie\/\" title=\"RedMax Pi\u00e8ce Jointe \u00e0 Pole \u00e0 Scie\">RedMax Pi\u00e8ce Jointe \u00e0 Pole \u00e0 Scie<\/a><\/h4>\n\t\t\t\t\t\t\t\t\t<span class=\"portfolio-subtitle\"><\/span>\n\t\t\t\t\t\t\t\t<\/div>\n\n\t\t\t\t\t\t\t\t\t\t\t\t  \n\t\t\t\t\t\t\n\t\t\t\t\t\t\t\n\t\t\t\t\t\t\t\n\t\t\t\t\t\t\n\t\t\t\t\t\t\t\t\t\t\t\t\t\t\t\t\n\t\t\t\t\t\t\t\t   \n\n\t\t\t\t\t\t\t\t<div class=\"term-maxtreme-fr portfolio-item four columns\">\n\t\t\t\t\t\t\t\t\t<div class=\"portfolio-image\"><a href=\"https:\/\/marina-inc.com\/fr\/equipment\/redmax-piece-jointe-a-taille-haie\/\" title=\"RedMax Pi\u00e8ce Jointe \u00e0 Taille-Haie\"><div class=\"portfolio-image-img\"><img decoding=\"async\" src=\"https:\/\/marina-inc.com\/wp-content\/uploads\/2016\/05\/RedMax-Hedgetrimmer-Attachment-600x400.jpg\" alt=\"RedMax Pi\u00e8ce Jointe \u00e0 Taille-Haie\" \/><\/div><div class=\"portfolio-overlay overlay-icon\"><\/div><i class=\"icon-minti-plus\"><\/i><\/a><\/div>\n\t\t\t\t\t\t\t\t\t<h4><a href=\"https:\/\/marina-inc.com\/fr\/equipment\/redmax-piece-jointe-a-taille-haie\/\" title=\"RedMax Pi\u00e8ce Jointe \u00e0 Taille-Haie\">RedMax Pi\u00e8ce Jointe \u00e0 Taille-Haie<\/a><\/h4>\n\t\t\t\t\t\t\t\t\t<span class=\"portfolio-subtitle\"><\/span>\n\t\t\t\t\t\t\t\t<\/div>\n\n\t\t\t\t\t\t\t\t\t\t\t\t  \n\t\t\t\t\t\t\n\t\t\t\t\t\t\t\n\t\t\t\t\t\t\t\n\t\t\t\t\t\t\n\t\t\t\t\t\t\t\t\t\t\t\t\t\t\t\t\n\t\t\t\t\t\t\t\t   \n\n\t\t\t\t\t\t\t\t<div class=\"term-maxtreme-fr portfolio-item four columns\">\n\t\t\t\t\t\t\t\t\t<div class=\"portfolio-image\"><a href=\"https:\/\/marina-inc.com\/fr\/equipment\/redmax-piece-jointe-a-deligneuse\/\" title=\"RedMax Pi\u00e8ce Jointe \u00e0 D\u00e9ligneuse\"><div class=\"portfolio-image-img\"><img decoding=\"async\" src=\"https:\/\/marina-inc.com\/wp-content\/uploads\/2016\/05\/RedMax-Edger-Attachment-600x400.jpg\" alt=\"RedMax Pi\u00e8ce Jointe \u00e0 D\u00e9ligneuse\" \/><\/div><div class=\"portfolio-overlay overlay-icon\"><\/div><i class=\"icon-minti-plus\"><\/i><\/a><\/div>\n\t\t\t\t\t\t\t\t\t<h4><a href=\"https:\/\/marina-inc.com\/fr\/equipment\/redmax-piece-jointe-a-deligneuse\/\" title=\"RedMax Pi\u00e8ce Jointe \u00e0 D\u00e9ligneuse\">RedMax Pi\u00e8ce Jointe \u00e0 D\u00e9ligneuse<\/a><\/h4>\n\t\t\t\t\t\t\t\t\t<span class=\"portfolio-subtitle\"><\/span>\n\t\t\t\t\t\t\t\t<\/div>\n\n\t\t\t\t\t\t\t\t\t\t\t\t  \n\t\t\t\t\t\t\n\t\t\t\t\t\t\t\n\t\t\t\t\t\t\t\n\t\t\t\t\t\t\n\t\t\t\t\t\t\t\t\t\t\t\t\t\t\t\t\n\t\t\t\t\t\t\t\t   \n\n\t\t\t\t\t\t\t\t<div class=\"term-maxtreme-fr portfolio-item four columns\">\n\t\t\t\t\t\t\t\t\t<div class=\"portfolio-image\"><a href=\"https:\/\/marina-inc.com\/fr\/equipment\/redmax-exz2460s-ph-debroussailleuse-detachable\/\" title=\"RedMax EXZ2460S-PH D\u00e9broussailleuse D\u00e9tachable\"><div class=\"portfolio-image-img\"><img decoding=\"async\" src=\"https:\/\/marina-inc.com\/wp-content\/uploads\/2016\/05\/RedMax-EXZ2460S-PHSPLIT-BOOM-TRIMMER-600x400.jpg\" alt=\"RedMax EXZ2460S-PH D\u00e9broussailleuse D\u00e9tachable\" \/><\/div><div class=\"portfolio-overlay overlay-icon\"><\/div><i class=\"icon-minti-plus\"><\/i><\/a><\/div>\n\t\t\t\t\t\t\t\t\t<h4><a href=\"https:\/\/marina-inc.com\/fr\/equipment\/redmax-exz2460s-ph-debroussailleuse-detachable\/\" title=\"RedMax EXZ2460S-PH D\u00e9broussailleuse D\u00e9tachable\">RedMax EXZ2460S-PH D\u00e9broussailleuse D\u00e9tachable<\/a><\/h4>\n\t\t\t\t\t\t\t\t\t<span class=\"portfolio-subtitle\"><\/span>\n\t\t\t\t\t\t\t\t<\/div>\n\n\t\t\t\t\t\t\t\t\t\t\t\t  \n\t\t\t\t\t\t\t\t\t\t\t<\/div>\n\n\t\t\t\t\t<\/div>\n\t\t\n\t\t<\/div>\n\t\t\t\n\t\t\t\t\n\t\t[\/vc_column][\/vc_row][vc_row top_padding=\u00a0\u00bb50&Prime; bottom_padding=\u00a0\u00bb50&Prime;][vc_column width=\u00a0\u00bb1\/1&Prime;][vc_column_text]<img decoding=\"async\" class=\"alignright size-full wp-image-969\" src=\"https:\/\/marina-inc.com\/wp-content\/uploads\/2016\/06\/redmax-logo.png\" alt=\"RedMax\" width=\"199\" height=\"77\" \/><\/p>\n<h1>Maxtreme<\/h1>\n<p>RedMax comprend que les professionnels de l&rsquo;am\u00e9nagement paysager ont des int\u00e9r\u00eats et des priorit\u00e9s lors du choix de l&rsquo;\u00e9quipement motoris\u00e9 pour l&rsquo;ext\u00e9rieur. Bien que ces professionnels pr\u00e9f\u00e8rent universellement la conception innovatrice et la qualit\u00e9 de fabrication, certains ne veulent pas ou ne disposent pas de l&rsquo;espace pour accueillir un inventaire complet de produits d&rsquo;\u00e9quipement \u00e9lectrique \u00e0 grande \u00e9chelle.<\/p>\n<p>Dans le cadre de l&rsquo;engagement continu de RedMax pour r\u00e9pondre aux besoins des utilisateurs dans le domaine, nous avons d\u00e9velopp\u00e9 le Maxtreme tr\u00e8s souple et utile. Gr\u00e2ce \u00e0 notre technologie de moteur Strato-Charged brevet\u00e9, l&rsquo;ensemble principal du moteur et l&rsquo;arbre d&rsquo;entra\u00eenement, combiner avec cinq pi\u00e8ces jointes d&rsquo;outils individuels. Ces pi\u00e8ces jointes (coupe, scie \u00e0 perche, longue port\u00e9e coupe haie, meuleuse et balayeuse) peuvent \u00eatre commut\u00e9s rapidement et facilement. C\u2019est pour cette raison que le Maxtreme est vraiment \u00abplusieurs outils en un\u00a0\u00bb sans sacrifier la qualit\u00e9 ou la durabilit\u00e9. En utilisant une seule source d&rsquo;alimentation du moteur, les utilisateurs doivent maintenir un seul moteur au lieu de plusieurs.<\/p>\n<p>Ce qui distingue le Maxtreme ind\u00e9pendamment de la concurrence est ses sept points, cannel\u00e9s, arbre d&rsquo;entra\u00eenement en acier massif. Cette conception de haute qualit\u00e9 r\u00e9duit les vibrations tout au long de l&rsquo;arbre, d\u00e9livrant ainsi un meilleur transfert de puissance \u00e0 chaque pi\u00e8ce jointe. En outre, la construction en acier massif de l&rsquo;arbre permet de r\u00e9duire encore les vibrations lors de l&rsquo;acc\u00e9l\u00e9ration et de d\u00e9c\u00e9l\u00e9ration, une fonction inestimable dans le domaine.[\/vc_column_text][\/vc_column][\/vc_row]<\/p>\n<\/div>","protected":false},"excerpt":{"rendered":"<p>[vc_row bg_color=\u00a0\u00bb#f9f9f9&Prime; top_padding=\u00a0\u00bb50&Prime;][vc_column width=\u00a0\u00bb1\/1&Prime;][\/vc_column][\/vc_row][vc_row top_padding=\u00a0\u00bb50&Prime; bottom_padding=\u00a0\u00bb50&Prime;][vc_column width=\u00a0\u00bb1\/1&Prime;][vc_column_text] Maxtreme RedMax comprend que les professionnels de l&rsquo;am\u00e9nagement paysager ont des int\u00e9r\u00eats et des priorit\u00e9s lors du choix de l&rsquo;\u00e9quipement motoris\u00e9 pour l&rsquo;ext\u00e9rieur. Bien que ces professionnels pr\u00e9f\u00e8rent universellement la conception innovatrice et la qualit\u00e9 de fabrication, certains ne veulent pas ou ne disposent pas de l&rsquo;espace pour accueillir un inventaire complet de produits d&rsquo;\u00e9quipement \u00e9lectrique \u00e0 grande \u00e9chelle. Dans le cadre de l&rsquo;engagement continu de RedMax pour r\u00e9pondre aux besoins des utilisateurs dans le domaine, nous avons d\u00e9velopp\u00e9 le Maxtreme tr\u00e8s souple et utile. Gr\u00e2ce \u00e0 notre technologie de moteur Strato-Charged brevet\u00e9, l&rsquo;ensemble principal du moteur et l&rsquo;arbre d&rsquo;entra\u00eenement, combiner avec cinq pi\u00e8ces jointes d&rsquo;outils individuels. Ces pi\u00e8ces jointes (coupe, scie \u00e0 perche, longue port\u00e9e coupe haie, meuleuse et balayeuse) peuvent \u00eatre commut\u00e9s rapidement et facilement. C\u2019est pour cette raison que le Maxtreme est vraiment \u00abplusieurs outils en un\u00a0\u00bb sans sacrifier la qualit\u00e9 ou la durabilit\u00e9. En utilisant une seule source d&rsquo;alimentation du moteur, les utilisateurs doivent maintenir un seul moteur au lieu de plusieurs. Ce qui distingue le Maxtreme ind\u00e9pendamment de la concurrence est ses sept points, cannel\u00e9s, arbre d&rsquo;entra\u00eenement en acier massif. Cette conception de haute qualit\u00e9 r\u00e9duit les vibrations [&hellip;]<\/p>\n","protected":false},"author":3,"featured_media":830,"parent":0,"menu_order":0,"comment_status":"closed","ping_status":"closed","template":"","meta":{"footnotes":""},"class_list":["post-1481","page","type-page","status-publish","has-post-thumbnail","hentry"],"yoast_head":"<!-- This site is optimized with the Yoast SEO plugin v27.4 - https:\/\/yoast.com\/product\/yoast-seo-wordpress\/ -->\n<title>Maxtreme - Marina Inc.<\/title>\n<meta name=\"description\" content=\"RedMax comprend que les professionnels de l&#039;am\u00e9nagement paysager ont des int\u00e9r\u00eats et des priorit\u00e9s lors de la s\u00e9lection des \u00e9quipements motoris\u00e9s pour l&#039;ext\u00e9rieur.\" \/>\n<meta name=\"robots\" content=\"index, follow, max-snippet:-1, max-image-preview:large, max-video-preview:-1\" \/>\n<link rel=\"canonical\" href=\"https:\/\/marina-inc.com\/fr\/maxtreme\/\" \/>\n<meta property=\"og:locale\" content=\"fr_FR\" \/>\n<meta property=\"og:type\" content=\"article\" \/>\n<meta property=\"og:title\" content=\"Maxtreme - Marina Inc.\" \/>\n<meta property=\"og:description\" content=\"RedMax comprend que les professionnels de l&#039;am\u00e9nagement paysager ont des int\u00e9r\u00eats et des priorit\u00e9s lors de la s\u00e9lection des \u00e9quipements motoris\u00e9s pour l&#039;ext\u00e9rieur.\" \/>\n<meta property=\"og:url\" content=\"https:\/\/marina-inc.com\/fr\/maxtreme\/\" \/>\n<meta property=\"og:site_name\" content=\"Marina Inc.\" \/>\n<meta property=\"article:publisher\" content=\"https:\/\/www.facebook.com\/marinainc.ca\/\" \/>\n<meta property=\"article:modified_time\" content=\"2016-08-04T19:38:41+00:00\" \/>\n<meta property=\"og:image\" content=\"https:\/\/marina-inc.com\/wp-content\/uploads\/2016\/05\/RedMax-Edger-Attachment.jpg\" \/>\n\t<meta property=\"og:image:width\" content=\"800\" \/>\n\t<meta property=\"og:image:height\" content=\"533\" \/>\n\t<meta property=\"og:image:type\" content=\"image\/jpeg\" \/>\n<meta name=\"twitter:card\" content=\"summary_large_image\" \/>\n<meta name=\"twitter:label1\" content=\"Dur\u00e9e de lecture estim\u00e9e\" \/>\n\t<meta name=\"twitter:data1\" content=\"2 minutes\" \/>\n<script type=\"application\/ld+json\" class=\"yoast-schema-graph\">{\"@context\":\"https:\\\/\\\/schema.org\",\"@graph\":[{\"@type\":\"WebPage\",\"@id\":\"https:\\\/\\\/marina-inc.com\\\/fr\\\/maxtreme\\\/\",\"url\":\"https:\\\/\\\/marina-inc.com\\\/fr\\\/maxtreme\\\/\",\"name\":\"Maxtreme - Marina Inc.\",\"isPartOf\":{\"@id\":\"https:\\\/\\\/marina-inc.com\\\/#website\"},\"primaryImageOfPage\":{\"@id\":\"https:\\\/\\\/marina-inc.com\\\/fr\\\/maxtreme\\\/#primaryimage\"},\"image\":{\"@id\":\"https:\\\/\\\/marina-inc.com\\\/fr\\\/maxtreme\\\/#primaryimage\"},\"thumbnailUrl\":\"https:\\\/\\\/marina-inc.com\\\/wp-content\\\/uploads\\\/2016\\\/05\\\/RedMax-Edger-Attachment.jpg\",\"datePublished\":\"2016-06-03T14:27:20+00:00\",\"dateModified\":\"2016-08-04T19:38:41+00:00\",\"description\":\"RedMax comprend que les professionnels de l'am\u00e9nagement paysager ont des int\u00e9r\u00eats et des priorit\u00e9s lors de la s\u00e9lection des \u00e9quipements motoris\u00e9s pour l'ext\u00e9rieur.\",\"breadcrumb\":{\"@id\":\"https:\\\/\\\/marina-inc.com\\\/fr\\\/maxtreme\\\/#breadcrumb\"},\"inLanguage\":\"fr-FR\",\"potentialAction\":[{\"@type\":\"ReadAction\",\"target\":[\"https:\\\/\\\/marina-inc.com\\\/fr\\\/maxtreme\\\/\"]}]},{\"@type\":\"ImageObject\",\"inLanguage\":\"fr-FR\",\"@id\":\"https:\\\/\\\/marina-inc.com\\\/fr\\\/maxtreme\\\/#primaryimage\",\"url\":\"https:\\\/\\\/marina-inc.com\\\/wp-content\\\/uploads\\\/2016\\\/05\\\/RedMax-Edger-Attachment.jpg\",\"contentUrl\":\"https:\\\/\\\/marina-inc.com\\\/wp-content\\\/uploads\\\/2016\\\/05\\\/RedMax-Edger-Attachment.jpg\",\"width\":800,\"height\":533},{\"@type\":\"BreadcrumbList\",\"@id\":\"https:\\\/\\\/marina-inc.com\\\/fr\\\/maxtreme\\\/#breadcrumb\",\"itemListElement\":[{\"@type\":\"ListItem\",\"position\":1,\"name\":\"Home\",\"item\":\"https:\\\/\\\/marina-inc.com\\\/fr\\\/\"},{\"@type\":\"ListItem\",\"position\":2,\"name\":\"Maxtreme\"}]},{\"@type\":\"WebSite\",\"@id\":\"https:\\\/\\\/marina-inc.com\\\/#website\",\"url\":\"https:\\\/\\\/marina-inc.com\\\/\",\"name\":\"Marina Inc.\",\"description\":\"Landscape Materials and Equipment\",\"publisher\":{\"@id\":\"https:\\\/\\\/marina-inc.com\\\/#organization\"},\"potentialAction\":[{\"@type\":\"SearchAction\",\"target\":{\"@type\":\"EntryPoint\",\"urlTemplate\":\"https:\\\/\\\/marina-inc.com\\\/?s={search_term_string}\"},\"query-input\":{\"@type\":\"PropertyValueSpecification\",\"valueRequired\":true,\"valueName\":\"search_term_string\"}}],\"inLanguage\":\"fr-FR\"},{\"@type\":\"Organization\",\"@id\":\"https:\\\/\\\/marina-inc.com\\\/#organization\",\"name\":\"Marina Inc.\",\"alternateName\":\"Marina Inc.\",\"url\":\"https:\\\/\\\/marina-inc.com\\\/\",\"logo\":{\"@type\":\"ImageObject\",\"inLanguage\":\"fr-FR\",\"@id\":\"https:\\\/\\\/marina-inc.com\\\/#\\\/schema\\\/logo\\\/image\\\/\",\"url\":\"https:\\\/\\\/marina-inc.com\\\/wp-content\\\/uploads\\\/2016\\\/06\\\/marina-inc-logo.png\",\"contentUrl\":\"https:\\\/\\\/marina-inc.com\\\/wp-content\\\/uploads\\\/2016\\\/06\\\/marina-inc-logo.png\",\"width\":304,\"height\":82,\"caption\":\"Marina Inc.\"},\"image\":{\"@id\":\"https:\\\/\\\/marina-inc.com\\\/#\\\/schema\\\/logo\\\/image\\\/\"},\"sameAs\":[\"https:\\\/\\\/www.facebook.com\\\/marinainc.ca\\\/\"]}]}<\/script>\n<!-- \/ Yoast SEO plugin. -->","yoast_head_json":{"title":"Maxtreme - Marina Inc.","description":"RedMax comprend que les professionnels de l'am\u00e9nagement paysager ont des int\u00e9r\u00eats et des priorit\u00e9s lors de la s\u00e9lection des \u00e9quipements motoris\u00e9s pour l'ext\u00e9rieur.","robots":{"index":"index","follow":"follow","max-snippet":"max-snippet:-1","max-image-preview":"max-image-preview:large","max-video-preview":"max-video-preview:-1"},"canonical":"https:\/\/marina-inc.com\/fr\/maxtreme\/","og_locale":"fr_FR","og_type":"article","og_title":"Maxtreme - Marina Inc.","og_description":"RedMax comprend que les professionnels de l'am\u00e9nagement paysager ont des int\u00e9r\u00eats et des priorit\u00e9s lors de la s\u00e9lection des \u00e9quipements motoris\u00e9s pour l'ext\u00e9rieur.","og_url":"https:\/\/marina-inc.com\/fr\/maxtreme\/","og_site_name":"Marina Inc.","article_publisher":"https:\/\/www.facebook.com\/marinainc.ca\/","article_modified_time":"2016-08-04T19:38:41+00:00","og_image":[{"width":800,"height":533,"url":"https:\/\/marina-inc.com\/wp-content\/uploads\/2016\/05\/RedMax-Edger-Attachment.jpg","type":"image\/jpeg"}],"twitter_card":"summary_large_image","twitter_misc":{"Dur\u00e9e de lecture estim\u00e9e":"2 minutes"},"schema":{"@context":"https:\/\/schema.org","@graph":[{"@type":"WebPage","@id":"https:\/\/marina-inc.com\/fr\/maxtreme\/","url":"https:\/\/marina-inc.com\/fr\/maxtreme\/","name":"Maxtreme - Marina Inc.","isPartOf":{"@id":"https:\/\/marina-inc.com\/#website"},"primaryImageOfPage":{"@id":"https:\/\/marina-inc.com\/fr\/maxtreme\/#primaryimage"},"image":{"@id":"https:\/\/marina-inc.com\/fr\/maxtreme\/#primaryimage"},"thumbnailUrl":"https:\/\/marina-inc.com\/wp-content\/uploads\/2016\/05\/RedMax-Edger-Attachment.jpg","datePublished":"2016-06-03T14:27:20+00:00","dateModified":"2016-08-04T19:38:41+00:00","description":"RedMax comprend que les professionnels de l'am\u00e9nagement paysager ont des int\u00e9r\u00eats et des priorit\u00e9s lors de la s\u00e9lection des \u00e9quipements motoris\u00e9s pour l'ext\u00e9rieur.","breadcrumb":{"@id":"https:\/\/marina-inc.com\/fr\/maxtreme\/#breadcrumb"},"inLanguage":"fr-FR","potentialAction":[{"@type":"ReadAction","target":["https:\/\/marina-inc.com\/fr\/maxtreme\/"]}]},{"@type":"ImageObject","inLanguage":"fr-FR","@id":"https:\/\/marina-inc.com\/fr\/maxtreme\/#primaryimage","url":"https:\/\/marina-inc.com\/wp-content\/uploads\/2016\/05\/RedMax-Edger-Attachment.jpg","contentUrl":"https:\/\/marina-inc.com\/wp-content\/uploads\/2016\/05\/RedMax-Edger-Attachment.jpg","width":800,"height":533},{"@type":"BreadcrumbList","@id":"https:\/\/marina-inc.com\/fr\/maxtreme\/#breadcrumb","itemListElement":[{"@type":"ListItem","position":1,"name":"Home","item":"https:\/\/marina-inc.com\/fr\/"},{"@type":"ListItem","position":2,"name":"Maxtreme"}]},{"@type":"WebSite","@id":"https:\/\/marina-inc.com\/#website","url":"https:\/\/marina-inc.com\/","name":"Marina Inc.","description":"Landscape Materials and Equipment","publisher":{"@id":"https:\/\/marina-inc.com\/#organization"},"potentialAction":[{"@type":"SearchAction","target":{"@type":"EntryPoint","urlTemplate":"https:\/\/marina-inc.com\/?s={search_term_string}"},"query-input":{"@type":"PropertyValueSpecification","valueRequired":true,"valueName":"search_term_string"}}],"inLanguage":"fr-FR"},{"@type":"Organization","@id":"https:\/\/marina-inc.com\/#organization","name":"Marina Inc.","alternateName":"Marina Inc.","url":"https:\/\/marina-inc.com\/","logo":{"@type":"ImageObject","inLanguage":"fr-FR","@id":"https:\/\/marina-inc.com\/#\/schema\/logo\/image\/","url":"https:\/\/marina-inc.com\/wp-content\/uploads\/2016\/06\/marina-inc-logo.png","contentUrl":"https:\/\/marina-inc.com\/wp-content\/uploads\/2016\/06\/marina-inc-logo.png","width":304,"height":82,"caption":"Marina Inc."},"image":{"@id":"https:\/\/marina-inc.com\/#\/schema\/logo\/image\/"},"sameAs":["https:\/\/www.facebook.com\/marinainc.ca\/"]}]}},"_links":{"self":[{"href":"https:\/\/marina-inc.com\/fr\/wp-json\/wp\/v2\/pages\/1481","targetHints":{"allow":["GET"]}}],"collection":[{"href":"https:\/\/marina-inc.com\/fr\/wp-json\/wp\/v2\/pages"}],"about":[{"href":"https:\/\/marina-inc.com\/fr\/wp-json\/wp\/v2\/types\/page"}],"author":[{"embeddable":true,"href":"https:\/\/marina-inc.com\/fr\/wp-json\/wp\/v2\/users\/3"}],"replies":[{"embeddable":true,"href":"https:\/\/marina-inc.com\/fr\/wp-json\/wp\/v2\/comments?post=1481"}],"version-history":[{"count":0,"href":"https:\/\/marina-inc.com\/fr\/wp-json\/wp\/v2\/pages\/1481\/revisions"}],"wp:featuredmedia":[{"embeddable":true,"href":"https:\/\/marina-inc.com\/fr\/wp-json\/wp\/v2\/media\/830"}],"wp:attachment":[{"href":"https:\/\/marina-inc.com\/fr\/wp-json\/wp\/v2\/media?parent=1481"}],"curies":[{"name":"wp","href":"https:\/\/api.w.org\/{rel}","templated":true}]}}