{"id":1480,"date":"2016-06-03T14:35:00","date_gmt":"2016-06-03T14:35:00","guid":{"rendered":"https:\/\/marina-inc.com\/fr\/redmax-hedge-trimmers\/"},"modified":"2016-09-22T22:24:12","modified_gmt":"2016-09-22T22:24:12","slug":"taille-haies-redmax","status":"publish","type":"page","link":"https:\/\/marina-inc.com\/fr\/taille-haies-redmax\/","title":{"rendered":"Taille-Haies RedMax"},"content":{"rendered":"<div class=\"wpb-content-wrapper\"><p>[vc_row bg_color=\u00a0\u00bb#f9f9f9&Prime; top_padding=\u00a0\u00bb50&Prime;][vc_column width=\u00a0\u00bb1\/1&Prime;]\n\t\t<div class=\"portfolio-element\">\n\n\t\t\n\t\t\t\t\t<div class=\"container\">\n\t\t\n\t\t\t\t\t<div id=\"467109973\" class=\"portfolio-items portfolio-default portfolio-overlay-icon clearfix\" data-id=\"467109973\">  \n\t\t\t\t\t\t\n\t\t\t\t\t\t\t\n\t\t\t\t\t\t\t\n\t\t\t\t\t\t\n\t\t\t\t\t\t\t\t\t\t\t\t\t\t\t\t\n\t\t\t\t\t\t\t\t   \n\n\t\t\t\t\t\t\t\t<div class=\"term-coupes-haies portfolio-item four columns\">\n\t\t\t\t\t\t\t\t\t<div class=\"portfolio-image\"><a href=\"https:\/\/marina-inc.com\/fr\/equipment\/redmax-lrtz2460-lame-darticulation\/\" title=\"RedMax LRTZ2460 Lame D&rsquo;Articulation\"><div class=\"portfolio-image-img\"><img decoding=\"async\" src=\"https:\/\/marina-inc.com\/wp-content\/uploads\/2016\/05\/RedMax-LRTZ2460-ARTICULATING-BLADE-600x400.jpg\" alt=\"RedMax LRTZ2460 Lame D&rsquo;Articulation\" \/><\/div><div class=\"portfolio-overlay overlay-icon\"><\/div><i class=\"icon-minti-plus\"><\/i><\/a><\/div>\n\t\t\t\t\t\t\t\t\t<h4><a href=\"https:\/\/marina-inc.com\/fr\/equipment\/redmax-lrtz2460-lame-darticulation\/\" title=\"RedMax LRTZ2460 Lame D&rsquo;Articulation\">RedMax LRTZ2460 Lame D&rsquo;Articulation<\/a><\/h4>\n\t\t\t\t\t\t\t\t\t<span class=\"portfolio-subtitle\"><\/span>\n\t\t\t\t\t\t\t\t<\/div>\n\n\t\t\t\t\t\t\t\t\t\t\t\t  \n\t\t\t\t\t\t\n\t\t\t\t\t\t\t\n\t\t\t\t\t\t\t\n\t\t\t\t\t\t\n\t\t\t\t\t\t\t\t\t\t\t\t\t\t\t\t\n\t\t\t\t\t\t\t\t   \n\n\t\t\t\t\t\t\t\t<div class=\"term-coupes-haies portfolio-item four columns\">\n\t\t\t\t\t\t\t\t\t<div class=\"portfolio-image\"><a href=\"https:\/\/marina-inc.com\/fr\/equipment\/redmax-srtz2460f-lame-a-double-face\/\" title=\"RedMax SRTZ2460F Lame \u00e0 Double Face\"><div class=\"portfolio-image-img\"><img decoding=\"async\" src=\"https:\/\/marina-inc.com\/wp-content\/uploads\/2016\/05\/RedMax-SRTZ2460F-DOUBLE-SIDE-BLADE-600x400.jpg\" alt=\"RedMax SRTZ2460F Lame \u00e0 Double Face\" \/><\/div><div class=\"portfolio-overlay overlay-icon\"><\/div><i class=\"icon-minti-plus\"><\/i><\/a><\/div>\n\t\t\t\t\t\t\t\t\t<h4><a href=\"https:\/\/marina-inc.com\/fr\/equipment\/redmax-srtz2460f-lame-a-double-face\/\" title=\"RedMax SRTZ2460F Lame \u00e0 Double Face\">RedMax SRTZ2460F Lame \u00e0 Double Face<\/a><\/h4>\n\t\t\t\t\t\t\t\t\t<span class=\"portfolio-subtitle\"><\/span>\n\t\t\t\t\t\t\t\t<\/div>\n\n\t\t\t\t\t\t\t\t\t\t\t\t  \n\t\t\t\t\t\t\n\t\t\t\t\t\t\t\n\t\t\t\t\t\t\t\n\t\t\t\t\t\t\n\t\t\t\t\t\t\t\t\t\t\t\t\t\t\t\t\n\t\t\t\t\t\t\t\t   \n\n\t\t\t\t\t\t\t\t<div class=\"term-coupes-haies portfolio-item four columns\">\n\t\t\t\t\t\t\t\t\t<div class=\"portfolio-image\"><a href=\"https:\/\/marina-inc.com\/fr\/equipment\/redmax-srtz2460-lame-a-double-face\/\" title=\"RedMax SRTZ2460 Lame \u00e0 Double Face\"><div class=\"portfolio-image-img\"><img decoding=\"async\" src=\"https:\/\/marina-inc.com\/wp-content\/uploads\/2016\/05\/RedMax-SRTZ2460F-DOUBLE-SIDE-BLADE-600x400.jpg\" alt=\"RedMax SRTZ2460 Lame \u00e0 Double Face\" \/><\/div><div class=\"portfolio-overlay overlay-icon\"><\/div><i class=\"icon-minti-plus\"><\/i><\/a><\/div>\n\t\t\t\t\t\t\t\t\t<h4><a href=\"https:\/\/marina-inc.com\/fr\/equipment\/redmax-srtz2460-lame-a-double-face\/\" title=\"RedMax SRTZ2460 Lame \u00e0 Double Face\">RedMax SRTZ2460 Lame \u00e0 Double Face<\/a><\/h4>\n\t\t\t\t\t\t\t\t\t<span class=\"portfolio-subtitle\"><\/span>\n\t\t\t\t\t\t\t\t<\/div>\n\n\t\t\t\t\t\t\t\t\t\t\t\t  \n\t\t\t\t\t\t\n\t\t\t\t\t\t\t\n\t\t\t\t\t\t\t\n\t\t\t\t\t\t\n\t\t\t\t\t\t\t\t\t\t\t\t\t\t\t\t\n\t\t\t\t\t\t\t\t   \n\n\t\t\t\t\t\t\t\t<div class=\"term-coupes-haies portfolio-item four columns\">\n\t\t\t\t\t\t\t\t\t<div class=\"portfolio-image\"><a href=\"https:\/\/marina-inc.com\/fr\/equipment\/redmax-chtz2460l-lame-a-double-face\/\" title=\"RedMax CHTZ2460L Lame \u00e0 Double Face\"><div class=\"portfolio-image-img\"><img decoding=\"async\" src=\"https:\/\/marina-inc.com\/wp-content\/uploads\/2016\/05\/RedMax-CHTZ2460L-DOUBLE-SIDE-BLADE-600x400.jpg\" alt=\"RedMax CHTZ2460L Lame \u00e0 Double Face\" \/><\/div><div class=\"portfolio-overlay overlay-icon\"><\/div><i class=\"icon-minti-plus\"><\/i><\/a><\/div>\n\t\t\t\t\t\t\t\t\t<h4><a href=\"https:\/\/marina-inc.com\/fr\/equipment\/redmax-chtz2460l-lame-a-double-face\/\" title=\"RedMax CHTZ2460L Lame \u00e0 Double Face\">RedMax CHTZ2460L Lame \u00e0 Double Face<\/a><\/h4>\n\t\t\t\t\t\t\t\t\t<span class=\"portfolio-subtitle\"><\/span>\n\t\t\t\t\t\t\t\t<\/div>\n\n\t\t\t\t\t\t\t\t\t\t\t\t  \n\t\t\t\t\t\t\n\t\t\t\t\t\t\t\n\t\t\t\t\t\t\t\n\t\t\t\t\t\t\n\t\t\t\t\t\t\t\t\t\t\t\t\t\t\t\t\n\t\t\t\t\t\t\t\t   \n\n\t\t\t\t\t\t\t\t<div class=\"term-coupes-haies portfolio-item four columns\">\n\t\t\t\t\t\t\t\t\t<div class=\"portfolio-image\"><a href=\"https:\/\/marina-inc.com\/fr\/equipment\/redmax-chtz2460-lame-a-double-face\/\" title=\"RedMax CHTZ2460 Lame \u00e0 Double Face\"><div class=\"portfolio-image-img\"><img decoding=\"async\" src=\"https:\/\/marina-inc.com\/wp-content\/uploads\/2016\/05\/RedMax-CHTZ2460L-DOUBLE-SIDE-BLADE-600x400.jpg\" alt=\"RedMax CHTZ2460 Lame \u00e0 Double Face\" \/><\/div><div class=\"portfolio-overlay overlay-icon\"><\/div><i class=\"icon-minti-plus\"><\/i><\/a><\/div>\n\t\t\t\t\t\t\t\t\t<h4><a href=\"https:\/\/marina-inc.com\/fr\/equipment\/redmax-chtz2460-lame-a-double-face\/\" title=\"RedMax CHTZ2460 Lame \u00e0 Double Face\">RedMax CHTZ2460 Lame \u00e0 Double Face<\/a><\/h4>\n\t\t\t\t\t\t\t\t\t<span class=\"portfolio-subtitle\"><\/span>\n\t\t\t\t\t\t\t\t<\/div>\n\n\t\t\t\t\t\t\t\t\t\t\t\t  \n\t\t\t\t\t\t\n\t\t\t\t\t\t\t\n\t\t\t\t\t\t\t\n\t\t\t\t\t\t\n\t\t\t\t\t\t\t\t\t\t\t\t\t\t\t\t\n\t\t\t\t\t\t\t\t   \n\n\t\t\t\t\t\t\t\t<div class=\"term-coupes-haies portfolio-item four columns\">\n\t\t\t\t\t\t\t\t\t<div class=\"portfolio-image\"><a href=\"https:\/\/marina-inc.com\/fr\/equipment\/redmax-cht2250-lame-a-double-face\/\" title=\"RedMax CHT2250 Lame \u00e0 Double Face\"><div class=\"portfolio-image-img\"><img decoding=\"async\" src=\"https:\/\/marina-inc.com\/wp-content\/uploads\/2016\/05\/RedMax-CHT2250-DOUBLE-SIDE-BLADE-600x400.jpg\" alt=\"RedMax CHT2250 Lame \u00e0 Double Face\" \/><\/div><div class=\"portfolio-overlay overlay-icon\"><\/div><i class=\"icon-minti-plus\"><\/i><\/a><\/div>\n\t\t\t\t\t\t\t\t\t<h4><a href=\"https:\/\/marina-inc.com\/fr\/equipment\/redmax-cht2250-lame-a-double-face\/\" title=\"RedMax CHT2250 Lame \u00e0 Double Face\">RedMax CHT2250 Lame \u00e0 Double Face<\/a><\/h4>\n\t\t\t\t\t\t\t\t\t<span class=\"portfolio-subtitle\"><\/span>\n\t\t\t\t\t\t\t\t<\/div>\n\n\t\t\t\t\t\t\t\t\t\t\t\t  \n\t\t\t\t\t\t\n\t\t\t\t\t\t\t\n\t\t\t\t\t\t\t\n\t\t\t\t\t\t\n\t\t\t\t\t\t\t\t\t\t\t\t\t\t\t\t\n\t\t\t\t\t\t\t\t   \n\n\t\t\t\t\t\t\t\t<div class=\"term-coupes-haies portfolio-item four columns\">\n\t\t\t\t\t\t\t\t\t<div class=\"portfolio-image\"><a href=\"https:\/\/marina-inc.com\/fr\/equipment\/redmax-cht220-lame-a-double-face\/\" title=\"RedMax CHT220 Lame \u00e0 Double Face\"><div class=\"portfolio-image-img\"><img decoding=\"async\" src=\"https:\/\/marina-inc.com\/wp-content\/uploads\/2016\/05\/RedMax-CHT220-DOUBLE-SIDE-BLADE-600x400.jpg\" alt=\"RedMax CHT220 Lame \u00e0 Double Face\" \/><\/div><div class=\"portfolio-overlay overlay-icon\"><\/div><i class=\"icon-minti-plus\"><\/i><\/a><\/div>\n\t\t\t\t\t\t\t\t\t<h4><a href=\"https:\/\/marina-inc.com\/fr\/equipment\/redmax-cht220-lame-a-double-face\/\" title=\"RedMax CHT220 Lame \u00e0 Double Face\">RedMax CHT220 Lame \u00e0 Double Face<\/a><\/h4>\n\t\t\t\t\t\t\t\t\t<span class=\"portfolio-subtitle\"><\/span>\n\t\t\t\t\t\t\t\t<\/div>\n\n\t\t\t\t\t\t\t\t\t\t\t\t  \n\t\t\t\t\t\t\n\t\t\t\t\t\t\t\n\t\t\t\t\t\t\t\n\t\t\t\t\t\t\n\t\t\t\t\t\t\t\t\t\t\t\t\t\t\t\t\n\t\t\t\t\t\t\t\t   \n\n\t\t\t\t\t\t\t\t<div class=\"term-coupes-haies portfolio-item four columns\">\n\t\t\t\t\t\t\t\t\t<div class=\"portfolio-image\"><a href=\"https:\/\/marina-inc.com\/fr\/equipment\/redmax-htz2460l-lame-simple-face\/\" title=\"RedMax HTZ2460L Lame Simple Face\"><div class=\"portfolio-image-img\"><img decoding=\"async\" src=\"https:\/\/marina-inc.com\/wp-content\/uploads\/2016\/05\/RedMax-HTZ2460L-SINGLE-SIDE-BLADE-600x400.jpg\" alt=\"RedMax HTZ2460L Lame Simple Face\" \/><\/div><div class=\"portfolio-overlay overlay-icon\"><\/div><i class=\"icon-minti-plus\"><\/i><\/a><\/div>\n\t\t\t\t\t\t\t\t\t<h4><a href=\"https:\/\/marina-inc.com\/fr\/equipment\/redmax-htz2460l-lame-simple-face\/\" title=\"RedMax HTZ2460L Lame Simple Face\">RedMax HTZ2460L Lame Simple Face<\/a><\/h4>\n\t\t\t\t\t\t\t\t\t<span class=\"portfolio-subtitle\"><\/span>\n\t\t\t\t\t\t\t\t<\/div>\n\n\t\t\t\t\t\t\t\t\t\t\t\t  \n\t\t\t\t\t\t\n\t\t\t\t\t\t\t\n\t\t\t\t\t\t\t\n\t\t\t\t\t\t\n\t\t\t\t\t\t\t\t\t\t\t\t\t\t\t\t\n\t\t\t\t\t\t\t\t   \n\n\t\t\t\t\t\t\t\t<div class=\"term-coupes-haies portfolio-item four columns\">\n\t\t\t\t\t\t\t\t\t<div class=\"portfolio-image\"><a href=\"https:\/\/marina-inc.com\/fr\/equipment\/redmax-htz2460-lame-simple-face\/\" title=\"RedMax HTZ2460 Lame Simple Face\"><div class=\"portfolio-image-img\"><img decoding=\"async\" src=\"https:\/\/marina-inc.com\/wp-content\/uploads\/2016\/05\/RedMax-HTZ2460L-SINGLE-SIDE-BLADE-600x400.jpg\" alt=\"RedMax HTZ2460 Lame Simple Face\" \/><\/div><div class=\"portfolio-overlay overlay-icon\"><\/div><i class=\"icon-minti-plus\"><\/i><\/a><\/div>\n\t\t\t\t\t\t\t\t\t<h4><a href=\"https:\/\/marina-inc.com\/fr\/equipment\/redmax-htz2460-lame-simple-face\/\" title=\"RedMax HTZ2460 Lame Simple Face\">RedMax HTZ2460 Lame Simple Face<\/a><\/h4>\n\t\t\t\t\t\t\t\t\t<span class=\"portfolio-subtitle\"><\/span>\n\t\t\t\t\t\t\t\t<\/div>\n\n\t\t\t\t\t\t\t\t\t\t\t\t  \n\t\t\t\t\t\t\t\t\t\t\t<\/div>\n\n\t\t\t\t\t<\/div>\n\t\t\n\t\t<\/div>\n\t\t\t\n\t\t\t\t\n\t\t[\/vc_column][\/vc_row][vc_row top_padding=\u00a0\u00bb50&Prime; bottom_padding=\u00a0\u00bb50&Prime;][vc_column width=\u00a0\u00bb1\/1&Prime;][vc_column_text]<img decoding=\"async\" class=\"alignright size-full wp-image-969\" src=\"https:\/\/marina-inc.com\/wp-content\/uploads\/2016\/06\/redmax-logo.png\" alt=\"RedMax\" width=\"199\" height=\"77\" \/><\/p>\n<h1>RedMax Taille-Haies<\/h1>\n<p>RedMax offre une vaste gamme de puissants, taille-haies \u00e9cologiques con\u00e7us pour des performances exceptionnelles dans tous les environnements. La stabilit\u00e9 suppl\u00e9mentaire vient de roulements \u00e0 aiguilles acier encag\u00e9s qui soutiennent les tiges qui relient les lames. Les lames sont en acier riches en carbone c\u00e9ment\u00e9 pour r\u00e9duire la n\u00e9cessit\u00e9 pour l&rsquo;aff\u00fbtage.<\/p>\n<p>Tous les taille-haies int\u00e8grent des lames \u00e0 doubles pistons pour fournir, des coupes impeccables propres rapides. Nos lames \u00e0 double face sont mieux utilis\u00e9es pour la coupe rapide dans toutes les directions quand le temps est le plus important. Lorsque la pr\u00e9cision est la priorit\u00e9, les lames simples faces sont utilis\u00e9es pour la sculpture pr\u00e9cise et la coupe cr\u00e9ative.<\/p>\n<p>La plupart des mod\u00e8les comprennent \u00e9galement notre technologie de moteur propre \u00e0 combustion brevet\u00e9e Strato-Charged, ce qui les rend jusqu&rsquo;\u00e0 20% plus \u00e9conomes en carburant avec des \u00e9missions r\u00e9duites. Faciles \u00e0 d\u00e9marrer et de longue dur\u00e9e, la plupart de ces taille-haies sont couverts par une garantie commerciale compl\u00e8te de deux ans.[\/vc_column_text][\/vc_column][\/vc_row]<\/p>\n<\/div>","protected":false},"excerpt":{"rendered":"<p>[vc_row bg_color=\u00a0\u00bb#f9f9f9&Prime; top_padding=\u00a0\u00bb50&Prime;][vc_column width=\u00a0\u00bb1\/1&Prime;][\/vc_column][\/vc_row][vc_row top_padding=\u00a0\u00bb50&Prime; bottom_padding=\u00a0\u00bb50&Prime;][vc_column width=\u00a0\u00bb1\/1&Prime;][vc_column_text] RedMax Taille-Haies RedMax offre une vaste gamme de puissants, taille-haies \u00e9cologiques con\u00e7us pour des performances exceptionnelles dans tous les environnements. La stabilit\u00e9 suppl\u00e9mentaire vient de roulements \u00e0 aiguilles acier encag\u00e9s qui soutiennent les tiges qui relient les lames. Les lames sont en acier riches en carbone c\u00e9ment\u00e9 pour r\u00e9duire la n\u00e9cessit\u00e9 pour l&rsquo;aff\u00fbtage. Tous les taille-haies int\u00e8grent des lames \u00e0 doubles pistons pour fournir, des coupes impeccables propres rapides. Nos lames \u00e0 double face sont mieux utilis\u00e9es pour la coupe rapide dans toutes les directions quand le temps est le plus important. Lorsque la pr\u00e9cision est la priorit\u00e9, les lames simples faces sont utilis\u00e9es pour la sculpture pr\u00e9cise et la coupe cr\u00e9ative. La plupart des mod\u00e8les comprennent \u00e9galement notre technologie de moteur propre \u00e0 combustion brevet\u00e9e Strato-Charged, ce qui les rend jusqu&rsquo;\u00e0 20% plus \u00e9conomes en carburant avec des \u00e9missions r\u00e9duites. Faciles \u00e0 d\u00e9marrer et de longue dur\u00e9e, la plupart de ces taille-haies sont couverts par une garantie commerciale compl\u00e8te de deux ans.[\/vc_column_text][\/vc_column][\/vc_row]<\/p>\n","protected":false},"author":3,"featured_media":846,"parent":0,"menu_order":0,"comment_status":"closed","ping_status":"closed","template":"","meta":{"footnotes":""},"class_list":["post-1480","page","type-page","status-publish","has-post-thumbnail","hentry"],"yoast_head":"<!-- This site is optimized with the Yoast SEO plugin v27.3 - https:\/\/yoast.com\/product\/yoast-seo-wordpress\/ -->\n<title>Taille-Haies RedMax - Marina Inc.<\/title>\n<meta name=\"description\" content=\"RedMax offre une vaste gamme de puissants, taille-haies \u00e9cologiques con\u00e7us pour des performances exceptionnelles dans tous les environnements.\" \/>\n<meta name=\"robots\" content=\"index, follow, max-snippet:-1, max-image-preview:large, max-video-preview:-1\" \/>\n<link rel=\"canonical\" href=\"https:\/\/marina-inc.com\/fr\/taille-haies-redmax\/\" \/>\n<meta property=\"og:locale\" content=\"fr_FR\" \/>\n<meta property=\"og:type\" content=\"article\" \/>\n<meta property=\"og:title\" content=\"Taille-Haies RedMax - Marina Inc.\" \/>\n<meta property=\"og:description\" content=\"RedMax offre une vaste gamme de puissants, taille-haies \u00e9cologiques con\u00e7us pour des performances exceptionnelles dans tous les environnements.\" \/>\n<meta property=\"og:url\" content=\"https:\/\/marina-inc.com\/fr\/taille-haies-redmax\/\" \/>\n<meta property=\"og:site_name\" content=\"Marina Inc.\" \/>\n<meta property=\"article:publisher\" content=\"https:\/\/www.facebook.com\/marinainc.ca\/\" \/>\n<meta property=\"article:modified_time\" content=\"2016-09-22T22:24:12+00:00\" \/>\n<meta property=\"og:image\" content=\"https:\/\/marina-inc.com\/wp-content\/uploads\/2016\/05\/RedMax-CHTZ2460L-DOUBLE-SIDE-BLADE.jpg\" \/>\n\t<meta property=\"og:image:width\" content=\"800\" \/>\n\t<meta property=\"og:image:height\" content=\"533\" \/>\n\t<meta property=\"og:image:type\" content=\"image\/jpeg\" \/>\n<meta name=\"twitter:card\" content=\"summary_large_image\" \/>\n<meta name=\"twitter:label1\" content=\"Dur\u00e9e de lecture estim\u00e9e\" \/>\n\t<meta name=\"twitter:data1\" content=\"1 minute\" \/>\n<script type=\"application\/ld+json\" class=\"yoast-schema-graph\">{\"@context\":\"https:\\\/\\\/schema.org\",\"@graph\":[{\"@type\":\"WebPage\",\"@id\":\"https:\\\/\\\/marina-inc.com\\\/fr\\\/taille-haies-redmax\\\/\",\"url\":\"https:\\\/\\\/marina-inc.com\\\/fr\\\/taille-haies-redmax\\\/\",\"name\":\"Taille-Haies RedMax - Marina Inc.\",\"isPartOf\":{\"@id\":\"https:\\\/\\\/marina-inc.com\\\/#website\"},\"primaryImageOfPage\":{\"@id\":\"https:\\\/\\\/marina-inc.com\\\/fr\\\/taille-haies-redmax\\\/#primaryimage\"},\"image\":{\"@id\":\"https:\\\/\\\/marina-inc.com\\\/fr\\\/taille-haies-redmax\\\/#primaryimage\"},\"thumbnailUrl\":\"https:\\\/\\\/marina-inc.com\\\/wp-content\\\/uploads\\\/2016\\\/05\\\/RedMax-CHTZ2460L-DOUBLE-SIDE-BLADE.jpg\",\"datePublished\":\"2016-06-03T14:35:00+00:00\",\"dateModified\":\"2016-09-22T22:24:12+00:00\",\"description\":\"RedMax offre une vaste gamme de puissants, taille-haies \u00e9cologiques con\u00e7us pour des performances exceptionnelles dans tous les environnements.\",\"breadcrumb\":{\"@id\":\"https:\\\/\\\/marina-inc.com\\\/fr\\\/taille-haies-redmax\\\/#breadcrumb\"},\"inLanguage\":\"fr-FR\",\"potentialAction\":[{\"@type\":\"ReadAction\",\"target\":[\"https:\\\/\\\/marina-inc.com\\\/fr\\\/taille-haies-redmax\\\/\"]}]},{\"@type\":\"ImageObject\",\"inLanguage\":\"fr-FR\",\"@id\":\"https:\\\/\\\/marina-inc.com\\\/fr\\\/taille-haies-redmax\\\/#primaryimage\",\"url\":\"https:\\\/\\\/marina-inc.com\\\/wp-content\\\/uploads\\\/2016\\\/05\\\/RedMax-CHTZ2460L-DOUBLE-SIDE-BLADE.jpg\",\"contentUrl\":\"https:\\\/\\\/marina-inc.com\\\/wp-content\\\/uploads\\\/2016\\\/05\\\/RedMax-CHTZ2460L-DOUBLE-SIDE-BLADE.jpg\",\"width\":800,\"height\":533},{\"@type\":\"BreadcrumbList\",\"@id\":\"https:\\\/\\\/marina-inc.com\\\/fr\\\/taille-haies-redmax\\\/#breadcrumb\",\"itemListElement\":[{\"@type\":\"ListItem\",\"position\":1,\"name\":\"Home\",\"item\":\"https:\\\/\\\/marina-inc.com\\\/fr\\\/\"},{\"@type\":\"ListItem\",\"position\":2,\"name\":\"Taille-Haies RedMax\"}]},{\"@type\":\"WebSite\",\"@id\":\"https:\\\/\\\/marina-inc.com\\\/#website\",\"url\":\"https:\\\/\\\/marina-inc.com\\\/\",\"name\":\"Marina Inc.\",\"description\":\"Landscape Materials and Equipment\",\"publisher\":{\"@id\":\"https:\\\/\\\/marina-inc.com\\\/#organization\"},\"potentialAction\":[{\"@type\":\"SearchAction\",\"target\":{\"@type\":\"EntryPoint\",\"urlTemplate\":\"https:\\\/\\\/marina-inc.com\\\/?s={search_term_string}\"},\"query-input\":{\"@type\":\"PropertyValueSpecification\",\"valueRequired\":true,\"valueName\":\"search_term_string\"}}],\"inLanguage\":\"fr-FR\"},{\"@type\":\"Organization\",\"@id\":\"https:\\\/\\\/marina-inc.com\\\/#organization\",\"name\":\"Marina Inc.\",\"alternateName\":\"Marina Inc.\",\"url\":\"https:\\\/\\\/marina-inc.com\\\/\",\"logo\":{\"@type\":\"ImageObject\",\"inLanguage\":\"fr-FR\",\"@id\":\"https:\\\/\\\/marina-inc.com\\\/#\\\/schema\\\/logo\\\/image\\\/\",\"url\":\"https:\\\/\\\/marina-inc.com\\\/wp-content\\\/uploads\\\/2016\\\/06\\\/marina-inc-logo.png\",\"contentUrl\":\"https:\\\/\\\/marina-inc.com\\\/wp-content\\\/uploads\\\/2016\\\/06\\\/marina-inc-logo.png\",\"width\":304,\"height\":82,\"caption\":\"Marina Inc.\"},\"image\":{\"@id\":\"https:\\\/\\\/marina-inc.com\\\/#\\\/schema\\\/logo\\\/image\\\/\"},\"sameAs\":[\"https:\\\/\\\/www.facebook.com\\\/marinainc.ca\\\/\"]}]}<\/script>\n<!-- \/ Yoast SEO plugin. -->","yoast_head_json":{"title":"Taille-Haies RedMax - Marina Inc.","description":"RedMax offre une vaste gamme de puissants, taille-haies \u00e9cologiques con\u00e7us pour des performances exceptionnelles dans tous les environnements.","robots":{"index":"index","follow":"follow","max-snippet":"max-snippet:-1","max-image-preview":"max-image-preview:large","max-video-preview":"max-video-preview:-1"},"canonical":"https:\/\/marina-inc.com\/fr\/taille-haies-redmax\/","og_locale":"fr_FR","og_type":"article","og_title":"Taille-Haies RedMax - Marina Inc.","og_description":"RedMax offre une vaste gamme de puissants, taille-haies \u00e9cologiques con\u00e7us pour des performances exceptionnelles dans tous les environnements.","og_url":"https:\/\/marina-inc.com\/fr\/taille-haies-redmax\/","og_site_name":"Marina Inc.","article_publisher":"https:\/\/www.facebook.com\/marinainc.ca\/","article_modified_time":"2016-09-22T22:24:12+00:00","og_image":[{"width":800,"height":533,"url":"https:\/\/marina-inc.com\/wp-content\/uploads\/2016\/05\/RedMax-CHTZ2460L-DOUBLE-SIDE-BLADE.jpg","type":"image\/jpeg"}],"twitter_card":"summary_large_image","twitter_misc":{"Dur\u00e9e de lecture estim\u00e9e":"1 minute"},"schema":{"@context":"https:\/\/schema.org","@graph":[{"@type":"WebPage","@id":"https:\/\/marina-inc.com\/fr\/taille-haies-redmax\/","url":"https:\/\/marina-inc.com\/fr\/taille-haies-redmax\/","name":"Taille-Haies RedMax - Marina Inc.","isPartOf":{"@id":"https:\/\/marina-inc.com\/#website"},"primaryImageOfPage":{"@id":"https:\/\/marina-inc.com\/fr\/taille-haies-redmax\/#primaryimage"},"image":{"@id":"https:\/\/marina-inc.com\/fr\/taille-haies-redmax\/#primaryimage"},"thumbnailUrl":"https:\/\/marina-inc.com\/wp-content\/uploads\/2016\/05\/RedMax-CHTZ2460L-DOUBLE-SIDE-BLADE.jpg","datePublished":"2016-06-03T14:35:00+00:00","dateModified":"2016-09-22T22:24:12+00:00","description":"RedMax offre une vaste gamme de puissants, taille-haies \u00e9cologiques con\u00e7us pour des performances exceptionnelles dans tous les environnements.","breadcrumb":{"@id":"https:\/\/marina-inc.com\/fr\/taille-haies-redmax\/#breadcrumb"},"inLanguage":"fr-FR","potentialAction":[{"@type":"ReadAction","target":["https:\/\/marina-inc.com\/fr\/taille-haies-redmax\/"]}]},{"@type":"ImageObject","inLanguage":"fr-FR","@id":"https:\/\/marina-inc.com\/fr\/taille-haies-redmax\/#primaryimage","url":"https:\/\/marina-inc.com\/wp-content\/uploads\/2016\/05\/RedMax-CHTZ2460L-DOUBLE-SIDE-BLADE.jpg","contentUrl":"https:\/\/marina-inc.com\/wp-content\/uploads\/2016\/05\/RedMax-CHTZ2460L-DOUBLE-SIDE-BLADE.jpg","width":800,"height":533},{"@type":"BreadcrumbList","@id":"https:\/\/marina-inc.com\/fr\/taille-haies-redmax\/#breadcrumb","itemListElement":[{"@type":"ListItem","position":1,"name":"Home","item":"https:\/\/marina-inc.com\/fr\/"},{"@type":"ListItem","position":2,"name":"Taille-Haies RedMax"}]},{"@type":"WebSite","@id":"https:\/\/marina-inc.com\/#website","url":"https:\/\/marina-inc.com\/","name":"Marina Inc.","description":"Landscape Materials and Equipment","publisher":{"@id":"https:\/\/marina-inc.com\/#organization"},"potentialAction":[{"@type":"SearchAction","target":{"@type":"EntryPoint","urlTemplate":"https:\/\/marina-inc.com\/?s={search_term_string}"},"query-input":{"@type":"PropertyValueSpecification","valueRequired":true,"valueName":"search_term_string"}}],"inLanguage":"fr-FR"},{"@type":"Organization","@id":"https:\/\/marina-inc.com\/#organization","name":"Marina Inc.","alternateName":"Marina Inc.","url":"https:\/\/marina-inc.com\/","logo":{"@type":"ImageObject","inLanguage":"fr-FR","@id":"https:\/\/marina-inc.com\/#\/schema\/logo\/image\/","url":"https:\/\/marina-inc.com\/wp-content\/uploads\/2016\/06\/marina-inc-logo.png","contentUrl":"https:\/\/marina-inc.com\/wp-content\/uploads\/2016\/06\/marina-inc-logo.png","width":304,"height":82,"caption":"Marina Inc."},"image":{"@id":"https:\/\/marina-inc.com\/#\/schema\/logo\/image\/"},"sameAs":["https:\/\/www.facebook.com\/marinainc.ca\/"]}]}},"_links":{"self":[{"href":"https:\/\/marina-inc.com\/fr\/wp-json\/wp\/v2\/pages\/1480","targetHints":{"allow":["GET"]}}],"collection":[{"href":"https:\/\/marina-inc.com\/fr\/wp-json\/wp\/v2\/pages"}],"about":[{"href":"https:\/\/marina-inc.com\/fr\/wp-json\/wp\/v2\/types\/page"}],"author":[{"embeddable":true,"href":"https:\/\/marina-inc.com\/fr\/wp-json\/wp\/v2\/users\/3"}],"replies":[{"embeddable":true,"href":"https:\/\/marina-inc.com\/fr\/wp-json\/wp\/v2\/comments?post=1480"}],"version-history":[{"count":0,"href":"https:\/\/marina-inc.com\/fr\/wp-json\/wp\/v2\/pages\/1480\/revisions"}],"wp:featuredmedia":[{"embeddable":true,"href":"https:\/\/marina-inc.com\/fr\/wp-json\/wp\/v2\/media\/846"}],"wp:attachment":[{"href":"https:\/\/marina-inc.com\/fr\/wp-json\/wp\/v2\/media?parent=1480"}],"curies":[{"name":"wp","href":"https:\/\/api.w.org\/{rel}","templated":true}]}}