{"id":1479,"date":"2016-06-03T14:45:23","date_gmt":"2016-06-03T14:45:23","guid":{"rendered":"https:\/\/marina-inc.com\/fr\/redmax-reciprocator\/"},"modified":"2016-09-23T15:40:29","modified_gmt":"2016-09-23T15:40:29","slug":"reciprocateur-redmax","status":"publish","type":"page","link":"https:\/\/marina-inc.com\/fr\/reciprocateur-redmax\/","title":{"rendered":"R\u00e9ciprocateur RedMax"},"content":{"rendered":"<div class=\"wpb-content-wrapper\"><p>[vc_row bg_color=\u00a0\u00bb#f9f9f9&Prime; top_padding=\u00a0\u00bb50&Prime;][vc_column width=\u00a0\u00bb1\/1&Prime;]\n\t\t<div class=\"portfolio-element\">\n\n\t\t\n\t\t\t\t\t<div class=\"container\">\n\t\t\n\t\t\t\t\t<div id=\"289959105\" class=\"portfolio-items portfolio-default portfolio-overlay-icon clearfix\" data-id=\"289959105\">  \n\t\t\t\t\t\t\n\t\t\t\t\t\t\t\n\t\t\t\t\t\t\t\n\t\t\t\t\t\t\n\t\t\t\t\t\t\t\t\t\t\t\t\t\t\t\t\n\t\t\t\t\t\t\t\t   \n\n\t\t\t\t\t\t\t\t<div class=\"term-scie-reciproque portfolio-item four columns\">\n\t\t\t\t\t\t\t\t\t<div class=\"portfolio-image\"><a href=\"https:\/\/marina-inc.com\/fr\/equipment\/redmax-sgcz2460s-scie-reciproque\/\" title=\"REDMAX SGCZ2460S Scie R\u00e9ciproque\"><div class=\"portfolio-image-img\"><img decoding=\"async\" src=\"https:\/\/marina-inc.com\/wp-content\/uploads\/2016\/05\/REDMAX-SGCZ2460S-Reciprocator-600x400.jpg\" alt=\"REDMAX SGCZ2460S Scie R\u00e9ciproque\" \/><\/div><div class=\"portfolio-overlay overlay-icon\"><\/div><i class=\"icon-minti-plus\"><\/i><\/a><\/div>\n\t\t\t\t\t\t\t\t\t<h4><a href=\"https:\/\/marina-inc.com\/fr\/equipment\/redmax-sgcz2460s-scie-reciproque\/\" title=\"REDMAX SGCZ2460S Scie R\u00e9ciproque\">REDMAX SGCZ2460S Scie R\u00e9ciproque<\/a><\/h4>\n\t\t\t\t\t\t\t\t\t<span class=\"portfolio-subtitle\"><\/span>\n\t\t\t\t\t\t\t\t<\/div>\n\n\t\t\t\t\t\t\t\t\t\t\t\t  \n\t\t\t\t\t\t\t\t\t\t\t<\/div>\n\n\t\t\t\t\t<\/div>\n\t\t\n\t\t<\/div>\n\t\t\t\n\t\t\t\t\n\t\t[\/vc_column][\/vc_row][vc_row top_padding=\u00a0\u00bb50&Prime; bottom_padding=\u00a0\u00bb50&Prime;][vc_column width=\u00a0\u00bb1\/1&Prime;][vc_column_text]<img decoding=\"async\" class=\"alignright size-full wp-image-969\" src=\"https:\/\/marina-inc.com\/wp-content\/uploads\/2016\/06\/redmax-logo.png\" alt=\"RedMax\" width=\"199\" height=\"77\" \/><\/p>\n<h1>RedMax R\u00e9ciprocateur<\/h1>\n<p>Tr\u00e8s respect\u00e9 parmi les professionnels de l&rsquo;am\u00e9nagement paysager, le r\u00e9ciprocateur de qualit\u00e9 commerciale par RedMax peut g\u00e9rer le rognage le plus difficile, d\u00e9lignage ou t\u00e2ches d&rsquo;\u00e9lagage. Con\u00e7ues pour un usage quotidien difficile, les lames \u00e0 pistons fonctionnent d&rsquo;avant en arri\u00e8re dans un type de mouvement ciseaux sans essorage \u00e0 grande vitesse. Cela permet aux utilisateurs l&rsquo;assiette et le bord en toute s\u00e9curit\u00e9 sans jeter d&rsquo;objets ou de d\u00e9bris dangereux. La performance sup\u00e9rieure de ce produit exceptionnel r\u00e9siste m\u00eame bords en b\u00e9ton, de l&rsquo;eau, du gravier et de sable.<\/p>\n<p>Haute performance combin\u00e9e avec l\u2019am\u00e9lioration de s\u00e9curit\u00e9 et l\u2019entretien simple, rend le RedMax r\u00e9ciprocateur. Le RedMax r\u00e9ciprocateur est un choix pr\u00e9f\u00e9r\u00e9 parmi les professionnels d&rsquo;am\u00e9nagement paysager, jardine et d&rsquo;entretien des parcs partout. Le r\u00e9ciprocateur fonctionne sans rebond qui se produit normalement lorsque les lames rotatives \u00e0 grande vitesse frappent un objet fixe.<\/p>\n<p>Soutenu par une garantie commerciale compl\u00e8te de deux ans, le r\u00e9ciprocateur comprend de nombreuses caract\u00e9ristiques de conception suppl\u00e9mentaires, y compris notre technologie de moteur Strato-Charged brevet\u00e9. Le r\u00e9ciprocateur r\u00e9siste \u00e0 la comp\u00e9tition dans la qualit\u00e9, la durabilit\u00e9 et la facilit\u00e9 d&rsquo;utilisation.<\/p>\n<p>Le r\u00e9ciprocateur est 4 unit\u00e9s en 1: trimmer, meuleuse, taille-haie et \u00e9lagueur. Le r\u00e9ciprocateur de RedMax peut couper au-dessous les cl\u00f4tures, l&rsquo;eau, le paillis et le gravier, couper et fa\u00e7onner le gazon, et la forme de fosses de sable. Il peut aller le long du bord des parterres de fleurs et de vignes, et autour de pierres tombales et monuments sans dommage. Aussi, il peut aller le long du bord des trottoirs, des all\u00e9es et des chemins, lits de plantation et d&rsquo;arbres sans nuire \u00e0 l&rsquo;\u00e9corce. Le r\u00e9ciprocateur RedMax est le meilleur outil que vous pouvez poss\u00e9der.[\/vc_column_text][\/vc_column][\/vc_row]<\/p>\n<\/div>","protected":false},"excerpt":{"rendered":"<p>[vc_row bg_color=\u00a0\u00bb#f9f9f9&Prime; top_padding=\u00a0\u00bb50&Prime;][vc_column width=\u00a0\u00bb1\/1&Prime;][\/vc_column][\/vc_row][vc_row top_padding=\u00a0\u00bb50&Prime; bottom_padding=\u00a0\u00bb50&Prime;][vc_column width=\u00a0\u00bb1\/1&Prime;][vc_column_text] RedMax R\u00e9ciprocateur Tr\u00e8s respect\u00e9 parmi les professionnels de l&rsquo;am\u00e9nagement paysager, le r\u00e9ciprocateur de qualit\u00e9 commerciale par RedMax peut g\u00e9rer le rognage le plus difficile, d\u00e9lignage ou t\u00e2ches d&rsquo;\u00e9lagage. Con\u00e7ues pour un usage quotidien difficile, les lames \u00e0 pistons fonctionnent d&rsquo;avant en arri\u00e8re dans un type de mouvement ciseaux sans essorage \u00e0 grande vitesse. Cela permet aux utilisateurs l&rsquo;assiette et le bord en toute s\u00e9curit\u00e9 sans jeter d&rsquo;objets ou de d\u00e9bris dangereux. La performance sup\u00e9rieure de ce produit exceptionnel r\u00e9siste m\u00eame bords en b\u00e9ton, de l&rsquo;eau, du gravier et de sable. Haute performance combin\u00e9e avec l\u2019am\u00e9lioration de s\u00e9curit\u00e9 et l\u2019entretien simple, rend le RedMax r\u00e9ciprocateur. Le RedMax r\u00e9ciprocateur est un choix pr\u00e9f\u00e9r\u00e9 parmi les professionnels d&rsquo;am\u00e9nagement paysager, jardine et d&rsquo;entretien des parcs partout. Le r\u00e9ciprocateur fonctionne sans rebond qui se produit normalement lorsque les lames rotatives \u00e0 grande vitesse frappent un objet fixe. Soutenu par une garantie commerciale compl\u00e8te de deux ans, le r\u00e9ciprocateur comprend de nombreuses caract\u00e9ristiques de conception suppl\u00e9mentaires, y compris notre technologie de moteur Strato-Charged brevet\u00e9. Le r\u00e9ciprocateur r\u00e9siste \u00e0 la comp\u00e9tition dans la qualit\u00e9, la durabilit\u00e9 et la facilit\u00e9 d&rsquo;utilisation. Le r\u00e9ciprocateur est 4 unit\u00e9s en 1: trimmer, meuleuse, taille-haie [&hellip;]<\/p>\n","protected":false},"author":3,"featured_media":997,"parent":0,"menu_order":0,"comment_status":"closed","ping_status":"closed","template":"","meta":{"footnotes":""},"class_list":["post-1479","page","type-page","status-publish","has-post-thumbnail","hentry"],"yoast_head":"<!-- This site is optimized with the Yoast SEO plugin v27.4 - https:\/\/yoast.com\/product\/yoast-seo-wordpress\/ -->\n<title>R\u00e9ciprocateur RedMax - Marina Inc.<\/title>\n<meta name=\"description\" content=\"Le r\u00e9ciprocateur de qualit\u00e9 commerciale par RedMax peut g\u00e9rer des t\u00e2ches de parage, de bordure ou de l&#039;\u00e9lagage les plus difficiles.\" \/>\n<meta name=\"robots\" content=\"index, follow, max-snippet:-1, max-image-preview:large, max-video-preview:-1\" \/>\n<link rel=\"canonical\" href=\"https:\/\/marina-inc.com\/fr\/reciprocateur-redmax\/\" \/>\n<meta property=\"og:locale\" content=\"fr_FR\" \/>\n<meta property=\"og:type\" content=\"article\" \/>\n<meta property=\"og:title\" content=\"R\u00e9ciprocateur RedMax - Marina Inc.\" \/>\n<meta property=\"og:description\" content=\"Le r\u00e9ciprocateur de qualit\u00e9 commerciale par RedMax peut g\u00e9rer des t\u00e2ches de parage, de bordure ou de l&#039;\u00e9lagage les plus difficiles.\" \/>\n<meta property=\"og:url\" content=\"https:\/\/marina-inc.com\/fr\/reciprocateur-redmax\/\" \/>\n<meta property=\"og:site_name\" content=\"Marina Inc.\" \/>\n<meta property=\"article:publisher\" content=\"https:\/\/www.facebook.com\/marinainc.ca\/\" \/>\n<meta property=\"article:modified_time\" content=\"2016-09-23T15:40:29+00:00\" \/>\n<meta property=\"og:image\" content=\"https:\/\/marina-inc.com\/wp-content\/uploads\/2016\/06\/REDMAX-SGCZ2460S-Reciprocator.jpg\" \/>\n\t<meta property=\"og:image:width\" content=\"800\" \/>\n\t<meta property=\"og:image:height\" content=\"533\" \/>\n\t<meta property=\"og:image:type\" content=\"image\/jpeg\" \/>\n<meta name=\"twitter:card\" content=\"summary_large_image\" \/>\n<meta name=\"twitter:label1\" content=\"Dur\u00e9e de lecture estim\u00e9e\" \/>\n\t<meta name=\"twitter:data1\" content=\"2 minutes\" \/>\n<script type=\"application\/ld+json\" class=\"yoast-schema-graph\">{\"@context\":\"https:\\\/\\\/schema.org\",\"@graph\":[{\"@type\":\"WebPage\",\"@id\":\"https:\\\/\\\/marina-inc.com\\\/fr\\\/reciprocateur-redmax\\\/\",\"url\":\"https:\\\/\\\/marina-inc.com\\\/fr\\\/reciprocateur-redmax\\\/\",\"name\":\"R\u00e9ciprocateur RedMax - Marina Inc.\",\"isPartOf\":{\"@id\":\"https:\\\/\\\/marina-inc.com\\\/#website\"},\"primaryImageOfPage\":{\"@id\":\"https:\\\/\\\/marina-inc.com\\\/fr\\\/reciprocateur-redmax\\\/#primaryimage\"},\"image\":{\"@id\":\"https:\\\/\\\/marina-inc.com\\\/fr\\\/reciprocateur-redmax\\\/#primaryimage\"},\"thumbnailUrl\":\"https:\\\/\\\/marina-inc.com\\\/wp-content\\\/uploads\\\/2016\\\/06\\\/REDMAX-SGCZ2460S-Reciprocator.jpg\",\"datePublished\":\"2016-06-03T14:45:23+00:00\",\"dateModified\":\"2016-09-23T15:40:29+00:00\",\"description\":\"Le r\u00e9ciprocateur de qualit\u00e9 commerciale par RedMax peut g\u00e9rer des t\u00e2ches de parage, de bordure ou de l'\u00e9lagage les plus difficiles.\",\"breadcrumb\":{\"@id\":\"https:\\\/\\\/marina-inc.com\\\/fr\\\/reciprocateur-redmax\\\/#breadcrumb\"},\"inLanguage\":\"fr-FR\",\"potentialAction\":[{\"@type\":\"ReadAction\",\"target\":[\"https:\\\/\\\/marina-inc.com\\\/fr\\\/reciprocateur-redmax\\\/\"]}]},{\"@type\":\"ImageObject\",\"inLanguage\":\"fr-FR\",\"@id\":\"https:\\\/\\\/marina-inc.com\\\/fr\\\/reciprocateur-redmax\\\/#primaryimage\",\"url\":\"https:\\\/\\\/marina-inc.com\\\/wp-content\\\/uploads\\\/2016\\\/06\\\/REDMAX-SGCZ2460S-Reciprocator.jpg\",\"contentUrl\":\"https:\\\/\\\/marina-inc.com\\\/wp-content\\\/uploads\\\/2016\\\/06\\\/REDMAX-SGCZ2460S-Reciprocator.jpg\",\"width\":800,\"height\":533},{\"@type\":\"BreadcrumbList\",\"@id\":\"https:\\\/\\\/marina-inc.com\\\/fr\\\/reciprocateur-redmax\\\/#breadcrumb\",\"itemListElement\":[{\"@type\":\"ListItem\",\"position\":1,\"name\":\"Home\",\"item\":\"https:\\\/\\\/marina-inc.com\\\/fr\\\/\"},{\"@type\":\"ListItem\",\"position\":2,\"name\":\"R\u00e9ciprocateur RedMax\"}]},{\"@type\":\"WebSite\",\"@id\":\"https:\\\/\\\/marina-inc.com\\\/#website\",\"url\":\"https:\\\/\\\/marina-inc.com\\\/\",\"name\":\"Marina Inc.\",\"description\":\"Landscape Materials and Equipment\",\"publisher\":{\"@id\":\"https:\\\/\\\/marina-inc.com\\\/#organization\"},\"potentialAction\":[{\"@type\":\"SearchAction\",\"target\":{\"@type\":\"EntryPoint\",\"urlTemplate\":\"https:\\\/\\\/marina-inc.com\\\/?s={search_term_string}\"},\"query-input\":{\"@type\":\"PropertyValueSpecification\",\"valueRequired\":true,\"valueName\":\"search_term_string\"}}],\"inLanguage\":\"fr-FR\"},{\"@type\":\"Organization\",\"@id\":\"https:\\\/\\\/marina-inc.com\\\/#organization\",\"name\":\"Marina Inc.\",\"alternateName\":\"Marina Inc.\",\"url\":\"https:\\\/\\\/marina-inc.com\\\/\",\"logo\":{\"@type\":\"ImageObject\",\"inLanguage\":\"fr-FR\",\"@id\":\"https:\\\/\\\/marina-inc.com\\\/#\\\/schema\\\/logo\\\/image\\\/\",\"url\":\"https:\\\/\\\/marina-inc.com\\\/wp-content\\\/uploads\\\/2016\\\/06\\\/marina-inc-logo.png\",\"contentUrl\":\"https:\\\/\\\/marina-inc.com\\\/wp-content\\\/uploads\\\/2016\\\/06\\\/marina-inc-logo.png\",\"width\":304,\"height\":82,\"caption\":\"Marina Inc.\"},\"image\":{\"@id\":\"https:\\\/\\\/marina-inc.com\\\/#\\\/schema\\\/logo\\\/image\\\/\"},\"sameAs\":[\"https:\\\/\\\/www.facebook.com\\\/marinainc.ca\\\/\"]}]}<\/script>\n<!-- \/ Yoast SEO plugin. -->","yoast_head_json":{"title":"R\u00e9ciprocateur RedMax - Marina Inc.","description":"Le r\u00e9ciprocateur de qualit\u00e9 commerciale par RedMax peut g\u00e9rer des t\u00e2ches de parage, de bordure ou de l'\u00e9lagage les plus difficiles.","robots":{"index":"index","follow":"follow","max-snippet":"max-snippet:-1","max-image-preview":"max-image-preview:large","max-video-preview":"max-video-preview:-1"},"canonical":"https:\/\/marina-inc.com\/fr\/reciprocateur-redmax\/","og_locale":"fr_FR","og_type":"article","og_title":"R\u00e9ciprocateur RedMax - Marina Inc.","og_description":"Le r\u00e9ciprocateur de qualit\u00e9 commerciale par RedMax peut g\u00e9rer des t\u00e2ches de parage, de bordure ou de l'\u00e9lagage les plus difficiles.","og_url":"https:\/\/marina-inc.com\/fr\/reciprocateur-redmax\/","og_site_name":"Marina Inc.","article_publisher":"https:\/\/www.facebook.com\/marinainc.ca\/","article_modified_time":"2016-09-23T15:40:29+00:00","og_image":[{"width":800,"height":533,"url":"https:\/\/marina-inc.com\/wp-content\/uploads\/2016\/06\/REDMAX-SGCZ2460S-Reciprocator.jpg","type":"image\/jpeg"}],"twitter_card":"summary_large_image","twitter_misc":{"Dur\u00e9e de lecture estim\u00e9e":"2 minutes"},"schema":{"@context":"https:\/\/schema.org","@graph":[{"@type":"WebPage","@id":"https:\/\/marina-inc.com\/fr\/reciprocateur-redmax\/","url":"https:\/\/marina-inc.com\/fr\/reciprocateur-redmax\/","name":"R\u00e9ciprocateur RedMax - Marina Inc.","isPartOf":{"@id":"https:\/\/marina-inc.com\/#website"},"primaryImageOfPage":{"@id":"https:\/\/marina-inc.com\/fr\/reciprocateur-redmax\/#primaryimage"},"image":{"@id":"https:\/\/marina-inc.com\/fr\/reciprocateur-redmax\/#primaryimage"},"thumbnailUrl":"https:\/\/marina-inc.com\/wp-content\/uploads\/2016\/06\/REDMAX-SGCZ2460S-Reciprocator.jpg","datePublished":"2016-06-03T14:45:23+00:00","dateModified":"2016-09-23T15:40:29+00:00","description":"Le r\u00e9ciprocateur de qualit\u00e9 commerciale par RedMax peut g\u00e9rer des t\u00e2ches de parage, de bordure ou de l'\u00e9lagage les plus difficiles.","breadcrumb":{"@id":"https:\/\/marina-inc.com\/fr\/reciprocateur-redmax\/#breadcrumb"},"inLanguage":"fr-FR","potentialAction":[{"@type":"ReadAction","target":["https:\/\/marina-inc.com\/fr\/reciprocateur-redmax\/"]}]},{"@type":"ImageObject","inLanguage":"fr-FR","@id":"https:\/\/marina-inc.com\/fr\/reciprocateur-redmax\/#primaryimage","url":"https:\/\/marina-inc.com\/wp-content\/uploads\/2016\/06\/REDMAX-SGCZ2460S-Reciprocator.jpg","contentUrl":"https:\/\/marina-inc.com\/wp-content\/uploads\/2016\/06\/REDMAX-SGCZ2460S-Reciprocator.jpg","width":800,"height":533},{"@type":"BreadcrumbList","@id":"https:\/\/marina-inc.com\/fr\/reciprocateur-redmax\/#breadcrumb","itemListElement":[{"@type":"ListItem","position":1,"name":"Home","item":"https:\/\/marina-inc.com\/fr\/"},{"@type":"ListItem","position":2,"name":"R\u00e9ciprocateur RedMax"}]},{"@type":"WebSite","@id":"https:\/\/marina-inc.com\/#website","url":"https:\/\/marina-inc.com\/","name":"Marina Inc.","description":"Landscape Materials and Equipment","publisher":{"@id":"https:\/\/marina-inc.com\/#organization"},"potentialAction":[{"@type":"SearchAction","target":{"@type":"EntryPoint","urlTemplate":"https:\/\/marina-inc.com\/?s={search_term_string}"},"query-input":{"@type":"PropertyValueSpecification","valueRequired":true,"valueName":"search_term_string"}}],"inLanguage":"fr-FR"},{"@type":"Organization","@id":"https:\/\/marina-inc.com\/#organization","name":"Marina Inc.","alternateName":"Marina Inc.","url":"https:\/\/marina-inc.com\/","logo":{"@type":"ImageObject","inLanguage":"fr-FR","@id":"https:\/\/marina-inc.com\/#\/schema\/logo\/image\/","url":"https:\/\/marina-inc.com\/wp-content\/uploads\/2016\/06\/marina-inc-logo.png","contentUrl":"https:\/\/marina-inc.com\/wp-content\/uploads\/2016\/06\/marina-inc-logo.png","width":304,"height":82,"caption":"Marina Inc."},"image":{"@id":"https:\/\/marina-inc.com\/#\/schema\/logo\/image\/"},"sameAs":["https:\/\/www.facebook.com\/marinainc.ca\/"]}]}},"_links":{"self":[{"href":"https:\/\/marina-inc.com\/fr\/wp-json\/wp\/v2\/pages\/1479","targetHints":{"allow":["GET"]}}],"collection":[{"href":"https:\/\/marina-inc.com\/fr\/wp-json\/wp\/v2\/pages"}],"about":[{"href":"https:\/\/marina-inc.com\/fr\/wp-json\/wp\/v2\/types\/page"}],"author":[{"embeddable":true,"href":"https:\/\/marina-inc.com\/fr\/wp-json\/wp\/v2\/users\/3"}],"replies":[{"embeddable":true,"href":"https:\/\/marina-inc.com\/fr\/wp-json\/wp\/v2\/comments?post=1479"}],"version-history":[{"count":0,"href":"https:\/\/marina-inc.com\/fr\/wp-json\/wp\/v2\/pages\/1479\/revisions"}],"wp:featuredmedia":[{"embeddable":true,"href":"https:\/\/marina-inc.com\/fr\/wp-json\/wp\/v2\/media\/997"}],"wp:attachment":[{"href":"https:\/\/marina-inc.com\/fr\/wp-json\/wp\/v2\/media?parent=1479"}],"curies":[{"name":"wp","href":"https:\/\/api.w.org\/{rel}","templated":true}]}}