{"id":1475,"date":"2016-06-03T15:03:45","date_gmt":"2016-06-03T15:03:45","guid":{"rendered":"https:\/\/marina-inc.com\/fr\/ariens-pro-sno-thro-snowblowers\/"},"modified":"2016-09-23T15:38:09","modified_gmt":"2016-09-23T15:38:09","slug":"ariens-pro-sno-thro-souffleuses-a-neige","status":"publish","type":"page","link":"https:\/\/marina-inc.com\/fr\/ariens-pro-sno-thro-souffleuses-a-neige\/","title":{"rendered":"Ariens Pro Sno-Thro Souffleuses \u00e0 Neige"},"content":{"rendered":"<div class=\"wpb-content-wrapper\"><p>[vc_row bg_color=\u00a0\u00bb#f9f9f9&Prime; top_padding=\u00a0\u00bb50&Prime;][vc_column width=\u00a0\u00bb1\/1&Prime;]\n\t\t<div class=\"portfolio-element\">\n\n\t\t\n\t\t\t\t\t<div class=\"container\">\n\t\t\n\t\t\t\t\t<div id=\"1515727618\" class=\"portfolio-items portfolio-default portfolio-overlay-icon clearfix\" data-id=\"1515727618\">  \n\t\t\t\t\t\t\n\t\t\t\t\t\t\t\n\t\t\t\t\t\t\t\n\t\t\t\t\t\t\n\t\t\t\t\t\t\t\t\t\t\t\t\t\t\t\t\n\t\t\t\t\t\t\t\t   \n\n\t\t\t\t\t\t\t\t<div class=\"term-sno-thro-pro portfolio-item four columns\">\n\t\t\t\t\t\t\t\t\t<div class=\"portfolio-image\"><a href=\"https:\/\/marina-inc.com\/fr\/equipment\/ariens-hydro-pro-36-souffleuse-a-neige\/\" title=\"Ariens\u00ae Hydro PRO 36 Souffleuse \u00e0 Neige\"><div class=\"portfolio-image-img\"><img decoding=\"async\" src=\"https:\/\/marina-inc.com\/wp-content\/uploads\/2016\/05\/Ariens-PRO-36-Snowblower-600x400.jpg\" alt=\"Ariens\u00ae Hydro PRO 36 Souffleuse \u00e0 Neige\" \/><\/div><div class=\"portfolio-overlay overlay-icon\"><\/div><i class=\"icon-minti-plus\"><\/i><\/a><\/div>\n\t\t\t\t\t\t\t\t\t<h4><a href=\"https:\/\/marina-inc.com\/fr\/equipment\/ariens-hydro-pro-36-souffleuse-a-neige\/\" title=\"Ariens\u00ae Hydro PRO 36 Souffleuse \u00e0 Neige\">Ariens\u00ae Hydro PRO 36 Souffleuse \u00e0 Neige<\/a><\/h4>\n\t\t\t\t\t\t\t\t\t<span class=\"portfolio-subtitle\"><\/span>\n\t\t\t\t\t\t\t\t<\/div>\n\n\t\t\t\t\t\t\t\t\t\t\t\t  \n\t\t\t\t\t\t\n\t\t\t\t\t\t\t\n\t\t\t\t\t\t\t\n\t\t\t\t\t\t\n\t\t\t\t\t\t\t\t\t\t\t\t\t\t\t\t\n\t\t\t\t\t\t\t\t   \n\n\t\t\t\t\t\t\t\t<div class=\"term-sno-thro-pro portfolio-item four columns\">\n\t\t\t\t\t\t\t\t\t<div class=\"portfolio-image\"><a href=\"https:\/\/marina-inc.com\/fr\/equipment\/ariens-pro-32-souffleuse-a-neige\/\" title=\"Ariens\u00ae PRO 32 Souffleuse \u00e0 Neige\"><div class=\"portfolio-image-img\"><img decoding=\"async\" src=\"https:\/\/marina-inc.com\/wp-content\/uploads\/2016\/05\/Ariens-PRO-32-Snowblower-600x400.jpg\" alt=\"Ariens\u00ae PRO 32 Souffleuse \u00e0 Neige\" \/><\/div><div class=\"portfolio-overlay overlay-icon\"><\/div><i class=\"icon-minti-plus\"><\/i><\/a><\/div>\n\t\t\t\t\t\t\t\t\t<h4><a href=\"https:\/\/marina-inc.com\/fr\/equipment\/ariens-pro-32-souffleuse-a-neige\/\" title=\"Ariens\u00ae PRO 32 Souffleuse \u00e0 Neige\">Ariens\u00ae PRO 32 Souffleuse \u00e0 Neige<\/a><\/h4>\n\t\t\t\t\t\t\t\t\t<span class=\"portfolio-subtitle\"><\/span>\n\t\t\t\t\t\t\t\t<\/div>\n\n\t\t\t\t\t\t\t\t\t\t\t\t  \n\t\t\t\t\t\t\n\t\t\t\t\t\t\t\n\t\t\t\t\t\t\t\n\t\t\t\t\t\t\n\t\t\t\t\t\t\t\t\t\t\t\t\t\t\t\t\n\t\t\t\t\t\t\t\t   \n\n\t\t\t\t\t\t\t\t<div class=\"term-sno-thro-pro portfolio-item four columns\">\n\t\t\t\t\t\t\t\t\t<div class=\"portfolio-image\"><a href=\"https:\/\/marina-inc.com\/fr\/equipment\/ariens-pro-28-souffleuse-a-neige\/\" title=\"Ariens\u00ae PRO 28 Souffleuse \u00e0 Neige\"><div class=\"portfolio-image-img\"><img decoding=\"async\" src=\"https:\/\/marina-inc.com\/wp-content\/uploads\/2016\/05\/Ariens-PRO-28-Snowblower-600x400.jpg\" alt=\"Ariens\u00ae PRO 28 Souffleuse \u00e0 Neige\" \/><\/div><div class=\"portfolio-overlay overlay-icon\"><\/div><i class=\"icon-minti-plus\"><\/i><\/a><\/div>\n\t\t\t\t\t\t\t\t\t<h4><a href=\"https:\/\/marina-inc.com\/fr\/equipment\/ariens-pro-28-souffleuse-a-neige\/\" title=\"Ariens\u00ae PRO 28 Souffleuse \u00e0 Neige\">Ariens\u00ae PRO 28 Souffleuse \u00e0 Neige<\/a><\/h4>\n\t\t\t\t\t\t\t\t\t<span class=\"portfolio-subtitle\"><\/span>\n\t\t\t\t\t\t\t\t<\/div>\n\n\t\t\t\t\t\t\t\t\t\t\t\t  \n\t\t\t\t\t\t\t\t\t\t\t<\/div>\n\n\t\t\t\t\t<\/div>\n\t\t\n\t\t<\/div>\n\t\t\t\n\t\t\t\t\n\t\t[\/vc_column][\/vc_row][vc_row top_padding=\u00a0\u00bb50&Prime; bottom_padding=\u00a0\u00bb50&Prime;][vc_column width=\u00a0\u00bb1\/1&Prime;][vc_column_text]<\/p>\n<h1>Probl\u00e8me de neige? Pas de probl\u00e8me!<\/h1>\n<p><img decoding=\"async\" class=\"alignright size-full wp-image-465\" src=\"https:\/\/marina-inc.com\/wp-content\/uploads\/2016\/03\/header-logo.png\" alt=\"Ariens logo\" width=\"173\" height=\"79\" \/>Lorsque vous \u00eates lev\u00e9 \u00e0 l&rsquo;aube, il n&rsquo;y a pas de temps pour l&rsquo;heure amateur. Il est temps de faire appel \u00e0 des Pros. Si les d\u00e9rives sont empil\u00e9es et l&rsquo;all\u00e9e est une impasse, conter sur notre souffleuse \u00e0 neige S\u00e9rie Professionnelle pour faire le bon travail. Con\u00e7u pour la compensation jusqu&rsquo;\u00e0 16 pouces de neige.[\/vc_column_text][\/vc_column][\/vc_row]<\/p>\n<\/div>","protected":false},"excerpt":{"rendered":"<p>[vc_row bg_color=\u00a0\u00bb#f9f9f9&Prime; top_padding=\u00a0\u00bb50&Prime;][vc_column width=\u00a0\u00bb1\/1&Prime;][\/vc_column][\/vc_row][vc_row top_padding=\u00a0\u00bb50&Prime; bottom_padding=\u00a0\u00bb50&Prime;][vc_column width=\u00a0\u00bb1\/1&Prime;][vc_column_text] Probl\u00e8me de neige? Pas de probl\u00e8me! Lorsque vous \u00eates lev\u00e9 \u00e0 l&rsquo;aube, il n&rsquo;y a pas de temps pour l&rsquo;heure amateur. Il est temps de faire appel \u00e0 des Pros. Si les d\u00e9rives sont empil\u00e9es et l&rsquo;all\u00e9e est une impasse, conter sur notre souffleuse \u00e0 neige S\u00e9rie Professionnelle pour faire le bon travail. Con\u00e7u pour la compensation jusqu&rsquo;\u00e0 16 pouces de neige.[\/vc_column_text][\/vc_column][\/vc_row]<\/p>\n","protected":false},"author":3,"featured_media":958,"parent":0,"menu_order":0,"comment_status":"closed","ping_status":"closed","template":"","meta":{"footnotes":""},"class_list":["post-1475","page","type-page","status-publish","has-post-thumbnail","hentry"],"yoast_head":"<!-- This site is optimized with the Yoast SEO plugin v27.3 - https:\/\/yoast.com\/product\/yoast-seo-wordpress\/ -->\n<title>Ariens Pro Sno-Thro Souffleuses \u00e0 Neige - Marina Inc.<\/title>\n<meta name=\"description\" content=\"Conter sur notre souffleuse \u00e0 neige S\u00e9rie Professionnelle pour faire le bon travail. Con\u00e7u pour la compensation jusqu&#039;\u00e0 16 pouces de neige.\" \/>\n<meta name=\"robots\" content=\"index, follow, max-snippet:-1, max-image-preview:large, max-video-preview:-1\" \/>\n<link rel=\"canonical\" href=\"https:\/\/marina-inc.com\/fr\/ariens-pro-sno-thro-souffleuses-a-neige\/\" \/>\n<meta property=\"og:locale\" content=\"fr_FR\" \/>\n<meta property=\"og:type\" content=\"article\" \/>\n<meta property=\"og:title\" content=\"Ariens Pro Sno-Thro Souffleuses \u00e0 Neige - Marina Inc.\" \/>\n<meta property=\"og:description\" content=\"Conter sur notre souffleuse \u00e0 neige S\u00e9rie Professionnelle pour faire le bon travail. Con\u00e7u pour la compensation jusqu&#039;\u00e0 16 pouces de neige.\" \/>\n<meta property=\"og:url\" content=\"https:\/\/marina-inc.com\/fr\/ariens-pro-sno-thro-souffleuses-a-neige\/\" \/>\n<meta property=\"og:site_name\" content=\"Marina Inc.\" \/>\n<meta property=\"article:publisher\" content=\"https:\/\/www.facebook.com\/marinainc.ca\/\" \/>\n<meta property=\"article:modified_time\" content=\"2016-09-23T15:38:09+00:00\" \/>\n<meta property=\"og:image\" content=\"https:\/\/marina-inc.com\/wp-content\/uploads\/2016\/05\/Ariens-PRO-36-Snowblower.jpg\" \/>\n\t<meta property=\"og:image:width\" content=\"800\" \/>\n\t<meta property=\"og:image:height\" content=\"533\" \/>\n\t<meta property=\"og:image:type\" content=\"image\/jpeg\" \/>\n<meta name=\"twitter:card\" content=\"summary_large_image\" \/>\n<meta name=\"twitter:label1\" content=\"Dur\u00e9e de lecture estim\u00e9e\" \/>\n\t<meta name=\"twitter:data1\" content=\"1 minute\" \/>\n<script type=\"application\/ld+json\" class=\"yoast-schema-graph\">{\"@context\":\"https:\\\/\\\/schema.org\",\"@graph\":[{\"@type\":\"WebPage\",\"@id\":\"https:\\\/\\\/marina-inc.com\\\/fr\\\/ariens-pro-sno-thro-souffleuses-a-neige\\\/\",\"url\":\"https:\\\/\\\/marina-inc.com\\\/fr\\\/ariens-pro-sno-thro-souffleuses-a-neige\\\/\",\"name\":\"Ariens Pro Sno-Thro Souffleuses \u00e0 Neige - Marina Inc.\",\"isPartOf\":{\"@id\":\"https:\\\/\\\/marina-inc.com\\\/#website\"},\"primaryImageOfPage\":{\"@id\":\"https:\\\/\\\/marina-inc.com\\\/fr\\\/ariens-pro-sno-thro-souffleuses-a-neige\\\/#primaryimage\"},\"image\":{\"@id\":\"https:\\\/\\\/marina-inc.com\\\/fr\\\/ariens-pro-sno-thro-souffleuses-a-neige\\\/#primaryimage\"},\"thumbnailUrl\":\"https:\\\/\\\/marina-inc.com\\\/wp-content\\\/uploads\\\/2016\\\/05\\\/Ariens-PRO-36-Snowblower.jpg\",\"datePublished\":\"2016-06-03T15:03:45+00:00\",\"dateModified\":\"2016-09-23T15:38:09+00:00\",\"description\":\"Conter sur notre souffleuse \u00e0 neige S\u00e9rie Professionnelle pour faire le bon travail. Con\u00e7u pour la compensation jusqu'\u00e0 16 pouces de neige.\",\"breadcrumb\":{\"@id\":\"https:\\\/\\\/marina-inc.com\\\/fr\\\/ariens-pro-sno-thro-souffleuses-a-neige\\\/#breadcrumb\"},\"inLanguage\":\"fr-FR\",\"potentialAction\":[{\"@type\":\"ReadAction\",\"target\":[\"https:\\\/\\\/marina-inc.com\\\/fr\\\/ariens-pro-sno-thro-souffleuses-a-neige\\\/\"]}]},{\"@type\":\"ImageObject\",\"inLanguage\":\"fr-FR\",\"@id\":\"https:\\\/\\\/marina-inc.com\\\/fr\\\/ariens-pro-sno-thro-souffleuses-a-neige\\\/#primaryimage\",\"url\":\"https:\\\/\\\/marina-inc.com\\\/wp-content\\\/uploads\\\/2016\\\/05\\\/Ariens-PRO-36-Snowblower.jpg\",\"contentUrl\":\"https:\\\/\\\/marina-inc.com\\\/wp-content\\\/uploads\\\/2016\\\/05\\\/Ariens-PRO-36-Snowblower.jpg\",\"width\":800,\"height\":533},{\"@type\":\"BreadcrumbList\",\"@id\":\"https:\\\/\\\/marina-inc.com\\\/fr\\\/ariens-pro-sno-thro-souffleuses-a-neige\\\/#breadcrumb\",\"itemListElement\":[{\"@type\":\"ListItem\",\"position\":1,\"name\":\"Home\",\"item\":\"https:\\\/\\\/marina-inc.com\\\/fr\\\/\"},{\"@type\":\"ListItem\",\"position\":2,\"name\":\"Ariens Pro Sno-Thro Souffleuses \u00e0 Neige\"}]},{\"@type\":\"WebSite\",\"@id\":\"https:\\\/\\\/marina-inc.com\\\/#website\",\"url\":\"https:\\\/\\\/marina-inc.com\\\/\",\"name\":\"Marina Inc.\",\"description\":\"Landscape Materials and Equipment\",\"publisher\":{\"@id\":\"https:\\\/\\\/marina-inc.com\\\/#organization\"},\"potentialAction\":[{\"@type\":\"SearchAction\",\"target\":{\"@type\":\"EntryPoint\",\"urlTemplate\":\"https:\\\/\\\/marina-inc.com\\\/?s={search_term_string}\"},\"query-input\":{\"@type\":\"PropertyValueSpecification\",\"valueRequired\":true,\"valueName\":\"search_term_string\"}}],\"inLanguage\":\"fr-FR\"},{\"@type\":\"Organization\",\"@id\":\"https:\\\/\\\/marina-inc.com\\\/#organization\",\"name\":\"Marina Inc.\",\"alternateName\":\"Marina Inc.\",\"url\":\"https:\\\/\\\/marina-inc.com\\\/\",\"logo\":{\"@type\":\"ImageObject\",\"inLanguage\":\"fr-FR\",\"@id\":\"https:\\\/\\\/marina-inc.com\\\/#\\\/schema\\\/logo\\\/image\\\/\",\"url\":\"https:\\\/\\\/marina-inc.com\\\/wp-content\\\/uploads\\\/2016\\\/06\\\/marina-inc-logo.png\",\"contentUrl\":\"https:\\\/\\\/marina-inc.com\\\/wp-content\\\/uploads\\\/2016\\\/06\\\/marina-inc-logo.png\",\"width\":304,\"height\":82,\"caption\":\"Marina Inc.\"},\"image\":{\"@id\":\"https:\\\/\\\/marina-inc.com\\\/#\\\/schema\\\/logo\\\/image\\\/\"},\"sameAs\":[\"https:\\\/\\\/www.facebook.com\\\/marinainc.ca\\\/\"]}]}<\/script>\n<!-- \/ Yoast SEO plugin. -->","yoast_head_json":{"title":"Ariens Pro Sno-Thro Souffleuses \u00e0 Neige - Marina Inc.","description":"Conter sur notre souffleuse \u00e0 neige S\u00e9rie Professionnelle pour faire le bon travail. Con\u00e7u pour la compensation jusqu'\u00e0 16 pouces de neige.","robots":{"index":"index","follow":"follow","max-snippet":"max-snippet:-1","max-image-preview":"max-image-preview:large","max-video-preview":"max-video-preview:-1"},"canonical":"https:\/\/marina-inc.com\/fr\/ariens-pro-sno-thro-souffleuses-a-neige\/","og_locale":"fr_FR","og_type":"article","og_title":"Ariens Pro Sno-Thro Souffleuses \u00e0 Neige - Marina Inc.","og_description":"Conter sur notre souffleuse \u00e0 neige S\u00e9rie Professionnelle pour faire le bon travail. Con\u00e7u pour la compensation jusqu'\u00e0 16 pouces de neige.","og_url":"https:\/\/marina-inc.com\/fr\/ariens-pro-sno-thro-souffleuses-a-neige\/","og_site_name":"Marina Inc.","article_publisher":"https:\/\/www.facebook.com\/marinainc.ca\/","article_modified_time":"2016-09-23T15:38:09+00:00","og_image":[{"width":800,"height":533,"url":"https:\/\/marina-inc.com\/wp-content\/uploads\/2016\/05\/Ariens-PRO-36-Snowblower.jpg","type":"image\/jpeg"}],"twitter_card":"summary_large_image","twitter_misc":{"Dur\u00e9e de lecture estim\u00e9e":"1 minute"},"schema":{"@context":"https:\/\/schema.org","@graph":[{"@type":"WebPage","@id":"https:\/\/marina-inc.com\/fr\/ariens-pro-sno-thro-souffleuses-a-neige\/","url":"https:\/\/marina-inc.com\/fr\/ariens-pro-sno-thro-souffleuses-a-neige\/","name":"Ariens Pro Sno-Thro Souffleuses \u00e0 Neige - Marina Inc.","isPartOf":{"@id":"https:\/\/marina-inc.com\/#website"},"primaryImageOfPage":{"@id":"https:\/\/marina-inc.com\/fr\/ariens-pro-sno-thro-souffleuses-a-neige\/#primaryimage"},"image":{"@id":"https:\/\/marina-inc.com\/fr\/ariens-pro-sno-thro-souffleuses-a-neige\/#primaryimage"},"thumbnailUrl":"https:\/\/marina-inc.com\/wp-content\/uploads\/2016\/05\/Ariens-PRO-36-Snowblower.jpg","datePublished":"2016-06-03T15:03:45+00:00","dateModified":"2016-09-23T15:38:09+00:00","description":"Conter sur notre souffleuse \u00e0 neige S\u00e9rie Professionnelle pour faire le bon travail. Con\u00e7u pour la compensation jusqu'\u00e0 16 pouces de neige.","breadcrumb":{"@id":"https:\/\/marina-inc.com\/fr\/ariens-pro-sno-thro-souffleuses-a-neige\/#breadcrumb"},"inLanguage":"fr-FR","potentialAction":[{"@type":"ReadAction","target":["https:\/\/marina-inc.com\/fr\/ariens-pro-sno-thro-souffleuses-a-neige\/"]}]},{"@type":"ImageObject","inLanguage":"fr-FR","@id":"https:\/\/marina-inc.com\/fr\/ariens-pro-sno-thro-souffleuses-a-neige\/#primaryimage","url":"https:\/\/marina-inc.com\/wp-content\/uploads\/2016\/05\/Ariens-PRO-36-Snowblower.jpg","contentUrl":"https:\/\/marina-inc.com\/wp-content\/uploads\/2016\/05\/Ariens-PRO-36-Snowblower.jpg","width":800,"height":533},{"@type":"BreadcrumbList","@id":"https:\/\/marina-inc.com\/fr\/ariens-pro-sno-thro-souffleuses-a-neige\/#breadcrumb","itemListElement":[{"@type":"ListItem","position":1,"name":"Home","item":"https:\/\/marina-inc.com\/fr\/"},{"@type":"ListItem","position":2,"name":"Ariens Pro Sno-Thro Souffleuses \u00e0 Neige"}]},{"@type":"WebSite","@id":"https:\/\/marina-inc.com\/#website","url":"https:\/\/marina-inc.com\/","name":"Marina Inc.","description":"Landscape Materials and Equipment","publisher":{"@id":"https:\/\/marina-inc.com\/#organization"},"potentialAction":[{"@type":"SearchAction","target":{"@type":"EntryPoint","urlTemplate":"https:\/\/marina-inc.com\/?s={search_term_string}"},"query-input":{"@type":"PropertyValueSpecification","valueRequired":true,"valueName":"search_term_string"}}],"inLanguage":"fr-FR"},{"@type":"Organization","@id":"https:\/\/marina-inc.com\/#organization","name":"Marina Inc.","alternateName":"Marina Inc.","url":"https:\/\/marina-inc.com\/","logo":{"@type":"ImageObject","inLanguage":"fr-FR","@id":"https:\/\/marina-inc.com\/#\/schema\/logo\/image\/","url":"https:\/\/marina-inc.com\/wp-content\/uploads\/2016\/06\/marina-inc-logo.png","contentUrl":"https:\/\/marina-inc.com\/wp-content\/uploads\/2016\/06\/marina-inc-logo.png","width":304,"height":82,"caption":"Marina Inc."},"image":{"@id":"https:\/\/marina-inc.com\/#\/schema\/logo\/image\/"},"sameAs":["https:\/\/www.facebook.com\/marinainc.ca\/"]}]}},"_links":{"self":[{"href":"https:\/\/marina-inc.com\/fr\/wp-json\/wp\/v2\/pages\/1475","targetHints":{"allow":["GET"]}}],"collection":[{"href":"https:\/\/marina-inc.com\/fr\/wp-json\/wp\/v2\/pages"}],"about":[{"href":"https:\/\/marina-inc.com\/fr\/wp-json\/wp\/v2\/types\/page"}],"author":[{"embeddable":true,"href":"https:\/\/marina-inc.com\/fr\/wp-json\/wp\/v2\/users\/3"}],"replies":[{"embeddable":true,"href":"https:\/\/marina-inc.com\/fr\/wp-json\/wp\/v2\/comments?post=1475"}],"version-history":[{"count":0,"href":"https:\/\/marina-inc.com\/fr\/wp-json\/wp\/v2\/pages\/1475\/revisions"}],"wp:featuredmedia":[{"embeddable":true,"href":"https:\/\/marina-inc.com\/fr\/wp-json\/wp\/v2\/media\/958"}],"wp:attachment":[{"href":"https:\/\/marina-inc.com\/fr\/wp-json\/wp\/v2\/media?parent=1475"}],"curies":[{"name":"wp","href":"https:\/\/api.w.org\/{rel}","templated":true}]}}