{"id":1467,"date":"2016-06-09T16:15:31","date_gmt":"2016-06-09T16:15:31","guid":{"rendered":"https:\/\/marina-inc.com\/fr\/barbeques\/"},"modified":"2025-03-21T15:17:13","modified_gmt":"2025-03-21T19:17:13","slug":"barbecues","status":"publish","type":"page","link":"https:\/\/marina-inc.com\/fr\/barbecues\/","title":{"rendered":"Barbecues"},"content":{"rendered":"<div class=\"wpb-content-wrapper\"><p>[vc_row][vc_column width=\u00a0\u00bb1\/1&Prime;]<div class=\"divider divider3\" style='margin:10px 0 10px 0 !important;'><\/div>[vc_column_text]<\/p>\n<div align=\"center\">\n<h2>Nous r\u00e9alisons la gamme compl\u00e8te de <a href=\"https:\/\/shop.marina-inc.com\/\" target=\"_blank\" rel=\"noopener\"><u>Grils Napol\u00e9on<\/u><\/a> &#8211; <a href=\"https:\/\/shop.marina-inc.com\/\" target=\"_blank\" rel=\"noopener\"><u>Cliquez pour plus d&rsquo;informations<\/u><\/a><\/h2>\n<p><a href=\"https:\/\/shop.marina-inc.com\/\" target=\"_blank\" rel=\"noopener\"><img decoding=\"async\" class=\"alignnone size-full wp-image-1263\" src=\"https:\/\/marina-inc.com\/wp-content\/uploads\/2016\/03\/napoleon-grills.jpg\" alt=\"Napoleon\" width=\"804\" height=\"616\" srcset=\"https:\/\/marina-inc.com\/wp-content\/uploads\/2016\/03\/napoleon-grills.jpg 804w, https:\/\/marina-inc.com\/wp-content\/uploads\/2016\/03\/napoleon-grills-300x230.jpg 300w, https:\/\/marina-inc.com\/wp-content\/uploads\/2016\/03\/napoleon-grills-768x588.jpg 768w\" sizes=\"(max-width: 804px) 100vw, 804px\" \/><\/a><\/p>\n<\/div>\n<p>[\/vc_column_text][\/vc_column][\/vc_row]<\/p>\n<\/div>","protected":false},"excerpt":{"rendered":"<p>[vc_row][vc_column width=\u00a0\u00bb1\/1&Prime;][vc_column_text] Nous r\u00e9alisons la gamme compl\u00e8te de Grils Napol\u00e9on &#8211; Cliquez pour plus d&rsquo;informations [\/vc_column_text][\/vc_column][\/vc_row]<\/p>\n","protected":false},"author":3,"featured_media":1264,"parent":0,"menu_order":0,"comment_status":"closed","ping_status":"closed","template":"","meta":{"footnotes":""},"class_list":["post-1467","page","type-page","status-publish","has-post-thumbnail","hentry"],"yoast_head":"<!-- This site is optimized with the Yoast SEO plugin v27.3 - https:\/\/yoast.com\/product\/yoast-seo-wordpress\/ -->\n<title>Barbecues - Marina Inc.<\/title>\n<meta name=\"description\" content=\"Nous sommes un distributeur Alliance\u00ae Propane autoris\u00e9. Nous pouvons remplir les r\u00e9servoirs de barbecue, des cylindres de toutes tailles ainsi que les v\u00e9hicules au propane.\" \/>\n<meta name=\"robots\" content=\"index, follow, max-snippet:-1, max-image-preview:large, max-video-preview:-1\" \/>\n<link rel=\"canonical\" href=\"https:\/\/marina-inc.com\/fr\/barbecues\/\" \/>\n<meta property=\"og:locale\" content=\"fr_FR\" \/>\n<meta property=\"og:type\" content=\"article\" \/>\n<meta property=\"og:title\" content=\"Barbecues - Marina Inc.\" \/>\n<meta property=\"og:description\" content=\"Nous sommes un distributeur Alliance\u00ae Propane autoris\u00e9. Nous pouvons remplir les r\u00e9servoirs de barbecue, des cylindres de toutes tailles ainsi que les v\u00e9hicules au propane.\" \/>\n<meta property=\"og:url\" content=\"https:\/\/marina-inc.com\/fr\/barbecues\/\" \/>\n<meta property=\"og:site_name\" content=\"Marina Inc.\" \/>\n<meta property=\"article:publisher\" content=\"https:\/\/www.facebook.com\/marinainc.ca\/\" \/>\n<meta property=\"article:modified_time\" content=\"2025-03-21T19:17:13+00:00\" \/>\n<meta property=\"og:image\" content=\"https:\/\/marina-inc.com\/wp-content\/uploads\/2016\/03\/napoleon-grills.jpg\" \/>\n\t<meta property=\"og:image:width\" content=\"804\" \/>\n\t<meta property=\"og:image:height\" content=\"616\" \/>\n\t<meta property=\"og:image:type\" content=\"image\/jpeg\" \/>\n<meta name=\"twitter:card\" content=\"summary_large_image\" \/>\n<meta name=\"twitter:label1\" content=\"Dur\u00e9e de lecture estim\u00e9e\" \/>\n\t<meta name=\"twitter:data1\" content=\"1 minute\" \/>\n<script type=\"application\/ld+json\" class=\"yoast-schema-graph\">{\"@context\":\"https:\\\/\\\/schema.org\",\"@graph\":[{\"@type\":\"WebPage\",\"@id\":\"https:\\\/\\\/marina-inc.com\\\/fr\\\/barbecues\\\/\",\"url\":\"https:\\\/\\\/marina-inc.com\\\/fr\\\/barbecues\\\/\",\"name\":\"Barbecues - Marina Inc.\",\"isPartOf\":{\"@id\":\"https:\\\/\\\/marina-inc.com\\\/#website\"},\"primaryImageOfPage\":{\"@id\":\"https:\\\/\\\/marina-inc.com\\\/fr\\\/barbecues\\\/#primaryimage\"},\"image\":{\"@id\":\"https:\\\/\\\/marina-inc.com\\\/fr\\\/barbecues\\\/#primaryimage\"},\"thumbnailUrl\":\"https:\\\/\\\/marina-inc.com\\\/wp-content\\\/uploads\\\/2016\\\/03\\\/napoleon-grills.jpg\",\"datePublished\":\"2016-06-09T16:15:31+00:00\",\"dateModified\":\"2025-03-21T19:17:13+00:00\",\"description\":\"Nous sommes un distributeur Alliance\u00ae Propane autoris\u00e9. Nous pouvons remplir les r\u00e9servoirs de barbecue, des cylindres de toutes tailles ainsi que les v\u00e9hicules au propane.\",\"breadcrumb\":{\"@id\":\"https:\\\/\\\/marina-inc.com\\\/fr\\\/barbecues\\\/#breadcrumb\"},\"inLanguage\":\"fr-FR\",\"potentialAction\":[{\"@type\":\"ReadAction\",\"target\":[\"https:\\\/\\\/marina-inc.com\\\/fr\\\/barbecues\\\/\"]}]},{\"@type\":\"ImageObject\",\"inLanguage\":\"fr-FR\",\"@id\":\"https:\\\/\\\/marina-inc.com\\\/fr\\\/barbecues\\\/#primaryimage\",\"url\":\"https:\\\/\\\/marina-inc.com\\\/wp-content\\\/uploads\\\/2016\\\/03\\\/napoleon-grills.jpg\",\"contentUrl\":\"https:\\\/\\\/marina-inc.com\\\/wp-content\\\/uploads\\\/2016\\\/03\\\/napoleon-grills.jpg\",\"width\":804,\"height\":616},{\"@type\":\"BreadcrumbList\",\"@id\":\"https:\\\/\\\/marina-inc.com\\\/fr\\\/barbecues\\\/#breadcrumb\",\"itemListElement\":[{\"@type\":\"ListItem\",\"position\":1,\"name\":\"Home\",\"item\":\"https:\\\/\\\/marina-inc.com\\\/fr\\\/\"},{\"@type\":\"ListItem\",\"position\":2,\"name\":\"Barbecues\"}]},{\"@type\":\"WebSite\",\"@id\":\"https:\\\/\\\/marina-inc.com\\\/#website\",\"url\":\"https:\\\/\\\/marina-inc.com\\\/\",\"name\":\"Marina Inc.\",\"description\":\"Landscape Materials and Equipment\",\"publisher\":{\"@id\":\"https:\\\/\\\/marina-inc.com\\\/#organization\"},\"potentialAction\":[{\"@type\":\"SearchAction\",\"target\":{\"@type\":\"EntryPoint\",\"urlTemplate\":\"https:\\\/\\\/marina-inc.com\\\/?s={search_term_string}\"},\"query-input\":{\"@type\":\"PropertyValueSpecification\",\"valueRequired\":true,\"valueName\":\"search_term_string\"}}],\"inLanguage\":\"fr-FR\"},{\"@type\":\"Organization\",\"@id\":\"https:\\\/\\\/marina-inc.com\\\/#organization\",\"name\":\"Marina Inc.\",\"alternateName\":\"Marina Inc.\",\"url\":\"https:\\\/\\\/marina-inc.com\\\/\",\"logo\":{\"@type\":\"ImageObject\",\"inLanguage\":\"fr-FR\",\"@id\":\"https:\\\/\\\/marina-inc.com\\\/#\\\/schema\\\/logo\\\/image\\\/\",\"url\":\"https:\\\/\\\/marina-inc.com\\\/wp-content\\\/uploads\\\/2016\\\/06\\\/marina-inc-logo.png\",\"contentUrl\":\"https:\\\/\\\/marina-inc.com\\\/wp-content\\\/uploads\\\/2016\\\/06\\\/marina-inc-logo.png\",\"width\":304,\"height\":82,\"caption\":\"Marina Inc.\"},\"image\":{\"@id\":\"https:\\\/\\\/marina-inc.com\\\/#\\\/schema\\\/logo\\\/image\\\/\"},\"sameAs\":[\"https:\\\/\\\/www.facebook.com\\\/marinainc.ca\\\/\"]}]}<\/script>\n<!-- \/ Yoast SEO plugin. -->","yoast_head_json":{"title":"Barbecues - Marina Inc.","description":"Nous sommes un distributeur Alliance\u00ae Propane autoris\u00e9. Nous pouvons remplir les r\u00e9servoirs de barbecue, des cylindres de toutes tailles ainsi que les v\u00e9hicules au propane.","robots":{"index":"index","follow":"follow","max-snippet":"max-snippet:-1","max-image-preview":"max-image-preview:large","max-video-preview":"max-video-preview:-1"},"canonical":"https:\/\/marina-inc.com\/fr\/barbecues\/","og_locale":"fr_FR","og_type":"article","og_title":"Barbecues - Marina Inc.","og_description":"Nous sommes un distributeur Alliance\u00ae Propane autoris\u00e9. Nous pouvons remplir les r\u00e9servoirs de barbecue, des cylindres de toutes tailles ainsi que les v\u00e9hicules au propane.","og_url":"https:\/\/marina-inc.com\/fr\/barbecues\/","og_site_name":"Marina Inc.","article_publisher":"https:\/\/www.facebook.com\/marinainc.ca\/","article_modified_time":"2025-03-21T19:17:13+00:00","og_image":[{"width":804,"height":616,"url":"https:\/\/marina-inc.com\/wp-content\/uploads\/2016\/03\/napoleon-grills.jpg","type":"image\/jpeg"}],"twitter_card":"summary_large_image","twitter_misc":{"Dur\u00e9e de lecture estim\u00e9e":"1 minute"},"schema":{"@context":"https:\/\/schema.org","@graph":[{"@type":"WebPage","@id":"https:\/\/marina-inc.com\/fr\/barbecues\/","url":"https:\/\/marina-inc.com\/fr\/barbecues\/","name":"Barbecues - Marina Inc.","isPartOf":{"@id":"https:\/\/marina-inc.com\/#website"},"primaryImageOfPage":{"@id":"https:\/\/marina-inc.com\/fr\/barbecues\/#primaryimage"},"image":{"@id":"https:\/\/marina-inc.com\/fr\/barbecues\/#primaryimage"},"thumbnailUrl":"https:\/\/marina-inc.com\/wp-content\/uploads\/2016\/03\/napoleon-grills.jpg","datePublished":"2016-06-09T16:15:31+00:00","dateModified":"2025-03-21T19:17:13+00:00","description":"Nous sommes un distributeur Alliance\u00ae Propane autoris\u00e9. Nous pouvons remplir les r\u00e9servoirs de barbecue, des cylindres de toutes tailles ainsi que les v\u00e9hicules au propane.","breadcrumb":{"@id":"https:\/\/marina-inc.com\/fr\/barbecues\/#breadcrumb"},"inLanguage":"fr-FR","potentialAction":[{"@type":"ReadAction","target":["https:\/\/marina-inc.com\/fr\/barbecues\/"]}]},{"@type":"ImageObject","inLanguage":"fr-FR","@id":"https:\/\/marina-inc.com\/fr\/barbecues\/#primaryimage","url":"https:\/\/marina-inc.com\/wp-content\/uploads\/2016\/03\/napoleon-grills.jpg","contentUrl":"https:\/\/marina-inc.com\/wp-content\/uploads\/2016\/03\/napoleon-grills.jpg","width":804,"height":616},{"@type":"BreadcrumbList","@id":"https:\/\/marina-inc.com\/fr\/barbecues\/#breadcrumb","itemListElement":[{"@type":"ListItem","position":1,"name":"Home","item":"https:\/\/marina-inc.com\/fr\/"},{"@type":"ListItem","position":2,"name":"Barbecues"}]},{"@type":"WebSite","@id":"https:\/\/marina-inc.com\/#website","url":"https:\/\/marina-inc.com\/","name":"Marina Inc.","description":"Landscape Materials and Equipment","publisher":{"@id":"https:\/\/marina-inc.com\/#organization"},"potentialAction":[{"@type":"SearchAction","target":{"@type":"EntryPoint","urlTemplate":"https:\/\/marina-inc.com\/?s={search_term_string}"},"query-input":{"@type":"PropertyValueSpecification","valueRequired":true,"valueName":"search_term_string"}}],"inLanguage":"fr-FR"},{"@type":"Organization","@id":"https:\/\/marina-inc.com\/#organization","name":"Marina Inc.","alternateName":"Marina Inc.","url":"https:\/\/marina-inc.com\/","logo":{"@type":"ImageObject","inLanguage":"fr-FR","@id":"https:\/\/marina-inc.com\/#\/schema\/logo\/image\/","url":"https:\/\/marina-inc.com\/wp-content\/uploads\/2016\/06\/marina-inc-logo.png","contentUrl":"https:\/\/marina-inc.com\/wp-content\/uploads\/2016\/06\/marina-inc-logo.png","width":304,"height":82,"caption":"Marina Inc."},"image":{"@id":"https:\/\/marina-inc.com\/#\/schema\/logo\/image\/"},"sameAs":["https:\/\/www.facebook.com\/marinainc.ca\/"]}]}},"_links":{"self":[{"href":"https:\/\/marina-inc.com\/fr\/wp-json\/wp\/v2\/pages\/1467","targetHints":{"allow":["GET"]}}],"collection":[{"href":"https:\/\/marina-inc.com\/fr\/wp-json\/wp\/v2\/pages"}],"about":[{"href":"https:\/\/marina-inc.com\/fr\/wp-json\/wp\/v2\/types\/page"}],"author":[{"embeddable":true,"href":"https:\/\/marina-inc.com\/fr\/wp-json\/wp\/v2\/users\/3"}],"replies":[{"embeddable":true,"href":"https:\/\/marina-inc.com\/fr\/wp-json\/wp\/v2\/comments?post=1467"}],"version-history":[{"count":1,"href":"https:\/\/marina-inc.com\/fr\/wp-json\/wp\/v2\/pages\/1467\/revisions"}],"predecessor-version":[{"id":2654,"href":"https:\/\/marina-inc.com\/fr\/wp-json\/wp\/v2\/pages\/1467\/revisions\/2654"}],"wp:featuredmedia":[{"embeddable":true,"href":"https:\/\/marina-inc.com\/fr\/wp-json\/wp\/v2\/media\/1264"}],"wp:attachment":[{"href":"https:\/\/marina-inc.com\/fr\/wp-json\/wp\/v2\/media?parent=1467"}],"curies":[{"name":"wp","href":"https:\/\/api.w.org\/{rel}","templated":true}]}}