{"id":1466,"date":"2016-06-10T13:32:00","date_gmt":"2016-06-10T13:32:00","guid":{"rendered":"https:\/\/marina-inc.com\/fr\/ready-mix-concrete\/"},"modified":"2022-05-04T15:46:59","modified_gmt":"2022-05-04T19:46:59","slug":"beton-prepare","status":"publish","type":"page","link":"https:\/\/marina-inc.com\/fr\/beton-prepare\/","title":{"rendered":"B\u00e9ton Pr\u00e9par\u00e9"},"content":{"rendered":"<div class=\"wpb-content-wrapper\"><p>[vc_row bottom_padding=\u00a0\u00bb50&Prime;][vc_column width=\u00a0\u00bb1\/1&Prime;]<div class=\"box clearfix style-2 wpb_content_element align-left \" style=\"padding: 15px 15px 15px 15px; \">\n<h2>B\u00e9ton Pr\u00e9par\u00e9<\/h2>\n<p>Nous pouvons fournir du b\u00e9ton pr\u00e9par\u00e9 pour votre domicile ou votre lieu de travail.<\/div>[\/vc_column][\/vc_row][vc_row][vc_column width=\u00a0\u00bb1\/2&Prime;]<div class=\"single_image wpb_content_element align-left    \" data-animation=\"none\" data-delay=\"0\"><a href=\"https:\/\/marina-inc.com\/wp-content\/uploads\/2016\/06\/Readymix-CementTruck.jpg\" class=\"prettyPhoto\" rel=\"prettyPhoto[image]\"><img decoding=\"async\" width=\"1200\" height=\"1043\" src=\"https:\/\/marina-inc.com\/wp-content\/uploads\/2016\/06\/Readymix-CementTruck.jpg\" class=\"attachment-full\" alt=\"\" title=\"Readymix-CementTruck\" srcset=\"https:\/\/marina-inc.com\/wp-content\/uploads\/2016\/06\/Readymix-CementTruck.jpg 1200w, https:\/\/marina-inc.com\/wp-content\/uploads\/2016\/06\/Readymix-CementTruck-300x261.jpg 300w, https:\/\/marina-inc.com\/wp-content\/uploads\/2016\/06\/Readymix-CementTruck-768x668.jpg 768w, https:\/\/marina-inc.com\/wp-content\/uploads\/2016\/06\/Readymix-CementTruck-1024x890.jpg 1024w\" sizes=\"(max-width: 1200px) 100vw, 1200px\" \/><\/a><\/div>[\/vc_column][\/vc_row]<\/p>\n<\/div>","protected":false},"excerpt":{"rendered":"<p>[vc_row bottom_padding=\u00a0\u00bb50&Prime;][vc_column width=\u00a0\u00bb1\/1&Prime;][\/vc_column][\/vc_row][vc_row][vc_column width=\u00a0\u00bb1\/2&Prime;][\/vc_column][\/vc_row]<\/p>\n","protected":false},"author":3,"featured_media":1348,"parent":0,"menu_order":0,"comment_status":"closed","ping_status":"closed","template":"","meta":{"footnotes":""},"class_list":["post-1466","page","type-page","status-publish","has-post-thumbnail","hentry"],"yoast_head":"<!-- This site is optimized with the Yoast SEO plugin v27.3 - https:\/\/yoast.com\/product\/yoast-seo-wordpress\/ -->\n<title>B\u00e9ton Pr\u00e9par\u00e9 - Marina Inc.<\/title>\n<meta name=\"description\" content=\"Vous pouvez ramasser le b\u00e9ton pr\u00e9m\u00e9lang\u00e9 \u00e0 notre emplacement avec nos remorques de b\u00e9ton sp\u00e9cialis\u00e9 de \u00bc verge cube jusqu&#039;\u00e0 1 verge cube par voyage.\" \/>\n<meta name=\"robots\" content=\"index, follow, max-snippet:-1, max-image-preview:large, max-video-preview:-1\" \/>\n<link rel=\"canonical\" href=\"https:\/\/marina-inc.com\/fr\/beton-prepare\/\" \/>\n<meta property=\"og:locale\" content=\"fr_FR\" \/>\n<meta property=\"og:type\" content=\"article\" \/>\n<meta property=\"og:title\" content=\"B\u00e9ton Pr\u00e9par\u00e9 - Marina Inc.\" \/>\n<meta property=\"og:description\" content=\"Vous pouvez ramasser le b\u00e9ton pr\u00e9m\u00e9lang\u00e9 \u00e0 notre emplacement avec nos remorques de b\u00e9ton sp\u00e9cialis\u00e9 de \u00bc verge cube jusqu&#039;\u00e0 1 verge cube par voyage.\" \/>\n<meta property=\"og:url\" content=\"https:\/\/marina-inc.com\/fr\/beton-prepare\/\" \/>\n<meta property=\"og:site_name\" content=\"Marina Inc.\" \/>\n<meta property=\"article:publisher\" content=\"https:\/\/www.facebook.com\/marinainc.ca\/\" \/>\n<meta property=\"article:modified_time\" content=\"2022-05-04T19:46:59+00:00\" \/>\n<meta property=\"og:image\" content=\"https:\/\/marina-inc.com\/wp-content\/uploads\/2016\/06\/Readymix-CementTruck.jpg\" \/>\n\t<meta property=\"og:image:width\" content=\"1200\" \/>\n\t<meta property=\"og:image:height\" content=\"1043\" \/>\n\t<meta property=\"og:image:type\" content=\"image\/jpeg\" \/>\n<meta name=\"twitter:card\" content=\"summary_large_image\" \/>\n<meta name=\"twitter:label1\" content=\"Dur\u00e9e de lecture estim\u00e9e\" \/>\n\t<meta name=\"twitter:data1\" content=\"1 minute\" \/>\n<script type=\"application\/ld+json\" class=\"yoast-schema-graph\">{\"@context\":\"https:\\\/\\\/schema.org\",\"@graph\":[{\"@type\":\"WebPage\",\"@id\":\"https:\\\/\\\/marina-inc.com\\\/fr\\\/beton-prepare\\\/\",\"url\":\"https:\\\/\\\/marina-inc.com\\\/fr\\\/beton-prepare\\\/\",\"name\":\"B\u00e9ton Pr\u00e9par\u00e9 - Marina Inc.\",\"isPartOf\":{\"@id\":\"https:\\\/\\\/marina-inc.com\\\/#website\"},\"primaryImageOfPage\":{\"@id\":\"https:\\\/\\\/marina-inc.com\\\/fr\\\/beton-prepare\\\/#primaryimage\"},\"image\":{\"@id\":\"https:\\\/\\\/marina-inc.com\\\/fr\\\/beton-prepare\\\/#primaryimage\"},\"thumbnailUrl\":\"https:\\\/\\\/marina-inc.com\\\/wp-content\\\/uploads\\\/2016\\\/06\\\/Readymix-CementTruck.jpg\",\"datePublished\":\"2016-06-10T13:32:00+00:00\",\"dateModified\":\"2022-05-04T19:46:59+00:00\",\"description\":\"Vous pouvez ramasser le b\u00e9ton pr\u00e9m\u00e9lang\u00e9 \u00e0 notre emplacement avec nos remorques de b\u00e9ton sp\u00e9cialis\u00e9 de \u00bc verge cube jusqu'\u00e0 1 verge cube par voyage.\",\"breadcrumb\":{\"@id\":\"https:\\\/\\\/marina-inc.com\\\/fr\\\/beton-prepare\\\/#breadcrumb\"},\"inLanguage\":\"fr-FR\",\"potentialAction\":[{\"@type\":\"ReadAction\",\"target\":[\"https:\\\/\\\/marina-inc.com\\\/fr\\\/beton-prepare\\\/\"]}]},{\"@type\":\"ImageObject\",\"inLanguage\":\"fr-FR\",\"@id\":\"https:\\\/\\\/marina-inc.com\\\/fr\\\/beton-prepare\\\/#primaryimage\",\"url\":\"https:\\\/\\\/marina-inc.com\\\/wp-content\\\/uploads\\\/2016\\\/06\\\/Readymix-CementTruck.jpg\",\"contentUrl\":\"https:\\\/\\\/marina-inc.com\\\/wp-content\\\/uploads\\\/2016\\\/06\\\/Readymix-CementTruck.jpg\",\"width\":1200,\"height\":1043},{\"@type\":\"BreadcrumbList\",\"@id\":\"https:\\\/\\\/marina-inc.com\\\/fr\\\/beton-prepare\\\/#breadcrumb\",\"itemListElement\":[{\"@type\":\"ListItem\",\"position\":1,\"name\":\"Home\",\"item\":\"https:\\\/\\\/marina-inc.com\\\/fr\\\/\"},{\"@type\":\"ListItem\",\"position\":2,\"name\":\"B\u00e9ton Pr\u00e9par\u00e9\"}]},{\"@type\":\"WebSite\",\"@id\":\"https:\\\/\\\/marina-inc.com\\\/#website\",\"url\":\"https:\\\/\\\/marina-inc.com\\\/\",\"name\":\"Marina Inc.\",\"description\":\"Landscape Materials and Equipment\",\"publisher\":{\"@id\":\"https:\\\/\\\/marina-inc.com\\\/#organization\"},\"potentialAction\":[{\"@type\":\"SearchAction\",\"target\":{\"@type\":\"EntryPoint\",\"urlTemplate\":\"https:\\\/\\\/marina-inc.com\\\/?s={search_term_string}\"},\"query-input\":{\"@type\":\"PropertyValueSpecification\",\"valueRequired\":true,\"valueName\":\"search_term_string\"}}],\"inLanguage\":\"fr-FR\"},{\"@type\":\"Organization\",\"@id\":\"https:\\\/\\\/marina-inc.com\\\/#organization\",\"name\":\"Marina Inc.\",\"alternateName\":\"Marina Inc.\",\"url\":\"https:\\\/\\\/marina-inc.com\\\/\",\"logo\":{\"@type\":\"ImageObject\",\"inLanguage\":\"fr-FR\",\"@id\":\"https:\\\/\\\/marina-inc.com\\\/#\\\/schema\\\/logo\\\/image\\\/\",\"url\":\"https:\\\/\\\/marina-inc.com\\\/wp-content\\\/uploads\\\/2016\\\/06\\\/marina-inc-logo.png\",\"contentUrl\":\"https:\\\/\\\/marina-inc.com\\\/wp-content\\\/uploads\\\/2016\\\/06\\\/marina-inc-logo.png\",\"width\":304,\"height\":82,\"caption\":\"Marina Inc.\"},\"image\":{\"@id\":\"https:\\\/\\\/marina-inc.com\\\/#\\\/schema\\\/logo\\\/image\\\/\"},\"sameAs\":[\"https:\\\/\\\/www.facebook.com\\\/marinainc.ca\\\/\"]}]}<\/script>\n<!-- \/ Yoast SEO plugin. -->","yoast_head_json":{"title":"B\u00e9ton Pr\u00e9par\u00e9 - Marina Inc.","description":"Vous pouvez ramasser le b\u00e9ton pr\u00e9m\u00e9lang\u00e9 \u00e0 notre emplacement avec nos remorques de b\u00e9ton sp\u00e9cialis\u00e9 de \u00bc verge cube jusqu'\u00e0 1 verge cube par voyage.","robots":{"index":"index","follow":"follow","max-snippet":"max-snippet:-1","max-image-preview":"max-image-preview:large","max-video-preview":"max-video-preview:-1"},"canonical":"https:\/\/marina-inc.com\/fr\/beton-prepare\/","og_locale":"fr_FR","og_type":"article","og_title":"B\u00e9ton Pr\u00e9par\u00e9 - Marina Inc.","og_description":"Vous pouvez ramasser le b\u00e9ton pr\u00e9m\u00e9lang\u00e9 \u00e0 notre emplacement avec nos remorques de b\u00e9ton sp\u00e9cialis\u00e9 de \u00bc verge cube jusqu'\u00e0 1 verge cube par voyage.","og_url":"https:\/\/marina-inc.com\/fr\/beton-prepare\/","og_site_name":"Marina Inc.","article_publisher":"https:\/\/www.facebook.com\/marinainc.ca\/","article_modified_time":"2022-05-04T19:46:59+00:00","og_image":[{"width":1200,"height":1043,"url":"https:\/\/marina-inc.com\/wp-content\/uploads\/2016\/06\/Readymix-CementTruck.jpg","type":"image\/jpeg"}],"twitter_card":"summary_large_image","twitter_misc":{"Dur\u00e9e de lecture estim\u00e9e":"1 minute"},"schema":{"@context":"https:\/\/schema.org","@graph":[{"@type":"WebPage","@id":"https:\/\/marina-inc.com\/fr\/beton-prepare\/","url":"https:\/\/marina-inc.com\/fr\/beton-prepare\/","name":"B\u00e9ton Pr\u00e9par\u00e9 - Marina Inc.","isPartOf":{"@id":"https:\/\/marina-inc.com\/#website"},"primaryImageOfPage":{"@id":"https:\/\/marina-inc.com\/fr\/beton-prepare\/#primaryimage"},"image":{"@id":"https:\/\/marina-inc.com\/fr\/beton-prepare\/#primaryimage"},"thumbnailUrl":"https:\/\/marina-inc.com\/wp-content\/uploads\/2016\/06\/Readymix-CementTruck.jpg","datePublished":"2016-06-10T13:32:00+00:00","dateModified":"2022-05-04T19:46:59+00:00","description":"Vous pouvez ramasser le b\u00e9ton pr\u00e9m\u00e9lang\u00e9 \u00e0 notre emplacement avec nos remorques de b\u00e9ton sp\u00e9cialis\u00e9 de \u00bc verge cube jusqu'\u00e0 1 verge cube par voyage.","breadcrumb":{"@id":"https:\/\/marina-inc.com\/fr\/beton-prepare\/#breadcrumb"},"inLanguage":"fr-FR","potentialAction":[{"@type":"ReadAction","target":["https:\/\/marina-inc.com\/fr\/beton-prepare\/"]}]},{"@type":"ImageObject","inLanguage":"fr-FR","@id":"https:\/\/marina-inc.com\/fr\/beton-prepare\/#primaryimage","url":"https:\/\/marina-inc.com\/wp-content\/uploads\/2016\/06\/Readymix-CementTruck.jpg","contentUrl":"https:\/\/marina-inc.com\/wp-content\/uploads\/2016\/06\/Readymix-CementTruck.jpg","width":1200,"height":1043},{"@type":"BreadcrumbList","@id":"https:\/\/marina-inc.com\/fr\/beton-prepare\/#breadcrumb","itemListElement":[{"@type":"ListItem","position":1,"name":"Home","item":"https:\/\/marina-inc.com\/fr\/"},{"@type":"ListItem","position":2,"name":"B\u00e9ton Pr\u00e9par\u00e9"}]},{"@type":"WebSite","@id":"https:\/\/marina-inc.com\/#website","url":"https:\/\/marina-inc.com\/","name":"Marina Inc.","description":"Landscape Materials and Equipment","publisher":{"@id":"https:\/\/marina-inc.com\/#organization"},"potentialAction":[{"@type":"SearchAction","target":{"@type":"EntryPoint","urlTemplate":"https:\/\/marina-inc.com\/?s={search_term_string}"},"query-input":{"@type":"PropertyValueSpecification","valueRequired":true,"valueName":"search_term_string"}}],"inLanguage":"fr-FR"},{"@type":"Organization","@id":"https:\/\/marina-inc.com\/#organization","name":"Marina Inc.","alternateName":"Marina Inc.","url":"https:\/\/marina-inc.com\/","logo":{"@type":"ImageObject","inLanguage":"fr-FR","@id":"https:\/\/marina-inc.com\/#\/schema\/logo\/image\/","url":"https:\/\/marina-inc.com\/wp-content\/uploads\/2016\/06\/marina-inc-logo.png","contentUrl":"https:\/\/marina-inc.com\/wp-content\/uploads\/2016\/06\/marina-inc-logo.png","width":304,"height":82,"caption":"Marina Inc."},"image":{"@id":"https:\/\/marina-inc.com\/#\/schema\/logo\/image\/"},"sameAs":["https:\/\/www.facebook.com\/marinainc.ca\/"]}]}},"_links":{"self":[{"href":"https:\/\/marina-inc.com\/fr\/wp-json\/wp\/v2\/pages\/1466","targetHints":{"allow":["GET"]}}],"collection":[{"href":"https:\/\/marina-inc.com\/fr\/wp-json\/wp\/v2\/pages"}],"about":[{"href":"https:\/\/marina-inc.com\/fr\/wp-json\/wp\/v2\/types\/page"}],"author":[{"embeddable":true,"href":"https:\/\/marina-inc.com\/fr\/wp-json\/wp\/v2\/users\/3"}],"replies":[{"embeddable":true,"href":"https:\/\/marina-inc.com\/fr\/wp-json\/wp\/v2\/comments?post=1466"}],"version-history":[{"count":0,"href":"https:\/\/marina-inc.com\/fr\/wp-json\/wp\/v2\/pages\/1466\/revisions"}],"wp:featuredmedia":[{"embeddable":true,"href":"https:\/\/marina-inc.com\/fr\/wp-json\/wp\/v2\/media\/1348"}],"wp:attachment":[{"href":"https:\/\/marina-inc.com\/fr\/wp-json\/wp\/v2\/media?parent=1466"}],"curies":[{"name":"wp","href":"https:\/\/api.w.org\/{rel}","templated":true}]}}